{"id":702,"date":"2018-02-19T15:09:36","date_gmt":"2018-02-19T14:09:36","guid":{"rendered":"http:\/\/www.camping-strasbourg.com\/de\/contact\/"},"modified":"2025-10-01T09:11:48","modified_gmt":"2025-10-01T07:11:48","slug":"kontakt","status":"publish","type":"page","link":"https:\/\/www.camping-strasbourg.com\/de\/kontakt\/","title":{"rendered":"Contact"},"content":{"rendered":"<div class=\"wpb-content-wrapper\"><p>[vc_row][vc_column]<div class=\"wrappedcontent\">[vc_column_text css=&#8220;.vc_custom_1759302706501{padding-top: 15px !important;padding-right: 15px !important;padding-bottom: 15px !important;padding-left: 15px !important;background-color: #e8e8e8 !important;}&#8220;]<\/p>\n<p style=\"text-align: center;\"><span style=\"font-size: 14pt;\"><strong><span style=\"color: #d78200;\">Sie haben bereits einen Aufenthalt bei uns verbracht und m\u00f6chten eine Reklamation einreichen?<\/span><br \/>\n<\/strong><\/span><span style=\"color: #333333;\">F\u00fcr eine leichtere Bearbeitung bitten wir Sie, das spezielle Reklamationsformular <span style=\"text-decoration: underline;\"><a style=\"color: #333333; text-decoration: underline;\" href=\"https:\/\/huttopia.wizville.fr\/survey\/campaign\/3247?placeid=907&amp;language=de\" target=\"_blank\" rel=\"noopener noreferrer\">hier zu benutzen<\/a><\/span>.<\/span><\/p>\n<p>[\/vc_column_text][vc_empty_space height=&#8220;20px&#8220;][vc_column_text]<\/p>\n<p style=\"text-align: center;\"><span style=\"color: #333333; font-size: 14pt;\">F\u00fcr alle anderen Anfragen nutzen Sie bitte das Formular unten.<\/span><\/p>\n<p>[\/vc_column_text]<\/div>[\/vc_column][\/vc_row]<\/p>\n<\/div>","protected":false},"excerpt":{"rendered":"<p>[vc_row][vc_column][\/vc_column][\/vc_row]<\/p>\n","protected":false},"author":1,"featured_media":0,"parent":0,"menu_order":0,"comment_status":"closed","ping_status":"closed","template":"templates\/page-contact.php","meta":{"footnotes":""},"class_list":["post-702","page","type-page","status-publish","hentry"],"yoast_head":"<!-- This site is optimized with the Yoast SEO plugin v25.6 - https:\/\/yoast.com\/wordpress\/plugins\/seo\/ -->\n<title>Kontakt - Camping de Strasbourg<\/title>\n<meta name=\"description\" content=\"Wir m\u00f6chten, dass Ihr Aufenthalt in Huttopia so erfolgreich wie m\u00f6glich verl\u00e4uft. F\u00fcr jede Bemerkung oder Frage, k\u00f6nnen Sie uns durch unser Formular kontaktieren. Wir werden Ihnen so schnell wie m\u00f6glich antworten.\" \/>\n<meta name=\"robots\" content=\"index, follow, max-snippet:-1, max-image-preview:large, max-video-preview:-1\" \/>\n<link rel=\"canonical\" href=\"https:\/\/www.camping-strasbourg.com\/de\/kontakt\/\" \/>\n<meta property=\"og:locale\" content=\"de_DE\" \/>\n<meta property=\"og:type\" content=\"article\" \/>\n<meta property=\"og:title\" content=\"Kontakt - Camping de Strasbourg\" \/>\n<meta property=\"og:description\" content=\"Wir m\u00f6chten, dass Ihr Aufenthalt in Huttopia so erfolgreich wie m\u00f6glich verl\u00e4uft. F\u00fcr jede Bemerkung oder Frage, k\u00f6nnen Sie uns durch unser Formular kontaktieren. Wir werden Ihnen so schnell wie m\u00f6glich antworten.\" \/>\n<meta property=\"og:url\" content=\"https:\/\/www.camping-strasbourg.com\/de\/kontakt\/\" \/>\n<meta property=\"og:site_name\" content=\"Camping de Strasbourg\" \/>\n<meta property=\"article:modified_time\" content=\"2025-10-01T07:11:48+00:00\" \/>\n<meta name=\"twitter:card\" content=\"summary_large_image\" \/>\n<meta name=\"twitter:label1\" content=\"Est. reading time\" \/>\n\t<meta name=\"twitter:data1\" content=\"1 Minute\" \/>\n<script type=\"application\/ld+json\" class=\"yoast-schema-graph\">{\"@context\":\"https:\/\/schema.org\",\"@graph\":[{\"@type\":\"WebPage\",\"@id\":\"https:\/\/www.camping-strasbourg.com\/de\/kontakt\/\",\"url\":\"https:\/\/www.camping-strasbourg.com\/de\/kontakt\/\",\"name\":\"Kontakt - Camping de Strasbourg\",\"isPartOf\":{\"@id\":\"https:\/\/www.camping-strasbourg.com\/de\/#website\"},\"datePublished\":\"2018-02-19T14:09:36+00:00\",\"dateModified\":\"2025-10-01T07:11:48+00:00\",\"description\":\"Wir m\u00f6chten, dass Ihr Aufenthalt in Huttopia so erfolgreich wie m\u00f6glich verl\u00e4uft. F\u00fcr jede Bemerkung oder Frage, k\u00f6nnen Sie uns durch unser Formular kontaktieren. Wir werden Ihnen so schnell wie m\u00f6glich antworten.\",\"breadcrumb\":{\"@id\":\"https:\/\/www.camping-strasbourg.com\/de\/kontakt\/#breadcrumb\"},\"inLanguage\":\"de-DE\",\"potentialAction\":[{\"@type\":\"ReadAction\",\"target\":[\"https:\/\/www.camping-strasbourg.com\/de\/kontakt\/\"]}]},{\"@type\":\"BreadcrumbList\",\"@id\":\"https:\/\/www.camping-strasbourg.com\/de\/kontakt\/#breadcrumb\",\"itemListElement\":[{\"@type\":\"ListItem\",\"position\":1,\"name\":\"Accueil\",\"item\":\"https:\/\/www.camping-strasbourg.com\/de\/\"},{\"@type\":\"ListItem\",\"position\":2,\"name\":\"Contact\"}]},{\"@type\":\"WebSite\",\"@id\":\"https:\/\/www.camping-strasbourg.com\/de\/#website\",\"url\":\"https:\/\/www.camping-strasbourg.com\/de\/\",\"name\":\"Camping de Strasbourg\",\"description\":\"Un site utilisant Citykamp\",\"potentialAction\":[{\"@type\":\"SearchAction\",\"target\":{\"@type\":\"EntryPoint\",\"urlTemplate\":\"https:\/\/www.camping-strasbourg.com\/de\/?s={search_term_string}\"},\"query-input\":{\"@type\":\"PropertyValueSpecification\",\"valueRequired\":true,\"valueName\":\"search_term_string\"}}],\"inLanguage\":\"de-DE\"}]}<\/script>\n<!-- \/ Yoast SEO plugin. -->","yoast_head_json":{"title":"Kontakt - Camping de Strasbourg","description":"Wir m\u00f6chten, dass Ihr Aufenthalt in Huttopia so erfolgreich wie m\u00f6glich verl\u00e4uft. F\u00fcr jede Bemerkung oder Frage, k\u00f6nnen Sie uns durch unser Formular kontaktieren. Wir werden Ihnen so schnell wie m\u00f6glich antworten.","robots":{"index":"index","follow":"follow","max-snippet":"max-snippet:-1","max-image-preview":"max-image-preview:large","max-video-preview":"max-video-preview:-1"},"canonical":"https:\/\/www.camping-strasbourg.com\/de\/kontakt\/","og_locale":"de_DE","og_type":"article","og_title":"Kontakt - Camping de Strasbourg","og_description":"Wir m\u00f6chten, dass Ihr Aufenthalt in Huttopia so erfolgreich wie m\u00f6glich verl\u00e4uft. F\u00fcr jede Bemerkung oder Frage, k\u00f6nnen Sie uns durch unser Formular kontaktieren. Wir werden Ihnen so schnell wie m\u00f6glich antworten.","og_url":"https:\/\/www.camping-strasbourg.com\/de\/kontakt\/","og_site_name":"Camping de Strasbourg","article_modified_time":"2025-10-01T07:11:48+00:00","twitter_card":"summary_large_image","twitter_misc":{"Est. reading time":"1 Minute"},"schema":{"@context":"https:\/\/schema.org","@graph":[{"@type":"WebPage","@id":"https:\/\/www.camping-strasbourg.com\/de\/kontakt\/","url":"https:\/\/www.camping-strasbourg.com\/de\/kontakt\/","name":"Kontakt - Camping de Strasbourg","isPartOf":{"@id":"https:\/\/www.camping-strasbourg.com\/de\/#website"},"datePublished":"2018-02-19T14:09:36+00:00","dateModified":"2025-10-01T07:11:48+00:00","description":"Wir m\u00f6chten, dass Ihr Aufenthalt in Huttopia so erfolgreich wie m\u00f6glich verl\u00e4uft. F\u00fcr jede Bemerkung oder Frage, k\u00f6nnen Sie uns durch unser Formular kontaktieren. Wir werden Ihnen so schnell wie m\u00f6glich antworten.","breadcrumb":{"@id":"https:\/\/www.camping-strasbourg.com\/de\/kontakt\/#breadcrumb"},"inLanguage":"de-DE","potentialAction":[{"@type":"ReadAction","target":["https:\/\/www.camping-strasbourg.com\/de\/kontakt\/"]}]},{"@type":"BreadcrumbList","@id":"https:\/\/www.camping-strasbourg.com\/de\/kontakt\/#breadcrumb","itemListElement":[{"@type":"ListItem","position":1,"name":"Accueil","item":"https:\/\/www.camping-strasbourg.com\/de\/"},{"@type":"ListItem","position":2,"name":"Contact"}]},{"@type":"WebSite","@id":"https:\/\/www.camping-strasbourg.com\/de\/#website","url":"https:\/\/www.camping-strasbourg.com\/de\/","name":"Camping de Strasbourg","description":"Un site utilisant Citykamp","potentialAction":[{"@type":"SearchAction","target":{"@type":"EntryPoint","urlTemplate":"https:\/\/www.camping-strasbourg.com\/de\/?s={search_term_string}"},"query-input":{"@type":"PropertyValueSpecification","valueRequired":true,"valueName":"search_term_string"}}],"inLanguage":"de-DE"}]}},"_links":{"self":[{"href":"https:\/\/www.camping-strasbourg.com\/de\/wp-json\/wp\/v2\/pages\/702","targetHints":{"allow":["GET"]}}],"collection":[{"href":"https:\/\/www.camping-strasbourg.com\/de\/wp-json\/wp\/v2\/pages"}],"about":[{"href":"https:\/\/www.camping-strasbourg.com\/de\/wp-json\/wp\/v2\/types\/page"}],"author":[{"embeddable":true,"href":"https:\/\/www.camping-strasbourg.com\/de\/wp-json\/wp\/v2\/users\/1"}],"replies":[{"embeddable":true,"href":"https:\/\/www.camping-strasbourg.com\/de\/wp-json\/wp\/v2\/comments?post=702"}],"version-history":[{"count":2,"href":"https:\/\/www.camping-strasbourg.com\/de\/wp-json\/wp\/v2\/pages\/702\/revisions"}],"predecessor-version":[{"id":6362,"href":"https:\/\/www.camping-strasbourg.com\/de\/wp-json\/wp\/v2\/pages\/702\/revisions\/6362"}],"wp:attachment":[{"href":"https:\/\/www.camping-strasbourg.com\/de\/wp-json\/wp\/v2\/media?parent=702"}],"curies":[{"name":"wp","href":"https:\/\/api.w.org\/{rel}","templated":true}]}}