{"id":703,"date":"2018-01-31T17:26:24","date_gmt":"2018-01-31T16:26:24","guid":{"rendered":"http:\/\/www.camping-strasbourg.com\/de\/accueil\/"},"modified":"2026-02-24T15:08:44","modified_gmt":"2026-02-24T14:08:44","slug":"accueil","status":"publish","type":"page","link":"https:\/\/www.camping-strasbourg.com\/de\/","title":{"rendered":"Accueil"},"content":{"rendered":"<div class=\"wpb-content-wrapper\"><p>[vc_row][vc_column]<div class=\"wrappedcontent\">[vc_empty_space height=&#8220;60&#8243;][vc_column_text]<\/p>\n<h2 style=\"text-align: center;\">EINE EINZIGARTIGE CAMPINGUMGEBUNG IM HERZEN VON STRASBOURG<\/h2>\n<p style=\"text-align: center;\"><span style=\"color: #e84e1b; font-size: 14pt;\">Ganzj\u00e4hrig ge\u00f6ffnet<\/span><\/p>\n<p style=\"text-align: center;\">Die Camping de Strasbourg ist der ideale Campingplatz f\u00fcr die Entdeckung dieser wundersch\u00f6nen Stadt \u2013 ganz gleich zu welcher Jahreszeit.<\/p>\n<p>[\/vc_column_text][vc_empty_space height=&#8220;20px&#8220;][vc_row_inner gap=&#8220;30&#8243; css=&#8220;.vc_custom_1718007376512{margin-left: -0.5px !important;}&#8220;][vc_column_inner width=&#8220;1\/4&#8243;][vc_single_image image=&#8220;4643&#8243; img_size=&#8220;600*500&#8243; alignment=&#8220;center&#8220;][vc_column_text css=&#8220;.vc_custom_1700751054082{padding-top: 20px !important;padding-bottom: 20px !important;}&#8220;]<\/p>\n<p style=\"text-align: center;\"><span style=\"color: #e84e1b;\"><strong><span style=\"font-size: 18pt;\">Genie\u00dfen Sie 100 % Natur mitten in der Stadt!<\/span><\/strong><\/span><\/p>\n<p>[\/vc_column_text][vc_column_text]<\/p>\n<p style=\"text-align: center;\">Dank seiner au\u00dfergew\u00f6hnlichen Lage mitten im Gr\u00fcnen am Ufer eines Flusses im Stadtteil Montagne Verte, finden Sie am Camping de Strasbourg ein ideales Umfeld zum Erholen und Auftanken.<\/p>\n<p>[\/vc_column_text][\/vc_column_inner][vc_column_inner width=&#8220;1\/4&#8243;][vc_single_image image=&#8220;4649&#8243; img_size=&#8220;600*500&#8243; alignment=&#8220;center&#8220;][vc_column_text css=&#8220;.vc_custom_1700751074666{padding-top: 20px !important;padding-bottom: 20px !important;}&#8220;]<\/p>\n<p style=\"text-align: center;\"><span style=\"color: #e84e1b;\"><strong><span style=\"font-size: 18pt;\">Stra\u00dfburg bequem erreichbar\u2026<\/span><\/strong><\/span><\/p>\n<p>[\/vc_column_text][vc_column_text]<\/p>\n<p style=\"text-align: center;\">Ein erstklassiger Ausgangspunkt f\u00fcr die Besichtigung Stra\u00dfburgs: ein Radweg gleich vor der Haust\u00fcre, ein paar Meter weiter \u00f6ffentliche Verkehrsmittel, der Bahnhof in n\u00e4chster N\u00e4he\u2026<\/p>\n<p>[\/vc_column_text][\/vc_column_inner][vc_column_inner width=&#8220;1\/4&#8243;][vc_single_image image=&#8220;4655&#8243; img_size=&#8220;600*500&#8243; alignment=&#8220;center&#8220;][vc_column_text css=&#8220;.vc_custom_1700751086786{padding-top: 20px !important;padding-bottom: 20px !important;}&#8220;]<\/p>\n<p style=\"text-align: center;\"><span style=\"color: #e84e1b;\"><strong><span style=\"font-size: 18pt;\">Unterk\u00fcnfte mit allem Komfort<\/span><\/strong><\/span><\/p>\n<p>[\/vc_column_text][vc_column_text]<\/p>\n<p style=\"text-align: center;\">\u00dcbernachten Sie in atypischen Unterk\u00fcnften, komfortabel wie im Hotel und umgeben von frischer Luft. Chalets, Mobilheime, Zigeunerw\u00e4gen, Bungalowzelte\u2026 Campen Sie ganz nach Ihrem Geschmack!<\/p>\n<p>[\/vc_column_text][\/vc_column_inner][vc_column_inner width=&#8220;1\/4&#8243;][vc_single_image image=&#8220;5614&#8243; img_size=&#8220;600*500&#8243; alignment=&#8220;center&#8220;][vc_column_text css=&#8220;.vc_custom_1700751172627{padding-top: 20px !important;padding-bottom: 20px !important;}&#8220;]<\/p>\n<p style=\"text-align: center;\"><span style=\"color: #e84e1b;\"><strong><span style=\"font-size: 18pt;\">Gesch\u00e4ftsreisen<\/span><\/strong><\/span><\/p>\n<p>[\/vc_column_text][vc_column_text]<\/p>\n<p style=\"text-align: center;\">Die beste Alternative zum Hotel \u2013 auch f\u00fcr Ihre Gesch\u00e4ftsreisen. In dieser gr\u00fcnen Oase mitten in der europ\u00e4ischen und els\u00e4ssischen Hauptstadt l\u00e4sst es sich nach einem Arbeitstag herrlich entspannen.<\/p>\n<p>[\/vc_column_text][\/vc_column_inner][\/vc_row_inner][vc_empty_space height=&#8220;20px&#8220;]<div class=\"text-center btnwrap\"><a class=\"btn btn-huttopia-cta\" href=\"http:\/\/checkout.citykamp.com\/site\/de\/907\" role=\"button\" target=\"\" onclick=\"dataLayer.push({'event':'clickCity', 'clickText':'Aufenthalt buchen'})\">Aufenthalt buchen<\/a><\/div><\/div>[\/vc_column][\/vc_row][vc_row css=&#8220;.vc_custom_1700672335955{background-color: rgba(232,78,27,0.2) !important;*background-color: rgb(232,78,27) !important;}&#8220;][vc_column]<div class=\"wrappedcontent\">[vc_column_text]<\/p>\n<h3 style=\"text-align: center;\"><strong><span style=\"font-size: 18pt;\">PROFITIEREN SIE VON HOCHWERTIGEN SERVICELEISTUNGEN UND AUSSTATTUNGEN<\/span><\/strong><\/h3>\n<p>[\/vc_column_text][vc_empty_space height=&#8220;50px&#8220;][vc_row_inner css=&#8220;.vc_custom_1718007384632{margin-left: -0.5px !important;}&#8220;][vc_column_inner width=&#8220;1\/5&#8243;][vc_single_image image=&#8220;5653&#8243; img_size=&#8220;71*71&#8243; alignment=&#8220;center&#8220;][vc_empty_space][vc_column_text]<\/p>\n<p style=\"text-align: center;\">Gratisparkplatz<\/p>\n<p>[\/vc_column_text][\/vc_column_inner][vc_column_inner width=&#8220;1\/5&#8243;][vc_single_image image=&#8220;5659&#8243; img_size=&#8220;71*71&#8243; alignment=&#8220;center&#8220;][vc_empty_space][vc_column_text]<\/p>\n<p style=\"text-align: center;\">Verpflegung<\/p>\n<p>[\/vc_column_text][\/vc_column_inner][vc_column_inner width=&#8220;1\/5&#8243;][vc_single_image image=&#8220;5665&#8243; img_size=&#8220;71*71&#8243; alignment=&#8220;center&#8220;][vc_empty_space][vc_column_text]<\/p>\n<p style=\"text-align: center;\">Beheiztes Schwimmbad<br \/>\n(je nach Saison)<\/p>\n<p>[\/vc_column_text][\/vc_column_inner][vc_column_inner width=&#8220;1\/5&#8243;][vc_single_image image=&#8220;5671&#8243; img_size=&#8220;71*71&#8243; alignment=&#8220;center&#8220;][vc_empty_space][vc_column_text]<\/p>\n<p style=\"text-align: center;\">Bettw\u00e4sche- und Handt\u00fccher inkl.<\/p>\n<p>[\/vc_column_text][\/vc_column_inner][vc_column_inner width=&#8220;1\/5&#8243;][vc_single_image image=&#8220;5677&#8243; img_size=&#8220;71*71&#8243; alignment=&#8220;center&#8220;][vc_empty_space][vc_column_text]<\/p>\n<p style=\"text-align: center;\">Fahrradverleih<\/p>\n<p>[\/vc_column_text][\/vc_column_inner][\/vc_row_inner]<\/div>[\/vc_column][\/vc_row][vc_row][vc_column]<div class=\"wrappedcontent\">[vc_row_inner gap=&#8220;10&#8243; css=&#8220;.vc_custom_1718007391071{margin-left: -0.5px !important;}&#8220;][vc_column_inner width=&#8220;1\/4&#8243;][vc_masonry_media_grid element_width=&#8220;12&#8243; gap=&#8220;0&#8243; item=&#8220;752&#8243; grid_id=&#8220;vc_gid:1762272801168-154ffa50-aa8e-2&#8243; include=&#8220;5621&#8243;][\/vc_column_inner][vc_column_inner width=&#8220;1\/4&#8243;][vc_masonry_media_grid element_width=&#8220;12&#8243; gap=&#8220;0&#8243; item=&#8220;753&#8243; grid_id=&#8220;vc_gid:1762272801169-f85b21a2-8ce2-3&#8243; include=&#8220;5627&#8243;][\/vc_column_inner][vc_column_inner width=&#8220;1\/4&#8243;][vc_masonry_media_grid element_width=&#8220;12&#8243; gap=&#8220;0&#8243; item=&#8220;754&#8243; grid_id=&#8220;vc_gid:1762272801170-7a550205-f77d-1&#8243; include=&#8220;5633&#8243;][\/vc_column_inner][vc_column_inner width=&#8220;1\/4&#8243;][vc_masonry_media_grid element_width=&#8220;12&#8243; gap=&#8220;0&#8243; item=&#8220;755&#8243; grid_id=&#8220;vc_gid:1762272801171-ee1b74c8-c82e-1&#8243; include=&#8220;5639&#8243;][\/vc_column_inner][\/vc_row_inner][vc_empty_space height=&#8220;50px&#8220;][vc_row_inner gap=&#8220;35&#8243; css=&#8220;.vc_custom_1700673490123{margin-left: -0.5px !important;border-radius: 10px !important;}&#8220;][vc_column_inner width=&#8220;1\/3&#8243;][vc_masonry_media_grid element_width=&#8220;12&#8243; gap=&#8220;0&#8243; grid_id=&#8220;vc_gid:1762272801171-a2a63876-3fb6-9&#8243; include=&#8220;5419&#8243;][\/vc_column_inner][vc_column_inner width=&#8220;2\/3&#8243;][vc_empty_space][vc_column_text]<\/p>\n<h2><span style=\"color: #e94e1b;\">CAMPING CARD<\/span><\/h2>\n<p><span style=\"font-size: 12pt;\">Campen Sie ab <span style=\"color: #e84e1b;\"><strong>15\u20ac<\/strong><\/span>* pro \u00dcbernachtung mit der <span style=\"color: #e94e1b;\"><a style=\"color: #e94e1b;\" href=\"https:\/\/www.citykamp.com\/de\/camping-card\/\"><span style=\"text-decoration: underline;\">Camping Card<\/span><\/a><\/span>\u00a0Huttopia.<\/span><br \/>\n<span style=\"font-size: 12pt;\">Profitieren Sie von reduzierten Preisen und Gratis\u00fcbernachtungen in der Vor- und Nachsaison auf allen <span style=\"text-decoration: underline; color: #e94e1b;\"><a style=\"color: #e94e1b; text-decoration: underline;\" href=\"https:\/\/www.citykamp.com\/de\/reiseziele\/\">CityKamp<\/a><\/span> Campingpl\u00e4tzen, <span style=\"text-decoration: underline; color: #e94e1b;\"><a style=\"color: #e94e1b; text-decoration: underline;\" href=\"https:\/\/www.onlycamp.fr\/en\/\">Onlycamp<\/a><\/span> en <span style=\"text-decoration: underline; color: #e94e1b;\"><a style=\"color: #e94e1b; text-decoration: underline;\" href=\"https:\/\/europe.huttopia.com\/de\/destinations\/campings\/\">Huttopia Campingpl\u00e4tzen<\/a><\/span>.<\/span><\/p>\n<p><em><span style=\"font-size: 10pt;\">*Preis beinhaltet 1 Stellplatz f\u00fcr 2 Personen mit Stromanschluss (+ Haustier gratis)<\/span><\/em>[\/vc_column_text]<div class=\"text-center btnwrap\"><a class=\"btn btn-huttopia-cta\" href=\"https:\/\/www.citykamp.com\/de\/camping-card\/\" role=\"button\" target=\"\" onclick=\"dataLayer.push({'event':'clickCity', 'clickText':'Mehr erfahren'})\">Mehr erfahren<\/a><\/div>[\/vc_column_inner][\/vc_row_inner][vc_empty_space height=&#8220;50px&#8220;]<\/div>[\/vc_column][\/vc_row][vc_row css=&#8220;.vc_custom_1700672733306{background-color: rgba(232,78,27,0.2) !important;*background-color: rgb(232,78,27) !important;}&#8220;][vc_column]<div class=\"wrappedcontent\">[vc_column_text]<\/p>\n<h3 style=\"text-align: center;\"><strong><span style=\"font-size: 18pt;\">WIE KOMMT MAN HIERHER?<\/span><\/strong><\/h3>\n<p style=\"text-align: center;\">GPS-Koordinaten:<br \/>\n<strong>Breitengrad<\/strong>\u00a048.5745 |\u00a0<strong>L\u00e4ngengrad <\/strong>7.71742<\/p>\n<p>[\/vc_column_text][vc_empty_space][vc_row_inner css=&#8220;.vc_custom_1718007401904{margin-left: -0.5px !important;}&#8220;][vc_column_inner width=&#8220;1\/3&#8243;][vc_single_image image=&#8220;5683&#8243; img_size=&#8220;71*71&#8243; alignment=&#8220;center&#8220;][vc_empty_space][vc_column_text]<\/p>\n<ul>\n<li>Von Paris: A4, Ausfahrt 4 &#8222;Porte de Schirmeck&#8220;.<\/li>\n<li>Von Lyon: A35, Ausfahrt &#8222;Strasbourg centre&#8220;.<\/li>\n<\/ul>\n<p>[\/vc_column_text][\/vc_column_inner][vc_column_inner width=&#8220;1\/3&#8243;][vc_single_image image=&#8220;5689&#8243; img_size=&#8220;71*71&#8243; alignment=&#8220;center&#8220;][vc_empty_space][vc_column_text]<\/p>\n<p style=\"text-align: center;\">Bahnhof SNCF :<br \/>\nStra\u00dfburg (5 km)<\/p>\n<p>[\/vc_column_text][\/vc_column_inner][vc_column_inner width=&#8220;1\/3&#8243;][vc_single_image image=&#8220;5695&#8243; img_size=&#8220;71*71&#8243; alignment=&#8220;center&#8220;][vc_empty_space][vc_column_text]<\/p>\n<p style=\"text-align: center;\">Flughafen:<br \/>\nStra\u00dfburg-Entzheim (14 km)<\/p>\n<p>[\/vc_column_text][\/vc_column_inner][\/vc_row_inner]<\/div>[vc_row_inner css=&#8220;.vc_custom_1718007356712{margin-left: -0.5px !important;background-color: rgba(232,78,27,0.2) !important;*background-color: rgb(232,78,27) !important;}&#8220;][vc_column_inner][vc_column_text css=&#8220;.vc_custom_1700751020665{padding-top: 20px !important;padding-bottom: 20px !important;}&#8220;]<\/p>\n<p style=\"text-align: center;\"><strong><span style=\"color: #000000;\">CRIT&#8217;AIR<\/span><\/strong><\/p>\n<p style=\"text-align: center;\"><span style=\"color: #000000;\">Mit dem Ziel, die Luftverschmutzung einzud\u00e4mmen, ist seit dem 1. Januar 2022 in Stra\u00dfburg und der Eurometropole eine feste Umweltzone (ZFE-m) eingerichtet.<br \/>\n<\/span><span style=\"color: #000000;\">Um in der Umweltzone fahren zu d\u00fcrfen, m\u00fcssen Sie zwingend eine Crit\u2018Air-Plakette an der Windschutzscheibe Ihres Fahrzeugs anbringen. Denken Sie daran, bevor Sie nach Stra\u00dfburg kommen!<br \/>\nFahrzeuge der Kategorie Crit\u2018Air 5 und Crit\u2018Air 4 d\u00fcrfen in Stra\u00dfburg und der Eurometropole nicht fahren.<br \/>\n<\/span><span style=\"text-decoration: underline;\"><span style=\"color: #000000;\"><a style=\"color: #000000; text-decoration: underline;\" href=\"https:\/\/int.strasbourg.eu\/en\/lez\">Mehr erfahren<\/a><\/span><\/span><\/p>\n<p>[\/vc_column_text][\/vc_column_inner][\/vc_row_inner][\/vc_column][\/vc_row][vc_row][vc_column]<div class=\"wrappedcontent\"><div class=\"text-center btnwrap\"><a class=\"btn btn-huttopia-cta\" href=\"https:\/\/media.huttopia.com\/destinations\/strasbourg\/plan-citykamp-camping-strasbourg.pdf\" role=\"button\" target=\"true\" onclick=\"dataLayer.push({'event':'clickCity', 'clickText':'PLATZPLAN'})\">PLATZPLAN<\/a><\/div>[vc_empty_space][vc_row_inner css=&#8220;.vc_custom_1718007408667{margin-left: -0.5px !important;}&#8220;][vc_column_inner width=&#8220;1\/4&#8243;][vc_single_image image=&#8220;5701&#8243; img_size=&#8220;71*71&#8243; alignment=&#8220;center&#8220;][vc_empty_space][vc_column_text]<\/p>\n<p style=\"text-align: center;\"><span style=\"font-size: 12pt;\">4<\/span><\/p>\n<p>[\/vc_column_text][\/vc_column_inner][vc_column_inner width=&#8220;1\/4&#8243;][vc_single_image image=&#8220;5707&#8243; img_size=&#8220;71*71&#8243; alignment=&#8220;center&#8220;][vc_empty_space][vc_column_text]<\/p>\n<p style=\"text-align: center;\"><span style=\"font-size: 12pt;\">Gesamtfl\u00e4che: 3 ha<\/span><\/p>\n<p>[\/vc_column_text][\/vc_column_inner][vc_column_inner width=&#8220;1\/4&#8243;][vc_single_image image=&#8220;5713&#8243; img_size=&#8220;71*71&#8243; alignment=&#8220;center&#8220;][vc_empty_space][vc_column_text]<\/p>\n<p style=\"text-align: center;\"><span style=\"font-size: 12pt;\">195 Stellpl\u00e4tze<\/span><\/p>\n<p>[\/vc_column_text][\/vc_column_inner][vc_column_inner width=&#8220;1\/4&#8243;][vc_single_image image=&#8220;5719&#8243; img_size=&#8220;71*71&#8243; alignment=&#8220;center&#8220;][vc_empty_space][vc_column_text]<\/p>\n<p style=\"text-align: center;\">Barrierefreier Campingplatz<\/p>\n<p>[\/vc_column_text][\/vc_column_inner][\/vc_row_inner]<\/div>[\/vc_column][\/vc_row]<\/p>\n<\/div>","protected":false},"excerpt":{"rendered":"<p>[vc_row][vc_column][\/vc_column][\/vc_row][vc_row css=&#8220;.vc_custom_1700672335955{background-color: rgba(232,78,27,0.2) !important;*background-color: rgb(232,78,27) !important;}&#8220;][vc_column][\/vc_column][\/vc_row][vc_row][vc_column][\/vc_column][\/vc_row][vc_row css=&#8220;.vc_custom_1700672733306{background-color: rgba(232,78,27,0.2) !important;*background-color: rgb(232,78,27) !important;}&#8220;][vc_column][vc_row_inner css=&#8220;.vc_custom_1718007356712{margin-left: -0.5px !important;background-color: rgba(232,78,27,0.2) !important;*background-color: rgb(232,78,27) !important;}&#8220;][vc_column_inner][vc_column_text css=&#8220;.vc_custom_1700751020665{padding-top: 20px !important;padding-bottom: 20px !important;}&#8220;] CRIT&#8217;AIR Mit dem Ziel, die Luftverschmutzung einzud\u00e4mmen, ist seit dem 1. Januar 2022 in Stra\u00dfburg und der Eurometropole eine feste Umweltzone (ZFE-m) eingerichtet. Um in der Umweltzone fahren zu d\u00fcrfen, m\u00fcssen Sie &hellip;<\/p>\n","protected":false},"author":1,"featured_media":0,"parent":0,"menu_order":0,"comment_status":"closed","ping_status":"closed","template":"templates\/page-home.php","meta":{"footnotes":""},"class_list":["post-703","page","type-page","status-publish","hentry"],"yoast_head":"<!-- This site is optimized with the Yoast SEO plugin v25.6 - https:\/\/yoast.com\/wordpress\/plugins\/seo\/ -->\n<title>Camping de Strasbourg \u2013 \u00dcbernachten Sie in einer au\u00dfergew\u00f6hnlichen nat\u00fcrlichen Umgebung<\/title>\n<meta name=\"description\" content=\"Der ideale Campingplatz, um die wundersch\u00f6ne Stadt Stra\u00dfburg und die Region Elsass zu jeder Jahreszeit zu entdecken.\" \/>\n<meta name=\"robots\" content=\"index, follow, max-snippet:-1, max-image-preview:large, max-video-preview:-1\" \/>\n<link rel=\"canonical\" href=\"https:\/\/www.camping-strasbourg.com\/de\/\" \/>\n<meta property=\"og:locale\" content=\"de_DE\" \/>\n<meta property=\"og:type\" content=\"article\" \/>\n<meta property=\"og:title\" content=\"Camping de Strasbourg \u2013 \u00dcbernachten Sie in einer au\u00dfergew\u00f6hnlichen nat\u00fcrlichen Umgebung\" \/>\n<meta property=\"og:description\" content=\"Der ideale Campingplatz, um die wundersch\u00f6ne Stadt Stra\u00dfburg und die Region Elsass zu jeder Jahreszeit zu entdecken.\" \/>\n<meta property=\"og:url\" content=\"https:\/\/www.camping-strasbourg.com\/de\/\" \/>\n<meta property=\"og:site_name\" content=\"Camping de Strasbourg\" \/>\n<meta property=\"article:modified_time\" content=\"2026-02-24T14:08:44+00:00\" \/>\n<meta property=\"og:image\" content=\"https:\/\/www.camping-strasbourg.com\/uploads\/sites\/6\/2022\/11\/ck_strasbourg_header_2.jpg\" \/>\n\t<meta property=\"og:image:width\" content=\"1440\" \/>\n\t<meta property=\"og:image:height\" content=\"700\" \/>\n\t<meta property=\"og:image:type\" content=\"image\/jpeg\" \/>\n<meta name=\"twitter:card\" content=\"summary_large_image\" \/>\n<meta name=\"twitter:label1\" content=\"Est. reading time\" \/>\n\t<meta name=\"twitter:data1\" content=\"3 Minuten\" \/>\n<script type=\"application\/ld+json\" class=\"yoast-schema-graph\">{\"@context\":\"https:\/\/schema.org\",\"@graph\":[{\"@type\":\"WebPage\",\"@id\":\"https:\/\/www.camping-strasbourg.com\/de\/\",\"url\":\"https:\/\/www.camping-strasbourg.com\/de\/\",\"name\":\"Camping de Strasbourg \u2013 \u00dcbernachten Sie in einer au\u00dfergew\u00f6hnlichen nat\u00fcrlichen Umgebung\",\"isPartOf\":{\"@id\":\"https:\/\/www.camping-strasbourg.com\/de\/#website\"},\"datePublished\":\"2018-01-31T16:26:24+00:00\",\"dateModified\":\"2026-02-24T14:08:44+00:00\",\"description\":\"Der ideale Campingplatz, um die wundersch\u00f6ne Stadt Stra\u00dfburg und die Region Elsass zu jeder Jahreszeit zu entdecken.\",\"breadcrumb\":{\"@id\":\"https:\/\/www.camping-strasbourg.com\/de\/#breadcrumb\"},\"inLanguage\":\"de-DE\",\"potentialAction\":[{\"@type\":\"ReadAction\",\"target\":[\"https:\/\/www.camping-strasbourg.com\/de\/\"]}]},{\"@type\":\"BreadcrumbList\",\"@id\":\"https:\/\/www.camping-strasbourg.com\/de\/#breadcrumb\",\"itemListElement\":[{\"@type\":\"ListItem\",\"position\":1,\"name\":\"Accueil\",\"item\":\"https:\/\/www.camping-strasbourg.com\/de\/\"},{\"@type\":\"ListItem\",\"position\":2,\"name\":\"Accueil\"}]},{\"@type\":\"WebSite\",\"@id\":\"https:\/\/www.camping-strasbourg.com\/de\/#website\",\"url\":\"https:\/\/www.camping-strasbourg.com\/de\/\",\"name\":\"Camping de Strasbourg\",\"description\":\"Un site utilisant Citykamp\",\"potentialAction\":[{\"@type\":\"SearchAction\",\"target\":{\"@type\":\"EntryPoint\",\"urlTemplate\":\"https:\/\/www.camping-strasbourg.com\/de\/?s={search_term_string}\"},\"query-input\":{\"@type\":\"PropertyValueSpecification\",\"valueRequired\":true,\"valueName\":\"search_term_string\"}}],\"inLanguage\":\"de-DE\"}]}<\/script>\n<!-- \/ Yoast SEO plugin. -->","yoast_head_json":{"title":"Camping de Strasbourg \u2013 \u00dcbernachten Sie in einer au\u00dfergew\u00f6hnlichen nat\u00fcrlichen Umgebung","description":"Der ideale Campingplatz, um die wundersch\u00f6ne Stadt Stra\u00dfburg und die Region Elsass zu jeder Jahreszeit zu entdecken.","robots":{"index":"index","follow":"follow","max-snippet":"max-snippet:-1","max-image-preview":"max-image-preview:large","max-video-preview":"max-video-preview:-1"},"canonical":"https:\/\/www.camping-strasbourg.com\/de\/","og_locale":"de_DE","og_type":"article","og_title":"Camping de Strasbourg \u2013 \u00dcbernachten Sie in einer au\u00dfergew\u00f6hnlichen nat\u00fcrlichen Umgebung","og_description":"Der ideale Campingplatz, um die wundersch\u00f6ne Stadt Stra\u00dfburg und die Region Elsass zu jeder Jahreszeit zu entdecken.","og_url":"https:\/\/www.camping-strasbourg.com\/de\/","og_site_name":"Camping de Strasbourg","article_modified_time":"2026-02-24T14:08:44+00:00","og_image":[{"width":1440,"height":700,"url":"https:\/\/www.camping-strasbourg.com\/uploads\/sites\/6\/2022\/11\/ck_strasbourg_header_2.jpg","type":"image\/jpeg"}],"twitter_card":"summary_large_image","twitter_misc":{"Est. reading time":"3 Minuten"},"schema":{"@context":"https:\/\/schema.org","@graph":[{"@type":"WebPage","@id":"https:\/\/www.camping-strasbourg.com\/de\/","url":"https:\/\/www.camping-strasbourg.com\/de\/","name":"Camping de Strasbourg \u2013 \u00dcbernachten Sie in einer au\u00dfergew\u00f6hnlichen nat\u00fcrlichen Umgebung","isPartOf":{"@id":"https:\/\/www.camping-strasbourg.com\/de\/#website"},"datePublished":"2018-01-31T16:26:24+00:00","dateModified":"2026-02-24T14:08:44+00:00","description":"Der ideale Campingplatz, um die wundersch\u00f6ne Stadt Stra\u00dfburg und die Region Elsass zu jeder Jahreszeit zu entdecken.","breadcrumb":{"@id":"https:\/\/www.camping-strasbourg.com\/de\/#breadcrumb"},"inLanguage":"de-DE","potentialAction":[{"@type":"ReadAction","target":["https:\/\/www.camping-strasbourg.com\/de\/"]}]},{"@type":"BreadcrumbList","@id":"https:\/\/www.camping-strasbourg.com\/de\/#breadcrumb","itemListElement":[{"@type":"ListItem","position":1,"name":"Accueil","item":"https:\/\/www.camping-strasbourg.com\/de\/"},{"@type":"ListItem","position":2,"name":"Accueil"}]},{"@type":"WebSite","@id":"https:\/\/www.camping-strasbourg.com\/de\/#website","url":"https:\/\/www.camping-strasbourg.com\/de\/","name":"Camping de Strasbourg","description":"Un site utilisant Citykamp","potentialAction":[{"@type":"SearchAction","target":{"@type":"EntryPoint","urlTemplate":"https:\/\/www.camping-strasbourg.com\/de\/?s={search_term_string}"},"query-input":{"@type":"PropertyValueSpecification","valueRequired":true,"valueName":"search_term_string"}}],"inLanguage":"de-DE"}]}},"_links":{"self":[{"href":"https:\/\/www.camping-strasbourg.com\/de\/wp-json\/wp\/v2\/pages\/703","targetHints":{"allow":["GET"]}}],"collection":[{"href":"https:\/\/www.camping-strasbourg.com\/de\/wp-json\/wp\/v2\/pages"}],"about":[{"href":"https:\/\/www.camping-strasbourg.com\/de\/wp-json\/wp\/v2\/types\/page"}],"author":[{"embeddable":true,"href":"https:\/\/www.camping-strasbourg.com\/de\/wp-json\/wp\/v2\/users\/1"}],"replies":[{"embeddable":true,"href":"https:\/\/www.camping-strasbourg.com\/de\/wp-json\/wp\/v2\/comments?post=703"}],"version-history":[{"count":5,"href":"https:\/\/www.camping-strasbourg.com\/de\/wp-json\/wp\/v2\/pages\/703\/revisions"}],"predecessor-version":[{"id":6378,"href":"https:\/\/www.camping-strasbourg.com\/de\/wp-json\/wp\/v2\/pages\/703\/revisions\/6378"}],"wp:attachment":[{"href":"https:\/\/www.camping-strasbourg.com\/de\/wp-json\/wp\/v2\/media?parent=703"}],"curies":[{"name":"wp","href":"https:\/\/api.w.org\/{rel}","templated":true}]}}