{"id":708,"date":"2018-02-02T11:59:46","date_gmt":"2018-02-02T10:59:46","guid":{"rendered":"http:\/\/www.camping-strasbourg.com\/de\/region\/"},"modified":"2025-03-04T12:50:45","modified_gmt":"2025-03-04T11:50:45","slug":"region","status":"publish","type":"page","link":"https:\/\/www.camping-strasbourg.com\/de\/region\/","title":{"rendered":"R\u00e9gion"},"content":{"rendered":"<div class=\"wpb-content-wrapper\"><p>[vc_row][vc_column][vc_single_image image=&#8220;6307&#8243; img_size=&#8220;1900&#215;500&#8243; css=&#8220;&#8220;]<div class=\"wrappedcontent\">[vc_column_text]<\/p>\n<h3>Stra\u00dfburg, die europ\u00e4ische und els\u00e4ssische Hauptstadt!<\/h3>\n<p>Die Camping de Strasbourg befindet sich nur 3 km vom historischen Stadtkern entfernt und ist der ideale Ausgangspunkt, um Stra\u00dfburg zu Fu\u00df oder mit dem Rad auf den Radwegen ab der Campinganlage zu entdecken. Die Touristeninformation der Campinganlage befindet sich an der Rezeption.<br \/>\nUnsere Mitarbeiter geben Ihnen gerne die Adressen erstklassiger Stra\u00dfburger Restaurants und weitere Geheimtipps f\u00fcr Ihren Aufenthalt in der els\u00e4ssischen Hauptstadt zu jeder Jahreszeit![\/vc_column_text][vc_row_inner gap=&#8220;35&#8243; css=&#8220;.vc_custom_1718008897215{margin-left: -0.5px !important;}&#8220;][vc_column_inner][vc_masonry_media_grid element_width=&#8220;12&#8243; gap=&#8220;25&#8243; item=&#8220;197&#8243; grid_id=&#8220;vc_gid:1741089151123-f0f23cd7-7ee1-8&#8243; include=&#8220;1957&#8243;][\/vc_column_inner][\/vc_row_inner][vc_empty_space height=&#8220;20px&#8220;]<div class=\"text-center btnwrap\"><a class=\"btn btn-huttopia-cta\" href=\"http:\/\/checkout.citykamp.com\/site\/de\/907\" role=\"button\" target=\"\" onclick=\"dataLayer.push({'event':'clickCity', 'clickText':'Aufenthalt buchen'})\">Aufenthalt buchen<\/a><\/div><\/div>[\/vc_column][\/vc_row][vc_row css=&#8220;.vc_custom_1518793010936{background-color: #e8e8e8 !important;}&#8220;][vc_column]<div class=\"wrappedcontent\">[vc_row_inner gap=&#8220;25&#8243; css=&#8220;.vc_custom_1718008909847{margin-left: -0.5px !important;}&#8220;][vc_column_inner width=&#8220;1\/2&#8243;][vc_column_text]<\/p>\n<h4>Die historische Altstadt \u201eGrande-\u00cele\u201c (UNESCO-Weltkulturerbe)<\/h4>\n<p align=\"justify\">Entdecken Sie den historischen Stadtkern der els\u00e4ssischen Hauptstadt und seine au\u00dfergew\u00f6hnliche kulturelle Vielfalt. Schlendern Sie durch den alten, malerischen Stadtteil Petite France, der einst von Gerbern und M\u00fcllern bewohnt wurde. Mit seinen Fachwerkh\u00e4usern birgt La Petite France ein einzigartiges architektonisches Erbe, und die belebten G\u00e4sschen verleihen dem Stadtteil noch mehr Charme. Der Besuch ist ein Muss!<\/p>\n<p>[\/vc_column_text][\/vc_column_inner][vc_column_inner width=&#8220;1\/2&#8243;][vc_masonry_media_grid element_width=&#8220;12&#8243; gap=&#8220;25&#8243; grid_id=&#8220;vc_gid:1741089151131-937f04c5-1e6e-9&#8243; include=&#8220;1332&#8243;][\/vc_column_inner][\/vc_row_inner]<\/div>[\/vc_column][\/vc_row][vc_row css=&#8220;.vc_custom_1518793247440{background-color: #ffffff !important;}&#8220;][vc_column]<div class=\"wrappedcontent\">[vc_row_inner gap=&#8220;25&#8243; css=&#8220;.vc_custom_1718008915839{margin-left: -0.5px !important;}&#8220;][vc_column_inner width=&#8220;1\/2&#8243;][vc_single_image image=&#8220;1452&#8243; img_size=&#8220;full&#8220;][\/vc_column_inner][vc_column_inner width=&#8220;1\/2&#8243;][vc_column_text]<\/p>\n<h4>Der Stra\u00dfburger M\u00fcnster und das Stadtzentrum<\/h4>\n<p align=\"justify\">Bewundern Sie den imposanten, 142 Meter hohenStra\u00dfburger M\u00fcnster! Ein absolutes Highlight!<\/p>\n<p align=\"justify\">Steigen Sie auf die Plattform in 66 Metern H\u00f6he und genie\u00dfen Sie den atemberaubenden Blick auf die ganze Stadt!<br \/>\nTipp: kostenloser Aufstieg am ersten Sonntag im Monat.<\/p>\n<p align=\"justify\">Das Stadtzentrum rund um den M\u00fcnster ist nicht weniger bemerkenswert und birgt zahlreiche historische und kulturelle Sch\u00e4tze, wie das Haus Kammerzell, das ber\u00fchmteste Stra\u00dfburger Bauwerk. Bewundern Sie dieses alte Kaufmannshaus im Stil der Renaissance, das heute ein renommiertes Restaurant beherbergt.<\/p>\n<p align=\"justify\">Entdecken Sie auch die zahlreichen ber\u00fchmten Gassen und Pl\u00e4tze wie den Place du Ch\u00e2teau mit dem Rohan-Palast, den Place Gutenberg, Place Kl\u00e9ber, Place du March\u00e9-aux-Cochons-de-Lait\u2026<\/p>\n<p>[\/vc_column_text][\/vc_column_inner][\/vc_row_inner]<\/div>[\/vc_column][\/vc_row][vc_row css=&#8220;.vc_custom_1519048199475{background-color: #e8e8e8 !important;}&#8220;][vc_column]<div class=\"wrappedcontent\">[vc_row_inner gap=&#8220;35&#8243; css=&#8220;.vc_custom_1718008921687{margin-left: -0.5px !important;}&#8220;][vc_column_inner width=&#8220;1\/3&#8243;][vc_masonry_media_grid element_width=&#8220;12&#8243; item=&#8220;184&#8243; grid_id=&#8220;vc_gid:1741089151138-542a1bed-179b-10&#8243; include=&#8220;1972&#8243;][vc_column_text]Stra\u00dfburg als Hauptstadt Europas ist das Symbol der Vers\u00f6hnung zwischen den V\u00f6lkern und der Zukunft Europas. Entdecken Sie das Europaviertel, das im Laufe der Jahre stetig gewachsen ist und heute zahlreiche Denkm\u00e4ler bemerkenswerter zeitgen\u00f6ssischer Architektur birgt.<br \/>\nLassen Sie sich auf keinen Fall den Europapalast, den Sitz des Europarates, entgehen sowie den Europ\u00e4ischen Gerichtshof f\u00fcr Menschenrechteund das Europaparlament.[\/vc_column_text][\/vc_column_inner][vc_column_inner width=&#8220;1\/3&#8243;][vc_masonry_media_grid element_width=&#8220;12&#8243; item=&#8220;184&#8243; grid_id=&#8220;vc_gid:1741089151141-e7782801-7559-3&#8243; include=&#8220;1977&#8243;][vc_column_text]Besichtigen Sie auch das deutsche Kaiserviertel mit seinen imposanten Bauwerken, die am Ende des 19. Jahrhunderts zu Ehren des Kaisers erbaut wurden. Entdecken Sie die Vereinigung deutscher und franz\u00f6sischer Einfl\u00fcsse, die Stra\u00dfburg zu einer einzigartigen Stadt macht. Weitere Highlights: derPlace de la R\u00e9publique, der Rheinpalast, dieNational- und Universit\u00e4tsbibliothek, dasStra\u00dfburger Nationaltheater\u2026[\/vc_column_text][\/vc_column_inner][vc_column_inner width=&#8220;1\/3&#8243;][vc_masonry_media_grid element_width=&#8220;12&#8243; item=&#8220;184&#8243; grid_id=&#8220;vc_gid:1741089151145-134049fc-a2f0-6&#8243; include=&#8220;1982&#8243;][vc_column_text]Zur Besichtigung Stra\u00dfburgs geh\u00f6rt auch ein Spaziergang am Illufer, wo Sie den Alten Zoll und den Cour du Corbeau entdecken k\u00f6nnen, und durch die zahlreichen Parks und G\u00e4rten der Stadt: den botanischen Garten mit seiner Flora, den Parc de l\u2019Orangerie mit seinen St\u00f6rchen\u2026[\/vc_column_text][\/vc_column_inner][\/vc_row_inner]<\/div>[\/vc_column][\/vc_row][vc_row][vc_column]<div class=\"wrappedcontent\">[vc_row_inner gap=&#8220;35&#8243; css=&#8220;.vc_custom_1718008927462{margin-left: -0.5px !important;}&#8220;][vc_column_inner width=&#8220;1\/2&#8243;][vc_masonry_media_grid element_width=&#8220;12&#8243; item=&#8220;184&#8243; grid_id=&#8220;vc_gid:1741089151150-6f631219-9c64-4&#8243; include=&#8220;1987&#8243;][vc_column_text]Stra\u00dfburg hat auch unz\u00e4hlige kulturelle Highlights zu bieten, z. B. zahlreiche Museen: das els\u00e4ssische Museum (Mus\u00e9e Alsacien), den Rohan-Palast, der das arch\u00e4ologische Museum (Mus\u00e9e arch\u00e9ologique), das Museum der dekorativen K\u00fcnste (Mus\u00e9e des Arts d\u00e9coratifs) und dasKunstmuseum (Mus\u00e9e des Beaux-arts) beherbergt, das Museum f\u00fcr moderne Kunst (Mus\u00e9e d\u2019Art Moderne et Contemporain), das historische Museum (Mus\u00e9e Historique) der Stadt Stra\u00dfburg\u2026<\/p>\n<p><em>Kulturtipp: An jedem ersten Sonntag im Monat von 10 bis 18 Uhr ist der Eintritt in die Museen der els\u00e4ssischen Hauptstadt frei.<\/em>[\/vc_column_text][\/vc_column_inner][vc_column_inner width=&#8220;1\/2&#8243;][vc_masonry_media_grid element_width=&#8220;12&#8243; item=&#8220;184&#8243; grid_id=&#8220;vc_gid:1741089151153-9692aaf2-e4a5-8&#8243; include=&#8220;1992&#8243;][vc_column_text]Legen Sie eine Rast in einer der zahlreichen\u201eWinstubs\u201c ein, traditionelle Kneipen mit einladender und geselliger Atmosph\u00e4re, in denen Sie die unz\u00e4hligen els\u00e4ssischen Spezialit\u00e4tenkosten k\u00f6nnen.<br \/>\nDarunter: Sauerkraut, Baeckeoffe, Flammkuchen,Fleischknepfle (Fleischfrikadellen), Sp\u00e4tzle,Brezeln\u2026 Nicht zu vergessen das els\u00e4ssische Bier und die ber\u00fchmten Weine des Elsass.[\/vc_column_text][\/vc_column_inner][\/vc_row_inner]<\/div>[\/vc_column][\/vc_row][vc_row css=&#8220;.vc_custom_1718372685130{background-color: #e8e8e8 !important;}&#8220;][vc_column]<div class=\"wrappedcontent\">[vc_column_text]<\/p>\n<h4 style=\"text-align: center;\"><span style=\"color: #333333;\">\u2014<\/span> Stra\u00dfburg, die Weihnachtshauptstadt<span style=\"color: #333333;\">\u00a0\u2014<\/span><\/h4>\n<p>[\/vc_column_text][vc_empty_space height=&#8220;40px&#8220;][vc_row_inner gap=&#8220;35&#8243; css=&#8220;.vc_custom_1718008903799{margin-left: -0.5px !important;}&#8220;][vc_column_inner width=&#8220;1\/2&#8243;][vc_masonry_media_grid element_width=&#8220;12&#8243; gap=&#8220;25&#8243; item=&#8220;184&#8243; grid_id=&#8220;vc_gid:1741089151157-6cf6aea5-f077-8&#8243; include=&#8220;1962&#8243;][\/vc_column_inner][vc_column_inner width=&#8220;1\/2&#8243;][vc_masonry_media_grid element_width=&#8220;12&#8243; gap=&#8220;25&#8243; item=&#8220;184&#8243; grid_id=&#8220;vc_gid:1741089151160-8f846d49-b593-3&#8243; include=&#8220;1967&#8243;][\/vc_column_inner][\/vc_row_inner][vc_column_text]Weihnachten in Stra\u00dfburg\u2026 Magisch, zauberhaft\u2026 Keine Worte k\u00f6nnen die Atmosph\u00e4re, die zu dieser Jahreszeit in der Stadt herrscht, beschreiben.<\/p>\n<p>Jubil\u00e4um feiert.Im Dezember schm\u00fcckt sich die Stadt bei Einbruch der Dunkelheit mit einem Lichtermantel und wird zur hellsten Stadt Europas.<\/p>\n<p>Genie\u00dfen Sie die einzigartige Atmosph\u00e4re der M\u00e4rkte, den Duft von Gl\u00fchwein, die Lichterspiele, die geschm\u00fcckten H\u00e4user, den riesigen Weihnachtsbaum auf dem Kl\u00e9berplatz\u2026 und vergessen Sie nicht, die k\u00f6stlichen traditionellen Weihnachtspl\u00e4tzchen, die Bredele, zu probieren.<br \/>\nEin unvergesslicher Augenblick voll zauberhafter Festtagsstimmung zur unb\u00e4ndigen Freude von Gro\u00df und Klein![\/vc_column_text][vc_empty_space height=&#8220;20px&#8220;]<div class=\"text-center btnwrap\"><a class=\"btn btn-huttopia-cta\" href=\"http:\/\/checkout.citykamp.com\/site\/de\/907\" role=\"button\" target=\"\" onclick=\"dataLayer.push({'event':'clickCity', 'clickText':'Aufenthalt buchen'})\">Aufenthalt buchen<\/a><\/div><\/div>[\/vc_column][\/vc_row][vc_row][vc_column]<div class=\"wrappedcontent\">[vc_column_text]<\/p>\n<h4>Fotogalerie<\/h4>\n<p>[\/vc_column_text][vc_empty_space height=&#8220;18px&#8220;][vc_masonry_media_grid style=&#8220;load-more&#8220; items_per_page=&#8220;4&#8243; element_width=&#8220;3&#8243; gap=&#8220;10&#8243; item=&#8220;1053&#8243; btn_title=&#8220;MEHR&#8220; btn_style=&#8220;custom&#8220; btn_custom_background=&#8220;#e84e1b&#8220; btn_custom_text=&#8220;#ffffff&#8220; btn_shape=&#8220;square&#8220; btn_i_icon_fontawesome=&#8220;fa fa-camera&#8220; btn_add_icon=&#8220;true&#8220; grid_id=&#8220;vc_gid:1741089151164-92dcb0a6-0231-5&#8243; include=&#8220;4586,2537,2572,4580,2547,2552,2562,2557,2542,2567,2577&#8243;]<\/div>[vc_gmaps link=&#8220;#E-8_JTNDaWZyYW1lJTIwc3JjJTNEJTIyaHR0cHMlM0ElMkYlMkZ3d3cuZ29vZ2xlLmNvbSUyRm1hcHMlMkZlbWJlZCUzRnBiJTNEJTIxMW0xOCUyMTFtMTIlMjExbTMlMjExZDE1NjkuNjMwNzgwMjA5NDAxJTIxMmQ3LjcxMzU0NTA2OTEyMzY0NSUyMTNkNDguNTc1NDk4MTQxMzc3NDMlMjEybTMlMjExZjAlMjEyZjAlMjEzZjAlMjEzbTIlMjExaTEwMjQlMjEyaTc2OCUyMTRmMTMuMSUyMTNtMyUyMTFtMiUyMTFzMHg0Nzk2YzlkMTcxMTEzMDU3JTI1M0EweDdjYzAwNGIzMDJiYzRiNDUlMjEyc0NhbXBpbmclMkJkZSUyQlN0cmFzYm91cmclMjE1ZTAlMjEzbTIlMjExc2ZyJTIxMnNmciUyMTR2MTUxOTA1OTYyMDEyMiUyMiUyMHdpZHRoJTNEJTIyNjAwJTIyJTIwaGVpZ2h0JTNEJTIyNDUwJTIyJTIwZnJhbWVib3JkZXIlM0QlMjIwJTIyJTIwc3R5bGUlM0QlMjJib3JkZXIlM0EwJTIyJTIwYWxsb3dmdWxsc2NyZWVuJTNFJTNDJTJGaWZyYW1lJTNF&#8220;][\/vc_column][\/vc_row]<\/p>\n<\/div>","protected":false},"excerpt":{"rendered":"<p>[vc_row][vc_column][vc_single_image image=&#8220;6307&#8243; img_size=&#8220;1900&#215;500&#8243; css=&#8220;&#8220;][\/vc_column][\/vc_row][vc_row css=&#8220;.vc_custom_1518793010936{background-color: #e8e8e8 !important;}&#8220;][vc_column][\/vc_column][\/vc_row][vc_row css=&#8220;.vc_custom_1518793247440{background-color: #ffffff !important;}&#8220;][vc_column][\/vc_column][\/vc_row][vc_row css=&#8220;.vc_custom_1519048199475{background-color: #e8e8e8 !important;}&#8220;][vc_column][\/vc_column][\/vc_row][vc_row][vc_column][\/vc_column][\/vc_row][vc_row css=&#8220;.vc_custom_1718372685130{background-color: #e8e8e8 !important;}&#8220;][vc_column][\/vc_column][\/vc_row][vc_row][vc_column][vc_gmaps link=&#8220;#E-8_JTNDaWZyYW1lJTIwc3JjJTNEJTIyaHR0cHMlM0ElMkYlMkZ3d3cuZ29vZ2xlLmNvbSUyRm1hcHMlMkZlbWJlZCUzRnBiJTNEJTIxMW0xOCUyMTFtMTIlMjExbTMlMjExZDE1NjkuNjMwNzgwMjA5NDAxJTIxMmQ3LjcxMzU0NTA2OTEyMzY0NSUyMTNkNDguNTc1NDk4MTQxMzc3NDMlMjEybTMlMjExZjAlMjEyZjAlMjEzZjAlMjEzbTIlMjExaTEwMjQlMjEyaTc2OCUyMTRmMTMuMSUyMTNtMyUyMTFtMiUyMTFzMHg0Nzk2YzlkMTcxMTEzMDU3JTI1M0EweDdjYzAwNGIzMDJiYzRiNDUlMjEyc0NhbXBpbmclMkJkZSUyQlN0cmFzYm91cmclMjE1ZTAlMjEzbTIlMjExc2ZyJTIxMnNmciUyMTR2MTUxOTA1OTYyMDEyMiUyMiUyMHdpZHRoJTNEJTIyNjAwJTIyJTIwaGVpZ2h0JTNEJTIyNDUwJTIyJTIwZnJhbWVib3JkZXIlM0QlMjIwJTIyJTIwc3R5bGUlM0QlMjJib3JkZXIlM0EwJTIyJTIwYWxsb3dmdWxsc2NyZWVuJTNFJTNDJTJGaWZyYW1lJTNF&#8220;][\/vc_column][\/vc_row]<\/p>\n","protected":false},"author":1,"featured_media":0,"parent":0,"menu_order":0,"comment_status":"closed","ping_status":"closed","template":"","meta":{"footnotes":""},"class_list":["post-708","page","type-page","status-publish","hentry"],"yoast_head":"<!-- This site is optimized with the Yoast SEO plugin v25.6 - https:\/\/yoast.com\/wordpress\/plugins\/seo\/ -->\n<title>Entdecken Sie Stra\u00dfburg und seine Region - Camping de Strasbourg<\/title>\n<meta name=\"description\" content=\"Das Camping de Strasbourg liegt nur 3 km vom historischen Zentrum entfernt und ist ein idealer Ausgangspunkt, um die els\u00e4ssische Hauptstadt und ihre Region zu erkunden. Seine D\u00f6rfer mit Fachwerkh\u00e4usern, seine Gastronomie, seine Els\u00e4sser Weine, die ber\u00fchmte Kathedrale von Stra\u00dfburg, es gibt etwas f\u00fcr jeden Geschmack.\" \/>\n<meta name=\"robots\" content=\"index, follow, max-snippet:-1, max-image-preview:large, max-video-preview:-1\" \/>\n<link rel=\"canonical\" href=\"https:\/\/www.camping-strasbourg.com\/de\/region\/\" \/>\n<meta property=\"og:locale\" content=\"de_DE\" \/>\n<meta property=\"og:type\" content=\"article\" \/>\n<meta property=\"og:title\" content=\"Entdecken Sie Stra\u00dfburg und seine Region - Camping de Strasbourg\" \/>\n<meta property=\"og:description\" content=\"Das Camping de Strasbourg liegt nur 3 km vom historischen Zentrum entfernt und ist ein idealer Ausgangspunkt, um die els\u00e4ssische Hauptstadt und ihre Region zu erkunden. Seine D\u00f6rfer mit Fachwerkh\u00e4usern, seine Gastronomie, seine Els\u00e4sser Weine, die ber\u00fchmte Kathedrale von Stra\u00dfburg, es gibt etwas f\u00fcr jeden Geschmack.\" \/>\n<meta property=\"og:url\" content=\"https:\/\/www.camping-strasbourg.com\/de\/region\/\" \/>\n<meta property=\"og:site_name\" content=\"Camping de Strasbourg\" \/>\n<meta property=\"article:modified_time\" content=\"2025-03-04T11:50:45+00:00\" \/>\n<meta name=\"twitter:card\" content=\"summary_large_image\" \/>\n<meta name=\"twitter:label1\" content=\"Est. reading time\" \/>\n\t<meta name=\"twitter:data1\" content=\"9 Minuten\" \/>\n<script type=\"application\/ld+json\" class=\"yoast-schema-graph\">{\"@context\":\"https:\/\/schema.org\",\"@graph\":[{\"@type\":\"WebPage\",\"@id\":\"https:\/\/www.camping-strasbourg.com\/de\/region\/\",\"url\":\"https:\/\/www.camping-strasbourg.com\/de\/region\/\",\"name\":\"Entdecken Sie Stra\u00dfburg und seine Region - Camping de Strasbourg\",\"isPartOf\":{\"@id\":\"https:\/\/www.camping-strasbourg.com\/de\/#website\"},\"datePublished\":\"2018-02-02T10:59:46+00:00\",\"dateModified\":\"2025-03-04T11:50:45+00:00\",\"description\":\"Das Camping de Strasbourg liegt nur 3 km vom historischen Zentrum entfernt und ist ein idealer Ausgangspunkt, um die els\u00e4ssische Hauptstadt und ihre Region zu erkunden. Seine D\u00f6rfer mit Fachwerkh\u00e4usern, seine Gastronomie, seine Els\u00e4sser Weine, die ber\u00fchmte Kathedrale von Stra\u00dfburg, es gibt etwas f\u00fcr jeden Geschmack.\",\"breadcrumb\":{\"@id\":\"https:\/\/www.camping-strasbourg.com\/de\/region\/#breadcrumb\"},\"inLanguage\":\"de-DE\",\"potentialAction\":[{\"@type\":\"ReadAction\",\"target\":[\"https:\/\/www.camping-strasbourg.com\/de\/region\/\"]}]},{\"@type\":\"BreadcrumbList\",\"@id\":\"https:\/\/www.camping-strasbourg.com\/de\/region\/#breadcrumb\",\"itemListElement\":[{\"@type\":\"ListItem\",\"position\":1,\"name\":\"Accueil\",\"item\":\"https:\/\/www.camping-strasbourg.com\/de\/\"},{\"@type\":\"ListItem\",\"position\":2,\"name\":\"R\u00e9gion\"}]},{\"@type\":\"WebSite\",\"@id\":\"https:\/\/www.camping-strasbourg.com\/de\/#website\",\"url\":\"https:\/\/www.camping-strasbourg.com\/de\/\",\"name\":\"Camping de Strasbourg\",\"description\":\"Un site utilisant Citykamp\",\"potentialAction\":[{\"@type\":\"SearchAction\",\"target\":{\"@type\":\"EntryPoint\",\"urlTemplate\":\"https:\/\/www.camping-strasbourg.com\/de\/?s={search_term_string}\"},\"query-input\":{\"@type\":\"PropertyValueSpecification\",\"valueRequired\":true,\"valueName\":\"search_term_string\"}}],\"inLanguage\":\"de-DE\"}]}<\/script>\n<!-- \/ Yoast SEO plugin. -->","yoast_head_json":{"title":"Entdecken Sie Stra\u00dfburg und seine Region - Camping de Strasbourg","description":"Das Camping de Strasbourg liegt nur 3 km vom historischen Zentrum entfernt und ist ein idealer Ausgangspunkt, um die els\u00e4ssische Hauptstadt und ihre Region zu erkunden. Seine D\u00f6rfer mit Fachwerkh\u00e4usern, seine Gastronomie, seine Els\u00e4sser Weine, die ber\u00fchmte Kathedrale von Stra\u00dfburg, es gibt etwas f\u00fcr jeden Geschmack.","robots":{"index":"index","follow":"follow","max-snippet":"max-snippet:-1","max-image-preview":"max-image-preview:large","max-video-preview":"max-video-preview:-1"},"canonical":"https:\/\/www.camping-strasbourg.com\/de\/region\/","og_locale":"de_DE","og_type":"article","og_title":"Entdecken Sie Stra\u00dfburg und seine Region - Camping de Strasbourg","og_description":"Das Camping de Strasbourg liegt nur 3 km vom historischen Zentrum entfernt und ist ein idealer Ausgangspunkt, um die els\u00e4ssische Hauptstadt und ihre Region zu erkunden. Seine D\u00f6rfer mit Fachwerkh\u00e4usern, seine Gastronomie, seine Els\u00e4sser Weine, die ber\u00fchmte Kathedrale von Stra\u00dfburg, es gibt etwas f\u00fcr jeden Geschmack.","og_url":"https:\/\/www.camping-strasbourg.com\/de\/region\/","og_site_name":"Camping de Strasbourg","article_modified_time":"2025-03-04T11:50:45+00:00","twitter_card":"summary_large_image","twitter_misc":{"Est. reading time":"9 Minuten"},"schema":{"@context":"https:\/\/schema.org","@graph":[{"@type":"WebPage","@id":"https:\/\/www.camping-strasbourg.com\/de\/region\/","url":"https:\/\/www.camping-strasbourg.com\/de\/region\/","name":"Entdecken Sie Stra\u00dfburg und seine Region - Camping de Strasbourg","isPartOf":{"@id":"https:\/\/www.camping-strasbourg.com\/de\/#website"},"datePublished":"2018-02-02T10:59:46+00:00","dateModified":"2025-03-04T11:50:45+00:00","description":"Das Camping de Strasbourg liegt nur 3 km vom historischen Zentrum entfernt und ist ein idealer Ausgangspunkt, um die els\u00e4ssische Hauptstadt und ihre Region zu erkunden. Seine D\u00f6rfer mit Fachwerkh\u00e4usern, seine Gastronomie, seine Els\u00e4sser Weine, die ber\u00fchmte Kathedrale von Stra\u00dfburg, es gibt etwas f\u00fcr jeden Geschmack.","breadcrumb":{"@id":"https:\/\/www.camping-strasbourg.com\/de\/region\/#breadcrumb"},"inLanguage":"de-DE","potentialAction":[{"@type":"ReadAction","target":["https:\/\/www.camping-strasbourg.com\/de\/region\/"]}]},{"@type":"BreadcrumbList","@id":"https:\/\/www.camping-strasbourg.com\/de\/region\/#breadcrumb","itemListElement":[{"@type":"ListItem","position":1,"name":"Accueil","item":"https:\/\/www.camping-strasbourg.com\/de\/"},{"@type":"ListItem","position":2,"name":"R\u00e9gion"}]},{"@type":"WebSite","@id":"https:\/\/www.camping-strasbourg.com\/de\/#website","url":"https:\/\/www.camping-strasbourg.com\/de\/","name":"Camping de Strasbourg","description":"Un site utilisant Citykamp","potentialAction":[{"@type":"SearchAction","target":{"@type":"EntryPoint","urlTemplate":"https:\/\/www.camping-strasbourg.com\/de\/?s={search_term_string}"},"query-input":{"@type":"PropertyValueSpecification","valueRequired":true,"valueName":"search_term_string"}}],"inLanguage":"de-DE"}]}},"_links":{"self":[{"href":"https:\/\/www.camping-strasbourg.com\/de\/wp-json\/wp\/v2\/pages\/708","targetHints":{"allow":["GET"]}}],"collection":[{"href":"https:\/\/www.camping-strasbourg.com\/de\/wp-json\/wp\/v2\/pages"}],"about":[{"href":"https:\/\/www.camping-strasbourg.com\/de\/wp-json\/wp\/v2\/types\/page"}],"author":[{"embeddable":true,"href":"https:\/\/www.camping-strasbourg.com\/de\/wp-json\/wp\/v2\/users\/1"}],"replies":[{"embeddable":true,"href":"https:\/\/www.camping-strasbourg.com\/de\/wp-json\/wp\/v2\/comments?post=708"}],"version-history":[{"count":5,"href":"https:\/\/www.camping-strasbourg.com\/de\/wp-json\/wp\/v2\/pages\/708\/revisions"}],"predecessor-version":[{"id":6314,"href":"https:\/\/www.camping-strasbourg.com\/de\/wp-json\/wp\/v2\/pages\/708\/revisions\/6314"}],"wp:attachment":[{"href":"https:\/\/www.camping-strasbourg.com\/de\/wp-json\/wp\/v2\/media?parent=708"}],"curies":[{"name":"wp","href":"https:\/\/api.w.org\/{rel}","templated":true}]}}