{"id":5216,"date":"2022-12-09T16:37:34","date_gmt":"2022-12-09T15:37:34","guid":{"rendered":"https:\/\/www.camping-strasbourg.com\/marches-de-noel\/"},"modified":"2025-10-21T10:27:28","modified_gmt":"2025-10-21T08:27:28","slug":"christmas-markets","status":"publish","type":"page","link":"https:\/\/www.camping-strasbourg.com\/en\/christmas-markets\/","title":{"rendered":"Christmas Markets"},"content":{"rendered":"<div class=\"wpb-content-wrapper\"><p>[vc_row][vc_column]<div class=\"wrappedcontent\">[vc_column_text css=&#8221;.vc_custom_1759239895486{padding-top: 30px !important;}&#8221;]<\/p>\n<p style=\"text-align: center;\"><span style=\"color: #e94e1b;\"><strong><span style=\"font-size: 24pt;\">THE CAPITAL OF CHRISTMAS SINCE 1589<\/span><\/strong><\/span><\/p>\n<p style=\"text-align: center;\"><span style=\"font-size: 14pt;\">Dive into the magic of Christmas in Strasbourg. Visit the oldest Christmas market in France, with its 300 authentic stalls. <\/span><\/p>\n<p style=\"text-align: center;\"><i><em>From 26 November to 24 December 2025.<\/em><\/i><\/p>\n<p>[\/vc_column_text]<\/div>[\/vc_column][\/vc_row][vc_row css=&#8221;.vc_custom_1670515323251{background-color: rgba(233,78,27,0.2) !important;*background-color: rgb(233,78,27) !important;}&#8221;][vc_column]<div class=\"wrappedcontent\">[vc_column_text css=&#8221;.vc_custom_1671116407004{padding-bottom: 30px !important;}&#8221;]<\/p>\n<p style=\"text-align: center;\"><span style=\"font-size: 20pt; color: #e94e1b;\"><strong>DON\u2019T MISS<\/strong><\/span><\/p>\n<p>[\/vc_column_text][vc_row_inner equal_height=&#8221;yes&#8221; gap=&#8221;35&#8243; css=&#8221;.vc_custom_1670515300280{margin-left: -0.5px !important;}&#8221;][vc_column_inner width=&#8221;1\/3&#8243;][vc_masonry_media_grid element_width=&#8221;12&#8243; gap=&#8221;0&#8243; grid_id=&#8221;vc_gid:1759239882703-75263945-085f-7&#8243; include=&#8221;5169&#8243;][vc_empty_space height=&#8221;15px&#8221;][vc_column_text]<\/p>\n<p style=\"text-align: center;\"><span style=\"font-size: 14pt;\">Admire the Great Christmas Tree on <strong>Place Kl\u00e9ber<\/strong>, the biggest symbol of Christmas in Strasbourg.<\/span><\/p>\n<p>[\/vc_column_text][\/vc_column_inner][vc_column_inner width=&#8221;1\/3&#8243;][vc_masonry_media_grid element_width=&#8221;12&#8243; gap=&#8221;0&#8243; grid_id=&#8221;vc_gid:1759239882706-8b773333-ae13-2&#8243; include=&#8221;5175&#8243;][vc_empty_space height=&#8221;15px&#8221;][vc_column_text]<\/p>\n<p style=\"text-align: center;\"><span style=\"font-size: 14pt;\">The traditional Christmas market, <strong>Christkindelsm\u00e4rik, place Broglie<\/strong>, which has been held every year since 1871. <\/span><\/p>\n<p>[\/vc_column_text][\/vc_column_inner][vc_column_inner width=&#8221;1\/3&#8243;][vc_masonry_media_grid element_width=&#8221;12&#8243; gap=&#8221;0&#8243; grid_id=&#8221;vc_gid:1759239882707-e1ae9cf2-d045-3&#8243; include=&#8221;5181&#8243;][vc_empty_space height=&#8221;15px&#8221;][vc_column_text]<\/p>\n<p style=\"text-align: center;\"><span style=\"font-size: 14pt;\"><strong>La Petite France<\/strong>, Strasbourg\u2019s most iconic district.<\/span><\/p>\n<p>[\/vc_column_text][\/vc_column_inner][\/vc_row_inner]<\/div>[\/vc_column][\/vc_row][vc_row][vc_column]<div class=\"wrappedcontent\">[vc_column_text]<\/p>\n<p style=\"text-align: center;\"><span style=\"font-size: 20pt; color: #e94e1b;\"><strong>STRASBOURG AND THE SURROUNDING AREA<\/strong><\/span><\/p>\n<p style=\"text-align: center;\"><span style=\"font-size: 14pt;\">Strasbourg may be the capital of Christmas, but the surrounding villages are also well worth a visit. With vineyards and typical Alsace villages, this is an area with a wonderfully joyful atmosphere.<br \/>\n<\/span><\/p>\n<p>[\/vc_column_text][vc_empty_space][vc_row_inner equal_height=&#8221;yes&#8221; gap=&#8221;35&#8243; css=&#8221;.vc_custom_1670599918028{margin-left: -0.5px !important;}&#8221;][vc_column_inner width=&#8221;2\/5&#8243;][vc_masonry_media_grid element_width=&#8221;12&#8243; gap=&#8221;0&#8243; grid_id=&#8221;vc_gid:1759239882708-7830c232-4b4d-3&#8243; include=&#8221;5118&#8243;][\/vc_column_inner][vc_column_inner width=&#8221;3\/5&#8243;][vc_empty_space][vc_column_text css=&#8221;.vc_custom_1671116534392{padding-top: 30px !important;}&#8221;]<span style=\"font-size: 18pt; color: #e94e1b;\"><strong>VILLAGES TO VISIT<\/strong><\/span><\/p>\n<p><span style=\"font-size: 14pt;\"><strong>Haguenau<\/strong>, only 30 minutes from Strasbourg, little-known but with a charming and authentic atmosphere.<\/span><\/p>\n<p><span style=\"font-size: 14pt;\"><strong>Wintzenheim<\/strong>, home of the famous tarte flamb\u00e9e. Or S\u00e9lestat, 40 minutes away, with a Christmas tree theme. <\/span>[\/vc_column_text][\/vc_column_inner][\/vc_row_inner]<\/div>[\/vc_column][\/vc_row][vc_row css=&#8221;.vc_custom_1670515323251{background-color: rgba(233,78,27,0.2) !important;*background-color: rgb(233,78,27) !important;}&#8221;][vc_column]<div class=\"wrappedcontent\">[vc_column_text css=&#8221;.vc_custom_1671116552959{padding-bottom: 30px !important;}&#8221;]<\/p>\n<p style=\"text-align: center;\"><span style=\"font-size: 20pt; color: #e94e1b;\"><strong>STAY IN A NATURAL ENVIRONMENT IN STRASBOURG<\/strong><\/span><\/p>\n<p>[\/vc_column_text][vc_row_inner equal_height=&#8221;yes&#8221; gap=&#8221;35&#8243; css=&#8221;.vc_custom_1670599923880{margin-left: -0.5px !important;}&#8221;][vc_column_inner width=&#8221;2\/5&#8243;][vc_images_carousel images=&#8221;5127,5145,5133,5139&#8243; img_size=&#8221;600&#215;500&#8243; autoplay=&#8221;yes&#8221; wrap=&#8221;yes&#8221;][\/vc_column_inner][vc_column_inner width=&#8221;3\/5&#8243;][vc_column_text css=&#8221;.vc_custom_1671116586164{padding-top: 50px !important;}&#8221;]<span style=\"font-size: 18pt; color: #e94e1b;\"><strong>ACCOMMODATION AND CAMPING PITCHES<\/strong><\/span><\/p>\n<p><span style=\"font-size: 14pt;\">Enjoy the comfort of a chalet, wood trailer or cottage to sleep up to 6 people.<br \/>\nA spacious living area, two bedrooms, a kitchen, and bedding and towels included. All the comfort of a hotel room with the bonus of open space and nature all around you!<br \/>\n<\/span><\/p>\n<p><span style=\"font-size: 14pt;\">For a great value holiday even closer to nature, opt for one of our camping pitches for camper vans and motorhomes in Strasbourg\u2019s urban nature park.<\/span>[\/vc_column_text]<div class=\"text-center btnwrap\"><a class=\"btn btn-huttopia-cta\" href=\"https:\/\/www.camping-strasbourg.com\/en\/accommodation\/\" role=\"button\" target=\"\" onclick=\"dataLayer.push({'event':'clickCity', 'clickText':'FIND OUT MORE'})\">FIND OUT MORE<\/a><\/div>[\/vc_column_inner][\/vc_row_inner]<\/div>[\/vc_column][\/vc_row][vc_row][vc_column]<div class=\"wrappedcontent\">[vc_row_inner equal_height=&#8221;yes&#8221; gap=&#8221;35&#8243; css=&#8221;.vc_custom_1670516959997{margin-left: -0.5px !important;}&#8221;][vc_column_inner width=&#8221;2\/5&#8243;][vc_masonry_media_grid element_width=&#8221;12&#8243; gap=&#8221;0&#8243; grid_id=&#8221;vc_gid:1759239882710-72193539-1dac-9&#8243; include=&#8221;6048&#8243;][\/vc_column_inner][vc_column_inner width=&#8221;3\/5&#8243;][vc_column_text css=&#8221;.vc_custom_1671116632591{padding-top: 30px !important;}&#8221;]<span style=\"font-size: 18pt; color: #e94e1b;\"><strong>THE CENTRAL LODGE <\/strong><\/span><\/p>\n<p><span style=\"font-size: 14pt;\">A place to relax and have fun with friends or family. Why not gather round for a table football match, or just to watch TV on the sofa?<\/span>[\/vc_column_text][\/vc_column_inner][\/vc_row_inner][vc_empty_space height=&#8221;50&#8243;]<\/div>[\/vc_column][\/vc_row][vc_row css=&#8221;.vc_custom_1670600167146{background-color: rgba(233,78,27,0.2) !important;*background-color: rgb(233,78,27) !important;}&#8221;][vc_column]<div class=\"wrappedcontent\">[vc_column_text css=&#8221;.vc_custom_1671116647975{padding-bottom: 30px !important;}&#8221;]<\/p>\n<p style=\"text-align: center;\"><span style=\"font-size: 20pt; color: #e94e1b;\"><strong>EASY TO GET AROUND WITH<br \/>\nCHRISTMAS MARKETS CLOSE BY<\/strong><\/span><\/p>\n<p>[\/vc_column_text][vc_row_inner equal_height=&#8221;yes&#8221; gap=&#8221;35&#8243; css=&#8221;.vc_custom_1670600157649{margin-left: -0.5px !important;}&#8221;][vc_column_inner width=&#8221;1\/6&#8243;][\/vc_column_inner][vc_column_inner width=&#8221;2\/6&#8243;][vc_masonry_media_grid element_width=&#8221;12&#8243; gap=&#8221;0&#8243; grid_id=&#8221;vc_gid:1759239882711-9c71019a-910b-10&#8243; include=&#8221;5207&#8243;][vc_empty_space height=&#8221;15px&#8221;][vc_column_text]<\/p>\n<p style=\"text-align: center;\"><span style=\"font-size: 14pt;\">8 minutes from Strasbourg city centre and connected to it by cycle routes, so you can take a slow tourism approach to visiting the city. You can also hire bikes on-site. <\/span><\/p>\n<p>[\/vc_column_text][\/vc_column_inner][vc_column_inner width=&#8221;2\/6&#8243;][vc_masonry_media_grid element_width=&#8221;12&#8243; gap=&#8221;0&#8243; grid_id=&#8221;vc_gid:1759239882711-04497302-2086-5&#8243; include=&#8221;5193&#8243;][vc_empty_space height=&#8221;15px&#8221;][vc_column_text]<\/p>\n<p style=\"text-align: center;\"><span style=\"font-size: 14pt;\">You can catch the bus outside the campsite to get to the city centre in less than 15 minutes and get around the city by tram. <\/span><\/p>\n<p>[\/vc_column_text][\/vc_column_inner][vc_column_inner width=&#8221;1\/6&#8243;][\/vc_column_inner][\/vc_row_inner]<\/div>[\/vc_column][\/vc_row]<\/p>\n<\/div>","protected":false},"excerpt":{"rendered":"<p>[vc_row][vc_column][\/vc_column][\/vc_row][vc_row css=&#8221;.vc_custom_1670515323251{background-color: rgba(233,78,27,0.2) !important;*background-color: rgb(233,78,27) !important;}&#8221;][vc_column][\/vc_column][\/vc_row][vc_row][vc_column][\/vc_column][\/vc_row][vc_row css=&#8221;.vc_custom_1670515323251{background-color: rgba(233,78,27,0.2) !important;*background-color: rgb(233,78,27) !important;}&#8221;][vc_column][\/vc_column][\/vc_row][vc_row][vc_column][\/vc_column][\/vc_row][vc_row css=&#8221;.vc_custom_1670600167146{background-color: rgba(233,78,27,0.2) !important;*background-color: rgb(233,78,27) !important;}&#8221;][vc_column][\/vc_column][\/vc_row]<\/p>\n","protected":false},"author":4,"featured_media":0,"parent":0,"menu_order":0,"comment_status":"closed","ping_status":"closed","template":"","meta":{"footnotes":""},"class_list":["post-5216","page","type-page","status-publish","hentry"],"yoast_head":"<!-- This site is optimized with the Yoast SEO plugin v25.6 - https:\/\/yoast.com\/wordpress\/plugins\/seo\/ -->\n<title>Christmas Markets - Camping de Strasbourg<\/title>\n<meta name=\"description\" content=\"March\u00e9s de No\u00ebl ! R\u00e9servez votre s\u00e9jour au c\u0153ur de la magie de No\u00ebl \u00e0 Strasbourg.\" \/>\n<meta name=\"robots\" content=\"index, follow, max-snippet:-1, max-image-preview:large, max-video-preview:-1\" \/>\n<link rel=\"canonical\" href=\"https:\/\/www.camping-strasbourg.com\/en\/christmas-markets\/\" \/>\n<meta property=\"og:locale\" content=\"en_US\" \/>\n<meta property=\"og:type\" content=\"article\" \/>\n<meta property=\"og:title\" content=\"Christmas Markets - Camping de Strasbourg\" \/>\n<meta property=\"og:description\" content=\"March\u00e9s de No\u00ebl ! R\u00e9servez votre s\u00e9jour au c\u0153ur de la magie de No\u00ebl \u00e0 Strasbourg.\" \/>\n<meta property=\"og:url\" content=\"https:\/\/www.camping-strasbourg.com\/en\/christmas-markets\/\" \/>\n<meta property=\"og:site_name\" content=\"Camping de Strasbourg\" \/>\n<meta property=\"article:modified_time\" content=\"2025-10-21T08:27:28+00:00\" \/>\n<meta name=\"twitter:card\" content=\"summary_large_image\" \/>\n<meta name=\"twitter:label1\" content=\"Est. reading time\" \/>\n\t<meta name=\"twitter:data1\" content=\"4 minutes\" \/>\n<script type=\"application\/ld+json\" class=\"yoast-schema-graph\">{\"@context\":\"https:\/\/schema.org\",\"@graph\":[{\"@type\":\"WebPage\",\"@id\":\"https:\/\/www.camping-strasbourg.com\/en\/christmas-markets\/\",\"url\":\"https:\/\/www.camping-strasbourg.com\/en\/christmas-markets\/\",\"name\":\"Christmas Markets - Camping de Strasbourg\",\"isPartOf\":{\"@id\":\"https:\/\/www.camping-strasbourg.com\/en\/#website\"},\"datePublished\":\"2022-12-09T15:37:34+00:00\",\"dateModified\":\"2025-10-21T08:27:28+00:00\",\"description\":\"March\u00e9s de No\u00ebl ! R\u00e9servez votre s\u00e9jour au c\u0153ur de la magie de No\u00ebl \u00e0 Strasbourg.\",\"breadcrumb\":{\"@id\":\"https:\/\/www.camping-strasbourg.com\/en\/christmas-markets\/#breadcrumb\"},\"inLanguage\":\"en-US\",\"potentialAction\":[{\"@type\":\"ReadAction\",\"target\":[\"https:\/\/www.camping-strasbourg.com\/en\/christmas-markets\/\"]}]},{\"@type\":\"BreadcrumbList\",\"@id\":\"https:\/\/www.camping-strasbourg.com\/en\/christmas-markets\/#breadcrumb\",\"itemListElement\":[{\"@type\":\"ListItem\",\"position\":1,\"name\":\"Accueil\",\"item\":\"https:\/\/www.camping-strasbourg.com\/en\/\"},{\"@type\":\"ListItem\",\"position\":2,\"name\":\"Christmas Markets\"}]},{\"@type\":\"WebSite\",\"@id\":\"https:\/\/www.camping-strasbourg.com\/en\/#website\",\"url\":\"https:\/\/www.camping-strasbourg.com\/en\/\",\"name\":\"Camping de Strasbourg\",\"description\":\"Un site utilisant Citykamp\",\"potentialAction\":[{\"@type\":\"SearchAction\",\"target\":{\"@type\":\"EntryPoint\",\"urlTemplate\":\"https:\/\/www.camping-strasbourg.com\/en\/?s={search_term_string}\"},\"query-input\":{\"@type\":\"PropertyValueSpecification\",\"valueRequired\":true,\"valueName\":\"search_term_string\"}}],\"inLanguage\":\"en-US\"}]}<\/script>\n<!-- \/ Yoast SEO plugin. -->","yoast_head_json":{"title":"Christmas Markets - Camping de Strasbourg","description":"March\u00e9s de No\u00ebl ! R\u00e9servez votre s\u00e9jour au c\u0153ur de la magie de No\u00ebl \u00e0 Strasbourg.","robots":{"index":"index","follow":"follow","max-snippet":"max-snippet:-1","max-image-preview":"max-image-preview:large","max-video-preview":"max-video-preview:-1"},"canonical":"https:\/\/www.camping-strasbourg.com\/en\/christmas-markets\/","og_locale":"en_US","og_type":"article","og_title":"Christmas Markets - Camping de Strasbourg","og_description":"March\u00e9s de No\u00ebl ! R\u00e9servez votre s\u00e9jour au c\u0153ur de la magie de No\u00ebl \u00e0 Strasbourg.","og_url":"https:\/\/www.camping-strasbourg.com\/en\/christmas-markets\/","og_site_name":"Camping de Strasbourg","article_modified_time":"2025-10-21T08:27:28+00:00","twitter_card":"summary_large_image","twitter_misc":{"Est. reading time":"4 minutes"},"schema":{"@context":"https:\/\/schema.org","@graph":[{"@type":"WebPage","@id":"https:\/\/www.camping-strasbourg.com\/en\/christmas-markets\/","url":"https:\/\/www.camping-strasbourg.com\/en\/christmas-markets\/","name":"Christmas Markets - Camping de Strasbourg","isPartOf":{"@id":"https:\/\/www.camping-strasbourg.com\/en\/#website"},"datePublished":"2022-12-09T15:37:34+00:00","dateModified":"2025-10-21T08:27:28+00:00","description":"March\u00e9s de No\u00ebl ! R\u00e9servez votre s\u00e9jour au c\u0153ur de la magie de No\u00ebl \u00e0 Strasbourg.","breadcrumb":{"@id":"https:\/\/www.camping-strasbourg.com\/en\/christmas-markets\/#breadcrumb"},"inLanguage":"en-US","potentialAction":[{"@type":"ReadAction","target":["https:\/\/www.camping-strasbourg.com\/en\/christmas-markets\/"]}]},{"@type":"BreadcrumbList","@id":"https:\/\/www.camping-strasbourg.com\/en\/christmas-markets\/#breadcrumb","itemListElement":[{"@type":"ListItem","position":1,"name":"Accueil","item":"https:\/\/www.camping-strasbourg.com\/en\/"},{"@type":"ListItem","position":2,"name":"Christmas Markets"}]},{"@type":"WebSite","@id":"https:\/\/www.camping-strasbourg.com\/en\/#website","url":"https:\/\/www.camping-strasbourg.com\/en\/","name":"Camping de Strasbourg","description":"Un site utilisant Citykamp","potentialAction":[{"@type":"SearchAction","target":{"@type":"EntryPoint","urlTemplate":"https:\/\/www.camping-strasbourg.com\/en\/?s={search_term_string}"},"query-input":{"@type":"PropertyValueSpecification","valueRequired":true,"valueName":"search_term_string"}}],"inLanguage":"en-US"}]}},"_links":{"self":[{"href":"https:\/\/www.camping-strasbourg.com\/en\/wp-json\/wp\/v2\/pages\/5216","targetHints":{"allow":["GET"]}}],"collection":[{"href":"https:\/\/www.camping-strasbourg.com\/en\/wp-json\/wp\/v2\/pages"}],"about":[{"href":"https:\/\/www.camping-strasbourg.com\/en\/wp-json\/wp\/v2\/types\/page"}],"author":[{"embeddable":true,"href":"https:\/\/www.camping-strasbourg.com\/en\/wp-json\/wp\/v2\/users\/4"}],"replies":[{"embeddable":true,"href":"https:\/\/www.camping-strasbourg.com\/en\/wp-json\/wp\/v2\/comments?post=5216"}],"version-history":[{"count":3,"href":"https:\/\/www.camping-strasbourg.com\/en\/wp-json\/wp\/v2\/pages\/5216\/revisions"}],"predecessor-version":[{"id":6355,"href":"https:\/\/www.camping-strasbourg.com\/en\/wp-json\/wp\/v2\/pages\/5216\/revisions\/6355"}],"wp:attachment":[{"href":"https:\/\/www.camping-strasbourg.com\/en\/wp-json\/wp\/v2\/media?parent=5216"}],"curies":[{"name":"wp","href":"https:\/\/api.w.org\/{rel}","templated":true}]}}