{"id":557,"date":"2018-02-02T11:59:46","date_gmt":"2018-02-02T10:59:46","guid":{"rendered":"http:\/\/www.camping-strasbourg.com\/en\/region\/"},"modified":"2025-03-04T12:47:09","modified_gmt":"2025-03-04T11:47:09","slug":"region","status":"publish","type":"page","link":"https:\/\/www.camping-strasbourg.com\/en\/region\/","title":{"rendered":"R\u00e9gion"},"content":{"rendered":"<div class=\"wpb-content-wrapper\"><p>[vc_row][vc_column][vc_single_image image=&#8221;6306&#8243; img_size=&#8221;1900&#215;500&#8243; css=&#8221;&#8221;]<div class=\"wrappedcontent\">[vc_column_text]<\/p>\n<h3>Discover Strasbourg, the Alsatian capital!<\/h3>\n<p>Camping de Strasbourg, located just 3 miles from the old town, is ideally situated for setting out to explore Strasbourg by foot or by bike, taking the cycle paths that leave from the campsite. The campsite has a tourist information point at reception.<br \/>\nOur reception staff will be happy to suggest all the best places to eat and to guide you in your Strasbourg adventure throughout the year![\/vc_column_text][vc_row_inner gap=&#8221;35&#8243; css=&#8221;.vc_custom_1718008740377{margin-left: -0.5px !important;}&#8221;][vc_column_inner][vc_masonry_media_grid element_width=&#8221;12&#8243; gap=&#8221;25&#8243; item=&#8221;197&#8243; grid_id=&#8221;vc_gid:1741088897365-a87edcac-bb36-7&#8243; include=&#8221;1651&#8243;][\/vc_column_inner][\/vc_row_inner][vc_empty_space height=&#8221;20px&#8221;]<div class=\"text-center btnwrap\"><a class=\"btn btn-huttopia-cta\" href=\"http:\/\/checkout.citykamp.com\/site\/en\/907\" role=\"button\" target=\"\" onclick=\"dataLayer.push({'event':'clickCity', 'clickText':'Book your stay'})\">Book your stay<\/a><\/div><\/div>[\/vc_column][\/vc_row][vc_row css=&#8221;.vc_custom_1518793010936{background-color: #e8e8e8 !important;}&#8221;][vc_column]<div class=\"wrappedcontent\">[vc_row_inner gap=&#8221;25&#8243; css=&#8221;.vc_custom_1718008753935{margin-left: -0.5px !important;}&#8221;][vc_column_inner width=&#8221;1\/2&#8243;][vc_column_text]<\/p>\n<h4>The &#8220;Grande-\u00eele,&#8221; classed World Heritage by UNESCO<\/h4>\n<p align=\"justify\">Discover the historic centre of the Alsatian capital with its unique and diverse heritage. Explore the picturesque historic district of Petite France, once inhabited by tanners and millers. Petite France has a unique architectural heritage with its half-timbered houses and bustling streets, which make it even more charming. Not to be missed!<\/p>\n<p>[\/vc_column_text][\/vc_column_inner][vc_column_inner width=&#8221;1\/2&#8243;][vc_masonry_media_grid element_width=&#8221;12&#8243; gap=&#8221;25&#8243; grid_id=&#8221;vc_gid:1741088897371-09ddd07b-952c-6&#8243; include=&#8221;1331&#8243;][\/vc_column_inner][\/vc_row_inner]<\/div>[\/vc_column][\/vc_row][vc_row css=&#8221;.vc_custom_1518793247440{background-color: #ffffff !important;}&#8221;][vc_column]<div class=\"wrappedcontent\">[vc_row_inner gap=&#8221;25&#8243; css=&#8221;.vc_custom_1718008761407{margin-left: -0.5px !important;}&#8221;][vc_column_inner width=&#8221;1\/2&#8243;][vc_single_image image=&#8221;1451&#8243; img_size=&#8221;full&#8221;][\/vc_column_inner][vc_column_inner width=&#8221;1\/2&#8243;][vc_column_text]<\/p>\n<h4>Notre-Dame cathedral and the heart of the old town<\/h4>\n<p align=\"justify\">Don&#8217;t miss the chance to visit the imposing 142-meter-high Notre-Dame Cathedral. You can climb up to the platform at 66 metres height and admire the incredible views over the whole city.<\/p>\n<p align=\"justify\">Top tip: Free admission on the first Sunday of every month.<\/p>\n<p align=\"justify\">The heart of the old town, around the cathedral is also remarkable, with unmissable sights, such as Kammerzell house, which has become the most famous building in Strasbourg. Admire this Renaissance-style former merchant&#8217;s house, which has now become a renowned restaurant.<\/p>\n<p align=\"justify\">You will also love discovering the many little streets and plazas such as the Place du Ch\u00e2teau where Palais Rohan stands, as well as Place Gutenberg, Place Kl\u00e9ber, Place du March\u00e9-aux-cochons-de-lait&#8230;<\/p>\n<p>[\/vc_column_text][\/vc_column_inner][\/vc_row_inner]<\/div>[\/vc_column][\/vc_row][vc_row css=&#8221;.vc_custom_1519048199475{background-color: #e8e8e8 !important;}&#8221;][vc_column]<div class=\"wrappedcontent\">[vc_row_inner gap=&#8221;35&#8243; css=&#8221;.vc_custom_1718008767559{margin-left: -0.5px !important;}&#8221;][vc_column_inner width=&#8221;1\/3&#8243;][vc_masonry_media_grid element_width=&#8221;12&#8243; item=&#8221;184&#8243; grid_id=&#8221;vc_gid:1741088897378-b7c98c5f-a291-10&#8243; include=&#8221;1636&#8243;][vc_column_text]As a European capital, Strasbourg is the symbol of reconciliation between peoples and the future of Europe. Discover the European district, which has grown steadily over the years and now has many outstanding monuments of contemporary architecture.<br \/>\nDon&#8217;t miss the Palace of Europe, which is the seat of the Council of Europe, the Human Rights Building, and the European Parliament.[\/vc_column_text][\/vc_column_inner][vc_column_inner width=&#8221;1\/3&#8243;][vc_masonry_media_grid element_width=&#8221;12&#8243; item=&#8221;184&#8243; grid_id=&#8221;vc_gid:1741088897380-aaf53f90-01f0-10&#8243; include=&#8221;1631&#8243;][vc_column_text]It is also well worth visiting the German imperial district with its imposing buildings, built at the end of the 19th century in honour of the Kaiser. Discover the German influence that reinforced the French, making Strasbourg a unique city. Be sure to visit thePlace de la R\u00e9publique, the Palais du Rhin, the National and University Library, Strasbourg National Theatre&#8230;[\/vc_column_text][\/vc_column_inner][vc_column_inner width=&#8221;1\/3&#8243;][vc_masonry_media_grid element_width=&#8221;12&#8243; item=&#8221;184&#8243; grid_id=&#8221;vc_gid:1741088897382-3a57aaab-da41-5&#8243; include=&#8221;1626&#8243;][vc_column_text]Visiting Strasbourg also means strolling along the banks of the Ill where you can discover the former customs offices and the Cour du Corbeau andmaking the most of the many parks and gardens: the botanical garden with its haven of greenery, the Orangerie park with its storks&#8230;[\/vc_column_text][\/vc_column_inner][\/vc_row_inner]<\/div>[\/vc_column][\/vc_row][vc_row][vc_column]<div class=\"wrappedcontent\">[vc_row_inner gap=&#8221;35&#8243; css=&#8221;.vc_custom_1718008774183{margin-left: -0.5px !important;}&#8221;][vc_column_inner width=&#8221;1\/2&#8243;][vc_masonry_media_grid element_width=&#8221;12&#8243; item=&#8221;184&#8243; grid_id=&#8221;vc_gid:1741088897385-139901a3-26a4-10&#8243; include=&#8221;1621&#8243;][vc_column_text]Strasbourg is also rich in cultural visits, with museums such as the Alsatian Museum, Rohan Palace (Archaeological Museum, Museum of Decorative Arts, Fine Arts Museum), the Museum of Modern and Contemporary Art, the Historic Museum of the city of Strasbourg\u2026<\/p>\n<p><em>Top tip: the Alsatian capital opens the doors of its museums for free on the 1st Sunday of each month from 10am to 6pm.<\/em>[\/vc_column_text][\/vc_column_inner][vc_column_inner width=&#8221;1\/2&#8243;][vc_masonry_media_grid element_width=&#8221;12&#8243; item=&#8221;184&#8243; grid_id=&#8221;vc_gid:1741088897388-a0bbbbd8-5bb4-9&#8243; include=&#8221;1616&#8243;][vc_column_text]No visit would be complete without stopping in one of the many winstubs, traditional taverns with a warm and friendly atmosphere, where you can sample the many Alsatian specialties. Here are a few among many others: sauerkraut, baeckeoffe, flammekueche, Fleischknepfle (meatballs), Spaetzle, bretzel&#8230; and of course the famous beers and wines of Alsace.[\/vc_column_text][\/vc_column_inner][\/vc_row_inner]<\/div>[\/vc_column][\/vc_row][vc_row css=&#8221;.vc_custom_1718372580930{background-color: #e8e8e8 !important;}&#8221;][vc_column]<div class=\"wrappedcontent\">[vc_column_text]<\/p>\n<h4 style=\"text-align: center;\"><span style=\"color: #333333;\">\u2014<\/span> Strasbourg, Capital of Christmas<span style=\"color: #333333;\">\u00a0\u2014<\/span><\/h4>\n<p>[\/vc_column_text][vc_empty_space height=&#8221;40px&#8221;][vc_row_inner gap=&#8221;35&#8243; css=&#8221;.vc_custom_1718008747446{margin-left: -0.5px !important;}&#8221;][vc_column_inner width=&#8221;1\/2&#8243;][vc_masonry_media_grid element_width=&#8221;12&#8243; gap=&#8221;25&#8243; item=&#8221;184&#8243; grid_id=&#8221;vc_gid:1741088897392-fc7be7d1-347a-8&#8243; include=&#8221;1646&#8243;][\/vc_column_inner][vc_column_inner width=&#8221;1\/2&#8243;][vc_masonry_media_grid element_width=&#8221;12&#8243; gap=&#8221;25&#8243; item=&#8221;184&#8243; grid_id=&#8221;vc_gid:1741088897394-3621a7e4-10a5-8&#8243; include=&#8221;1641&#8243;][\/vc_column_inner][\/vc_row_inner][vc_column_text]Christmas in Strasbourg&#8230; Magical, fairytale&#8230; there are no words to describe the atmosphere in the city at this time of the year. Discover the oldest Christmas market in Europe, created in 1570. In December, at nightfall, the city is adorned with lights and becomes the most beautifully lit city in Europe. Discover a unique atmosphere, with markets stalls, mulled wine, Christmas lights, decorated houses, the giant Christmas tree in Place Kl\u00e9ber&#8230; and of course, delicious Christmas Bredele biscuits. A real moment of sharing and celebration that will delight adults and children alike.[\/vc_column_text][vc_empty_space height=&#8221;20px&#8221;]<div class=\"text-center btnwrap\"><a class=\"btn btn-huttopia-cta\" href=\"http:\/\/checkout.citykamp.com\/site\/en\/907\" role=\"button\" target=\"\" onclick=\"dataLayer.push({'event':'clickCity', 'clickText':'Book your stay'})\">Book your stay<\/a><\/div><\/div>[\/vc_column][\/vc_row][vc_row][vc_column]<div class=\"wrappedcontent\">[vc_column_text]<\/p>\n<h4>Photo gallery<\/h4>\n<p>[\/vc_column_text][vc_empty_space height=&#8221;18px&#8221;][vc_masonry_media_grid style=&#8221;load-more&#8221; items_per_page=&#8221;4&#8243; element_width=&#8221;3&#8243; gap=&#8221;10&#8243; item=&#8221;1053&#8243; btn_title=&#8221;SEE MORE&#8221; btn_style=&#8221;custom&#8221; btn_custom_background=&#8221;#e84e1b&#8221; btn_custom_text=&#8221;#ffffff&#8221; btn_shape=&#8221;square&#8221; btn_i_icon_fontawesome=&#8221;fa fa-camera&#8221; btn_add_icon=&#8221;true&#8221; grid_id=&#8221;vc_gid:1741088897397-88939f77-33f8-0&#8243; include=&#8221;4585,2536,2571,4579,2546,2551,2561,2556,2541,2566,2576&#8243;]<\/div>[vc_gmaps link=&#8221;#E-8_JTNDaWZyYW1lJTIwc3JjJTNEJTIyaHR0cHMlM0ElMkYlMkZ3d3cuZ29vZ2xlLmNvbSUyRm1hcHMlMkZlbWJlZCUzRnBiJTNEJTIxMW0xOCUyMTFtMTIlMjExbTMlMjExZDE1NjkuNjMwNzgwMjA5NDAxJTIxMmQ3LjcxMzU0NTA2OTEyMzY0NSUyMTNkNDguNTc1NDk4MTQxMzc3NDMlMjEybTMlMjExZjAlMjEyZjAlMjEzZjAlMjEzbTIlMjExaTEwMjQlMjEyaTc2OCUyMTRmMTMuMSUyMTNtMyUyMTFtMiUyMTFzMHg0Nzk2YzlkMTcxMTEzMDU3JTI1M0EweDdjYzAwNGIzMDJiYzRiNDUlMjEyc0NhbXBpbmclMkJkZSUyQlN0cmFzYm91cmclMjE1ZTAlMjEzbTIlMjExc2ZyJTIxMnNmciUyMTR2MTUxOTA1OTYyMDEyMiUyMiUyMHdpZHRoJTNEJTIyNjAwJTIyJTIwaGVpZ2h0JTNEJTIyNDUwJTIyJTIwZnJhbWVib3JkZXIlM0QlMjIwJTIyJTIwc3R5bGUlM0QlMjJib3JkZXIlM0EwJTIyJTIwYWxsb3dmdWxsc2NyZWVuJTNFJTNDJTJGaWZyYW1lJTNF&#8221;][\/vc_column][\/vc_row]<\/p>\n<\/div>","protected":false},"excerpt":{"rendered":"<p>[vc_row][vc_column][vc_single_image image=&#8221;6306&#8243; img_size=&#8221;1900&#215;500&#8243; css=&#8221;&#8221;][\/vc_column][\/vc_row][vc_row css=&#8221;.vc_custom_1518793010936{background-color: #e8e8e8 !important;}&#8221;][vc_column][\/vc_column][\/vc_row][vc_row css=&#8221;.vc_custom_1518793247440{background-color: #ffffff !important;}&#8221;][vc_column][\/vc_column][\/vc_row][vc_row css=&#8221;.vc_custom_1519048199475{background-color: #e8e8e8 !important;}&#8221;][vc_column][\/vc_column][\/vc_row][vc_row][vc_column][\/vc_column][\/vc_row][vc_row css=&#8221;.vc_custom_1718372580930{background-color: #e8e8e8 !important;}&#8221;][vc_column][\/vc_column][\/vc_row][vc_row][vc_column][vc_gmaps link=&#8221;#E-8_JTNDaWZyYW1lJTIwc3JjJTNEJTIyaHR0cHMlM0ElMkYlMkZ3d3cuZ29vZ2xlLmNvbSUyRm1hcHMlMkZlbWJlZCUzRnBiJTNEJTIxMW0xOCUyMTFtMTIlMjExbTMlMjExZDE1NjkuNjMwNzgwMjA5NDAxJTIxMmQ3LjcxMzU0NTA2OTEyMzY0NSUyMTNkNDguNTc1NDk4MTQxMzc3NDMlMjEybTMlMjExZjAlMjEyZjAlMjEzZjAlMjEzbTIlMjExaTEwMjQlMjEyaTc2OCUyMTRmMTMuMSUyMTNtMyUyMTFtMiUyMTFzMHg0Nzk2YzlkMTcxMTEzMDU3JTI1M0EweDdjYzAwNGIzMDJiYzRiNDUlMjEyc0NhbXBpbmclMkJkZSUyQlN0cmFzYm91cmclMjE1ZTAlMjEzbTIlMjExc2ZyJTIxMnNmciUyMTR2MTUxOTA1OTYyMDEyMiUyMiUyMHdpZHRoJTNEJTIyNjAwJTIyJTIwaGVpZ2h0JTNEJTIyNDUwJTIyJTIwZnJhbWVib3JkZXIlM0QlMjIwJTIyJTIwc3R5bGUlM0QlMjJib3JkZXIlM0EwJTIyJTIwYWxsb3dmdWxsc2NyZWVuJTNFJTNDJTJGaWZyYW1lJTNF&#8221;][\/vc_column][\/vc_row]<\/p>\n","protected":false},"author":1,"featured_media":0,"parent":0,"menu_order":0,"comment_status":"closed","ping_status":"closed","template":"","meta":{"footnotes":""},"class_list":["post-557","page","type-page","status-publish","hentry"],"yoast_head":"<!-- This site is optimized with the Yoast SEO plugin v25.6 - https:\/\/yoast.com\/wordpress\/plugins\/seo\/ -->\n<title>Discover Strasbourg and its region - Camping de Strasbourg<\/title>\n<meta name=\"description\" content=\"Located just 3 km from the historic center, camping de Strasbourg is an ideal base for exploring the Alsatian capital and its region. Its villages with half-timbered houses, its gastronomy, its wines of Alsace, the famous cathedral of Strasbourg, there is for all the desires.\" \/>\n<meta name=\"robots\" content=\"index, follow, max-snippet:-1, max-image-preview:large, max-video-preview:-1\" \/>\n<link rel=\"canonical\" href=\"https:\/\/www.camping-strasbourg.com\/en\/region\/\" \/>\n<meta property=\"og:locale\" content=\"en_US\" \/>\n<meta property=\"og:type\" content=\"article\" \/>\n<meta property=\"og:title\" content=\"Discover Strasbourg and its region - Camping de Strasbourg\" \/>\n<meta property=\"og:description\" content=\"Located just 3 km from the historic center, camping de Strasbourg is an ideal base for exploring the Alsatian capital and its region. Its villages with half-timbered houses, its gastronomy, its wines of Alsace, the famous cathedral of Strasbourg, there is for all the desires.\" \/>\n<meta property=\"og:url\" content=\"https:\/\/www.camping-strasbourg.com\/en\/region\/\" \/>\n<meta property=\"og:site_name\" content=\"Camping de Strasbourg\" \/>\n<meta property=\"article:modified_time\" content=\"2025-03-04T11:47:09+00:00\" \/>\n<meta name=\"twitter:card\" content=\"summary_large_image\" \/>\n<meta name=\"twitter:label1\" content=\"Est. reading time\" \/>\n\t<meta name=\"twitter:data1\" content=\"9 minutes\" \/>\n<script type=\"application\/ld+json\" class=\"yoast-schema-graph\">{\"@context\":\"https:\/\/schema.org\",\"@graph\":[{\"@type\":\"WebPage\",\"@id\":\"https:\/\/www.camping-strasbourg.com\/en\/region\/\",\"url\":\"https:\/\/www.camping-strasbourg.com\/en\/region\/\",\"name\":\"Discover Strasbourg and its region - Camping de Strasbourg\",\"isPartOf\":{\"@id\":\"https:\/\/www.camping-strasbourg.com\/en\/#website\"},\"datePublished\":\"2018-02-02T10:59:46+00:00\",\"dateModified\":\"2025-03-04T11:47:09+00:00\",\"description\":\"Located just 3 km from the historic center, camping de Strasbourg is an ideal base for exploring the Alsatian capital and its region. Its villages with half-timbered houses, its gastronomy, its wines of Alsace, the famous cathedral of Strasbourg, there is for all the desires.\",\"breadcrumb\":{\"@id\":\"https:\/\/www.camping-strasbourg.com\/en\/region\/#breadcrumb\"},\"inLanguage\":\"en-US\",\"potentialAction\":[{\"@type\":\"ReadAction\",\"target\":[\"https:\/\/www.camping-strasbourg.com\/en\/region\/\"]}]},{\"@type\":\"BreadcrumbList\",\"@id\":\"https:\/\/www.camping-strasbourg.com\/en\/region\/#breadcrumb\",\"itemListElement\":[{\"@type\":\"ListItem\",\"position\":1,\"name\":\"Accueil\",\"item\":\"https:\/\/www.camping-strasbourg.com\/en\/\"},{\"@type\":\"ListItem\",\"position\":2,\"name\":\"R\u00e9gion\"}]},{\"@type\":\"WebSite\",\"@id\":\"https:\/\/www.camping-strasbourg.com\/en\/#website\",\"url\":\"https:\/\/www.camping-strasbourg.com\/en\/\",\"name\":\"Camping de Strasbourg\",\"description\":\"Un site utilisant Citykamp\",\"potentialAction\":[{\"@type\":\"SearchAction\",\"target\":{\"@type\":\"EntryPoint\",\"urlTemplate\":\"https:\/\/www.camping-strasbourg.com\/en\/?s={search_term_string}\"},\"query-input\":{\"@type\":\"PropertyValueSpecification\",\"valueRequired\":true,\"valueName\":\"search_term_string\"}}],\"inLanguage\":\"en-US\"}]}<\/script>\n<!-- \/ Yoast SEO plugin. -->","yoast_head_json":{"title":"Discover Strasbourg and its region - Camping de Strasbourg","description":"Located just 3 km from the historic center, camping de Strasbourg is an ideal base for exploring the Alsatian capital and its region. Its villages with half-timbered houses, its gastronomy, its wines of Alsace, the famous cathedral of Strasbourg, there is for all the desires.","robots":{"index":"index","follow":"follow","max-snippet":"max-snippet:-1","max-image-preview":"max-image-preview:large","max-video-preview":"max-video-preview:-1"},"canonical":"https:\/\/www.camping-strasbourg.com\/en\/region\/","og_locale":"en_US","og_type":"article","og_title":"Discover Strasbourg and its region - Camping de Strasbourg","og_description":"Located just 3 km from the historic center, camping de Strasbourg is an ideal base for exploring the Alsatian capital and its region. Its villages with half-timbered houses, its gastronomy, its wines of Alsace, the famous cathedral of Strasbourg, there is for all the desires.","og_url":"https:\/\/www.camping-strasbourg.com\/en\/region\/","og_site_name":"Camping de Strasbourg","article_modified_time":"2025-03-04T11:47:09+00:00","twitter_card":"summary_large_image","twitter_misc":{"Est. reading time":"9 minutes"},"schema":{"@context":"https:\/\/schema.org","@graph":[{"@type":"WebPage","@id":"https:\/\/www.camping-strasbourg.com\/en\/region\/","url":"https:\/\/www.camping-strasbourg.com\/en\/region\/","name":"Discover Strasbourg and its region - Camping de Strasbourg","isPartOf":{"@id":"https:\/\/www.camping-strasbourg.com\/en\/#website"},"datePublished":"2018-02-02T10:59:46+00:00","dateModified":"2025-03-04T11:47:09+00:00","description":"Located just 3 km from the historic center, camping de Strasbourg is an ideal base for exploring the Alsatian capital and its region. Its villages with half-timbered houses, its gastronomy, its wines of Alsace, the famous cathedral of Strasbourg, there is for all the desires.","breadcrumb":{"@id":"https:\/\/www.camping-strasbourg.com\/en\/region\/#breadcrumb"},"inLanguage":"en-US","potentialAction":[{"@type":"ReadAction","target":["https:\/\/www.camping-strasbourg.com\/en\/region\/"]}]},{"@type":"BreadcrumbList","@id":"https:\/\/www.camping-strasbourg.com\/en\/region\/#breadcrumb","itemListElement":[{"@type":"ListItem","position":1,"name":"Accueil","item":"https:\/\/www.camping-strasbourg.com\/en\/"},{"@type":"ListItem","position":2,"name":"R\u00e9gion"}]},{"@type":"WebSite","@id":"https:\/\/www.camping-strasbourg.com\/en\/#website","url":"https:\/\/www.camping-strasbourg.com\/en\/","name":"Camping de Strasbourg","description":"Un site utilisant Citykamp","potentialAction":[{"@type":"SearchAction","target":{"@type":"EntryPoint","urlTemplate":"https:\/\/www.camping-strasbourg.com\/en\/?s={search_term_string}"},"query-input":{"@type":"PropertyValueSpecification","valueRequired":true,"valueName":"search_term_string"}}],"inLanguage":"en-US"}]}},"_links":{"self":[{"href":"https:\/\/www.camping-strasbourg.com\/en\/wp-json\/wp\/v2\/pages\/557","targetHints":{"allow":["GET"]}}],"collection":[{"href":"https:\/\/www.camping-strasbourg.com\/en\/wp-json\/wp\/v2\/pages"}],"about":[{"href":"https:\/\/www.camping-strasbourg.com\/en\/wp-json\/wp\/v2\/types\/page"}],"author":[{"embeddable":true,"href":"https:\/\/www.camping-strasbourg.com\/en\/wp-json\/wp\/v2\/users\/1"}],"replies":[{"embeddable":true,"href":"https:\/\/www.camping-strasbourg.com\/en\/wp-json\/wp\/v2\/comments?post=557"}],"version-history":[{"count":5,"href":"https:\/\/www.camping-strasbourg.com\/en\/wp-json\/wp\/v2\/pages\/557\/revisions"}],"predecessor-version":[{"id":6311,"href":"https:\/\/www.camping-strasbourg.com\/en\/wp-json\/wp\/v2\/pages\/557\/revisions\/6311"}],"wp:attachment":[{"href":"https:\/\/www.camping-strasbourg.com\/en\/wp-json\/wp\/v2\/media?parent=557"}],"curies":[{"name":"wp","href":"https:\/\/api.w.org\/{rel}","templated":true}]}}