{"id":572,"date":"2018-02-19T15:09:36","date_gmt":"2018-02-19T14:09:36","guid":{"rendered":"http:\/\/www.camping-strasbourg.com\/en\/contact\/"},"modified":"2025-10-01T09:11:28","modified_gmt":"2025-10-01T07:11:28","slug":"contact","status":"publish","type":"page","link":"https:\/\/www.camping-strasbourg.com\/en\/contact\/","title":{"rendered":"Contact"},"content":{"rendered":"<div class=\"wpb-content-wrapper\"><p>[vc_row][vc_column]<div class=\"wrappedcontent\">[vc_column_text css=&#8221;.vc_custom_1759302685571{padding-top: 15px !important;padding-right: 15px !important;padding-bottom: 15px !important;padding-left: 15px !important;background-color: #e8e8e8 !important;}&#8221;]<\/p>\n<p style=\"text-align: center;\"><span style=\"font-size: 14pt;\"><strong><span style=\"color: #d78200;\">Have you already completed your stay, but you want to submit a complaint to us?<\/span><br \/>\n<\/strong><\/span><span style=\"color: #333333;\">To facilitate our handling of it, please use the special contact form <span style=\"text-decoration: underline;\"><a style=\"color: #333333; text-decoration: underline;\" href=\"https:\/\/huttopia.wizville.fr\/survey\/campaign\/3247?placeid=907&amp;language=en\" target=\"_blank\" rel=\"noopener noreferrer\">by clicking here<\/a><\/span>.<\/span><\/p>\n<p>[\/vc_column_text][vc_empty_space height=&#8221;20px&#8221;][vc_column_text]<\/p>\n<p style=\"text-align: center;\"><span style=\"font-size: 14pt;\">For any other requests, please use the form below.<\/span><\/p>\n<p>[\/vc_column_text]<\/div>[\/vc_column][\/vc_row]<\/p>\n<\/div>","protected":false},"excerpt":{"rendered":"<p>[vc_row][vc_column][\/vc_column][\/vc_row]<\/p>\n","protected":false},"author":1,"featured_media":0,"parent":0,"menu_order":0,"comment_status":"closed","ping_status":"closed","template":"templates\/page-contact.php","meta":{"footnotes":""},"class_list":["post-572","page","type-page","status-publish","hentry"],"yoast_head":"<!-- This site is optimized with the Yoast SEO plugin v25.6 - https:\/\/yoast.com\/wordpress\/plugins\/seo\/ -->\n<title>Contact - Camping de Strasbourg<\/title>\n<meta name=\"description\" content=\"Nous tenons \u00e0 ce que votre s\u00e9jour soit le plus r\u00e9ussi possible. Pour toute remarque ou question, n&#039;h\u00e9sitez pas \u00e0 nous contacter via notre formulaire. Nous vous r\u00e9pondrons dans les plus brefs d\u00e9lais.\" \/>\n<meta name=\"robots\" content=\"index, follow, max-snippet:-1, max-image-preview:large, max-video-preview:-1\" \/>\n<link rel=\"canonical\" href=\"https:\/\/www.camping-strasbourg.com\/en\/contact\/\" \/>\n<meta property=\"og:locale\" content=\"en_US\" \/>\n<meta property=\"og:type\" content=\"article\" \/>\n<meta property=\"og:title\" content=\"Contact - Camping de Strasbourg\" \/>\n<meta property=\"og:description\" content=\"Nous tenons \u00e0 ce que votre s\u00e9jour soit le plus r\u00e9ussi possible. Pour toute remarque ou question, n&#039;h\u00e9sitez pas \u00e0 nous contacter via notre formulaire. Nous vous r\u00e9pondrons dans les plus brefs d\u00e9lais.\" \/>\n<meta property=\"og:url\" content=\"https:\/\/www.camping-strasbourg.com\/en\/contact\/\" \/>\n<meta property=\"og:site_name\" content=\"Camping de Strasbourg\" \/>\n<meta property=\"article:modified_time\" content=\"2025-10-01T07:11:28+00:00\" \/>\n<meta name=\"twitter:card\" content=\"summary_large_image\" \/>\n<meta name=\"twitter:label1\" content=\"Est. reading time\" \/>\n\t<meta name=\"twitter:data1\" content=\"1 minute\" \/>\n<script type=\"application\/ld+json\" class=\"yoast-schema-graph\">{\"@context\":\"https:\/\/schema.org\",\"@graph\":[{\"@type\":\"WebPage\",\"@id\":\"https:\/\/www.camping-strasbourg.com\/en\/contact\/\",\"url\":\"https:\/\/www.camping-strasbourg.com\/en\/contact\/\",\"name\":\"Contact - Camping de Strasbourg\",\"isPartOf\":{\"@id\":\"https:\/\/www.camping-strasbourg.com\/en\/#website\"},\"datePublished\":\"2018-02-19T14:09:36+00:00\",\"dateModified\":\"2025-10-01T07:11:28+00:00\",\"description\":\"Nous tenons \u00e0 ce que votre s\u00e9jour soit le plus r\u00e9ussi possible. Pour toute remarque ou question, n'h\u00e9sitez pas \u00e0 nous contacter via notre formulaire. Nous vous r\u00e9pondrons dans les plus brefs d\u00e9lais.\",\"breadcrumb\":{\"@id\":\"https:\/\/www.camping-strasbourg.com\/en\/contact\/#breadcrumb\"},\"inLanguage\":\"en-US\",\"potentialAction\":[{\"@type\":\"ReadAction\",\"target\":[\"https:\/\/www.camping-strasbourg.com\/en\/contact\/\"]}]},{\"@type\":\"BreadcrumbList\",\"@id\":\"https:\/\/www.camping-strasbourg.com\/en\/contact\/#breadcrumb\",\"itemListElement\":[{\"@type\":\"ListItem\",\"position\":1,\"name\":\"Accueil\",\"item\":\"https:\/\/www.camping-strasbourg.com\/en\/\"},{\"@type\":\"ListItem\",\"position\":2,\"name\":\"Contact\"}]},{\"@type\":\"WebSite\",\"@id\":\"https:\/\/www.camping-strasbourg.com\/en\/#website\",\"url\":\"https:\/\/www.camping-strasbourg.com\/en\/\",\"name\":\"Camping de Strasbourg\",\"description\":\"Un site utilisant Citykamp\",\"potentialAction\":[{\"@type\":\"SearchAction\",\"target\":{\"@type\":\"EntryPoint\",\"urlTemplate\":\"https:\/\/www.camping-strasbourg.com\/en\/?s={search_term_string}\"},\"query-input\":{\"@type\":\"PropertyValueSpecification\",\"valueRequired\":true,\"valueName\":\"search_term_string\"}}],\"inLanguage\":\"en-US\"}]}<\/script>\n<!-- \/ Yoast SEO plugin. -->","yoast_head_json":{"title":"Contact - Camping de Strasbourg","description":"Nous tenons \u00e0 ce que votre s\u00e9jour soit le plus r\u00e9ussi possible. Pour toute remarque ou question, n'h\u00e9sitez pas \u00e0 nous contacter via notre formulaire. Nous vous r\u00e9pondrons dans les plus brefs d\u00e9lais.","robots":{"index":"index","follow":"follow","max-snippet":"max-snippet:-1","max-image-preview":"max-image-preview:large","max-video-preview":"max-video-preview:-1"},"canonical":"https:\/\/www.camping-strasbourg.com\/en\/contact\/","og_locale":"en_US","og_type":"article","og_title":"Contact - Camping de Strasbourg","og_description":"Nous tenons \u00e0 ce que votre s\u00e9jour soit le plus r\u00e9ussi possible. Pour toute remarque ou question, n'h\u00e9sitez pas \u00e0 nous contacter via notre formulaire. Nous vous r\u00e9pondrons dans les plus brefs d\u00e9lais.","og_url":"https:\/\/www.camping-strasbourg.com\/en\/contact\/","og_site_name":"Camping de Strasbourg","article_modified_time":"2025-10-01T07:11:28+00:00","twitter_card":"summary_large_image","twitter_misc":{"Est. reading time":"1 minute"},"schema":{"@context":"https:\/\/schema.org","@graph":[{"@type":"WebPage","@id":"https:\/\/www.camping-strasbourg.com\/en\/contact\/","url":"https:\/\/www.camping-strasbourg.com\/en\/contact\/","name":"Contact - Camping de Strasbourg","isPartOf":{"@id":"https:\/\/www.camping-strasbourg.com\/en\/#website"},"datePublished":"2018-02-19T14:09:36+00:00","dateModified":"2025-10-01T07:11:28+00:00","description":"Nous tenons \u00e0 ce que votre s\u00e9jour soit le plus r\u00e9ussi possible. Pour toute remarque ou question, n'h\u00e9sitez pas \u00e0 nous contacter via notre formulaire. Nous vous r\u00e9pondrons dans les plus brefs d\u00e9lais.","breadcrumb":{"@id":"https:\/\/www.camping-strasbourg.com\/en\/contact\/#breadcrumb"},"inLanguage":"en-US","potentialAction":[{"@type":"ReadAction","target":["https:\/\/www.camping-strasbourg.com\/en\/contact\/"]}]},{"@type":"BreadcrumbList","@id":"https:\/\/www.camping-strasbourg.com\/en\/contact\/#breadcrumb","itemListElement":[{"@type":"ListItem","position":1,"name":"Accueil","item":"https:\/\/www.camping-strasbourg.com\/en\/"},{"@type":"ListItem","position":2,"name":"Contact"}]},{"@type":"WebSite","@id":"https:\/\/www.camping-strasbourg.com\/en\/#website","url":"https:\/\/www.camping-strasbourg.com\/en\/","name":"Camping de Strasbourg","description":"Un site utilisant Citykamp","potentialAction":[{"@type":"SearchAction","target":{"@type":"EntryPoint","urlTemplate":"https:\/\/www.camping-strasbourg.com\/en\/?s={search_term_string}"},"query-input":{"@type":"PropertyValueSpecification","valueRequired":true,"valueName":"search_term_string"}}],"inLanguage":"en-US"}]}},"_links":{"self":[{"href":"https:\/\/www.camping-strasbourg.com\/en\/wp-json\/wp\/v2\/pages\/572","targetHints":{"allow":["GET"]}}],"collection":[{"href":"https:\/\/www.camping-strasbourg.com\/en\/wp-json\/wp\/v2\/pages"}],"about":[{"href":"https:\/\/www.camping-strasbourg.com\/en\/wp-json\/wp\/v2\/types\/page"}],"author":[{"embeddable":true,"href":"https:\/\/www.camping-strasbourg.com\/en\/wp-json\/wp\/v2\/users\/1"}],"replies":[{"embeddable":true,"href":"https:\/\/www.camping-strasbourg.com\/en\/wp-json\/wp\/v2\/comments?post=572"}],"version-history":[{"count":2,"href":"https:\/\/www.camping-strasbourg.com\/en\/wp-json\/wp\/v2\/pages\/572\/revisions"}],"predecessor-version":[{"id":6361,"href":"https:\/\/www.camping-strasbourg.com\/en\/wp-json\/wp\/v2\/pages\/572\/revisions\/6361"}],"wp:attachment":[{"href":"https:\/\/www.camping-strasbourg.com\/en\/wp-json\/wp\/v2\/media?parent=572"}],"curies":[{"name":"wp","href":"https:\/\/api.w.org\/{rel}","templated":true}]}}