{"id":4412,"date":"2022-02-16T14:37:39","date_gmt":"2022-02-16T13:37:39","guid":{"rendered":"https:\/\/www.camping-strasbourg.com\/mon-sejour\/"},"modified":"2025-03-07T10:45:57","modified_gmt":"2025-03-07T09:45:57","slug":"mi-estancia","status":"publish","type":"page","link":"https:\/\/www.camping-strasbourg.com\/es\/mi-estancia\/","title":{"rendered":"Mi estancia"},"content":{"rendered":"<div class=\"wpb-content-wrapper\"><p>[vc_row css=\u00bb.vc_custom_1645018803503{background-color: #e8e8e8 !important;}\u00bb][vc_column]<div class=\"wrappedcontent\">[vc_empty_space height=\u00bb40px\u00bb][vc_column_text]<\/p>\n<h2 style=\"text-align: center;\">Todas las informaciones pr\u00e1cticas previas a tu estancia<\/h2>\n<p>[\/vc_column_text]<\/div>[\/vc_column][\/vc_row][vc_row][vc_column]<div class=\"wrappedcontent\">[vc_row_inner equal_height=\u00bbyes\u00bb gap=\u00bb35&#8243; css=\u00bb.vc_custom_1645019231519{margin-left: 0px !important;}\u00bb][vc_column_inner width=\u00bb1\/2&#8243;][vc_icon icon_fontawesome=\u00bbfas fa-campground\u00bb color=\u00bbcustom\u00bb align=\u00bbcenter\u00bb custom_color=\u00bb#e84e1b\u00bb][vc_column_text]<\/p>\n<p style=\"text-align: center;\"><span style=\"color: #e94e1b;\"><strong><span style=\"font-size: 20pt;\">Mi estancia en parcela<\/span><\/strong><\/span><\/p>\n<p>[\/vc_column_text][vc_empty_space height=\u00bb35px\u00bb][vc_column_text]<span style=\"font-size: 14pt;\"><strong>Lo que est\u00e1 incluido en mi forfait Camping: <\/strong><\/span><\/p>\n<ul>\n<li>2 personas<\/li>\n<li>1 equipamiento (tienda o caravana)<\/li>\n<li>1 veh\u00edculo (1 coche o moto) o 1 autocaravana<\/li>\n<li>Un \u00e1rea de servicio para autocaravanas<\/li>\n<li>Wifi<\/li>\n<\/ul>\n<p><span style=\"font-size: 12pt;\"><b>\u00a0 \u00a0 \u00a0 Con suplemento:<\/b><\/span><\/p>\n<ul>\n<li>Conexi\u00f3n el\u00e9ctrica<\/li>\n<li>Hasta 6 personas por parcela (adultos, ni\u00f1os y beb\u00e9s)<\/li>\n<li>1 solo animal aceptado<\/li>\n<li>1 \u00fanica tienda supletoria peque\u00f1a (2m x 2m)<\/li>\n<li>Gastos de preferencia (Reservar un n\u00famero concreto de parcela)<\/li>\n<\/ul>\n<p><span style=\"font-size: 14pt;\"><strong>Forma de pago<\/strong><\/span><\/p>\n<ul>\n<li><span style=\"font-size: 12pt;\">Para 3 noches o m\u00e1s: anticipo del 40% del importe de la estancia en el momento de la reserva. El resto en el lugar.<\/span><\/li>\n<li><span style=\"font-size: 12pt;\">Para 1 o 2 noches, 100% del coste de la estancia al realizar la reserva.<\/span><\/li>\n<\/ul>\n<p><strong>Modificaci\u00f3n<\/strong>: hasta con 30 d\u00edas de antelaci\u00f3n y 50 \u20ac de gastos.<br \/>\n<strong>Cancelaci\u00f3n:\u00a0<\/strong> hasta con 30 d\u00edas con gastos de reserva: dep\u00f3sito del 40% del coste total de la estancia + p\u00f3liza de seguro + gastos de reserva. Despu\u00e9s del 30-D, la estancia no es reembolsable.<\/p>\n<p><span style=\"font-size: 14pt;\"><strong>Horarios de llegada y salida<\/strong><\/span><br \/>\n<span style=\"font-size: 12pt;\">Hora de llegada: 14h\/Hora de salida: 12h<\/span>[\/vc_column_text][\/vc_column_inner][vc_column_inner width=\u00bb1\/2&#8243;][vc_icon icon_fontawesome=\u00bbfas fa-home\u00bb color=\u00bbcustom\u00bb align=\u00bbcenter\u00bb custom_color=\u00bb#e84e1b\u00bb][vc_column_text]<\/p>\n<p style=\"text-align: center;\"><span style=\"color: #e94e1b;\"><strong><span style=\"font-size: 20pt;\">Mi estancia en alojamiento<\/span><\/strong><\/span><\/p>\n<p>[\/vc_column_text][vc_empty_space height=\u00bb35px\u00bb][vc_column_text]<span style=\"font-size: 14pt;\"><strong>Lo que est\u00e1 incluido en mi alojamiento :\u00a0<\/strong><\/span><\/p>\n<ul>\n<li>S\u00e1banas y toallas<\/li>\n<li>Kit de limpieza (esponja, l\u00edquido lavavajillas, producto multiuso)<\/li>\n<li>TV y Wifi<\/li>\n<li>La electricidad<\/li>\n<li>1 veh\u00edculo<\/li>\n<\/ul>\n<p><span style=\"font-size: 12pt;\"><b>\u00a0 \u00a0 \u00a0 Con suplemento:<\/b><\/span><\/p>\n<ul>\n<li>1 solo animal aceptado<\/li>\n<li>Forfait limpieza fin de estancia<\/li>\n<li>Gastos de preferencia (Reservar un n\u00famero concreto de alojamiento)<\/li>\n<\/ul>\n<p><span style=\"font-size: 14pt;\"><strong>Forma de pago<\/strong><\/span><\/p>\n<ul>\n<li>Anticipo del 40% a la reserva, abono del total restante un mes antes de la llegada.<\/li>\n<\/ul>\n<p><strong>Modificaci\u00f3n<\/strong>: hasta con 30 d\u00edas de antelaci\u00f3n y 50 \u20ac de gastos.<br \/>\n<strong>Cancelaci\u00f3n:\u00a0<\/strong> hasta con 30 d\u00edas con gastos de reserva: dep\u00f3sito del 40% del coste total de la estancia + p\u00f3liza de seguro + gastos de reserva. Despu\u00e9s del 30-D, la estancia no es reembolsable.<\/p>\n<p><span style=\"font-size: 14pt;\"><strong>Horarios de llegada y salida<\/strong><\/span><br \/>\n<span style=\"font-size: 12pt;\">Hora de llegada: 16h\/Hora de salida: 10h<\/span>[\/vc_column_text][\/vc_column_inner][\/vc_row_inner][vc_column_text]<em><span style=\"font-size: 10pt;\">\u00a0Para la tranquilidad de nuestros emplazamientos, s\u00f3lo se permite aparcar un veh\u00edculo dentro del camping (en el aparcamiento o en la parcela). Todos los veh\u00edculos adicionales deben aparcar fuera.<\/span><\/em>[\/vc_column_text][vc_empty_space height=\u00bb55px\u00bb][vc_column_text]<\/p>\n<p style=\"text-align: center;\"><span style=\"font-size: 18pt; color: #e94e1b;\"><strong>SERVICIOS ADICIONALES<\/strong><\/span><\/p>\n<p>[\/vc_column_text][vc_empty_space height=\u00bb35px\u00bb][vc_row_inner][vc_column_inner width=\u00bb1\/5&#8243;][vc_icon icon_fontawesome=\u00bbfas fa-bed\u00bb color=\u00bbcustom\u00bb align=\u00bbcenter\u00bb custom_color=\u00bb#e84e1b\u00bb][vc_column_text]<\/p>\n<p style=\"text-align: center;\"><strong>Opci\u00f3n cama hecha a la llegada<\/strong><\/p>\n<p>[\/vc_column_text][\/vc_column_inner][vc_column_inner width=\u00bb1\/5&#8243;][vc_icon type=\u00bbmaterial\u00bb icon_material=\u00bbvc-material vc-material-kitchen\u00bb color=\u00bbcustom\u00bb align=\u00bbcenter\u00bb custom_color=\u00bb#e84e1b\u00bb][vc_column_text]<\/p>\n<p style=\"text-align: center;\"><strong>Alquiler de barbacoas y frigor\u00edficos<\/strong><\/p>\n<p>[\/vc_column_text][\/vc_column_inner][vc_column_inner width=\u00bb1\/5&#8243;][vc_icon icon_fontawesome=\u00bbfas fa-baby-carriage\u00bb color=\u00bbcustom\u00bb align=\u00bbcenter\u00bb custom_color=\u00bb#e84e1b\u00bb][vc_column_text]<\/p>\n<p style=\"text-align: center;\"><strong>Kit beb\u00e9 (cuna de viaje + trona)<\/strong><\/p>\n<p>[\/vc_column_text][\/vc_column_inner][vc_column_inner width=\u00bb1\/5&#8243;][vc_icon type=\u00bbmaterial\u00bb icon_material=\u00bbvc-material vc-material-local_laundry_service\u00bb color=\u00bbcustom\u00bb align=\u00bbcenter\u00bb custom_color=\u00bb#e84e1b\u00bb][vc_column_text]<\/p>\n<p style=\"text-align: center;\"><strong>Lavander\u00eda<\/strong><\/p>\n<p>[\/vc_column_text][\/vc_column_inner][vc_column_inner width=\u00bb1\/5&#8243;][vc_icon icon_fontawesome=\u00bbfas fa-broom\u00bb color=\u00bbcustom\u00bb align=\u00bbcenter\u00bb custom_color=\u00bb#e84e1b\u00bb][vc_column_text]<\/p>\n<p style=\"text-align: center;\"><strong>Servicio de limpieza<\/strong><\/p>\n<p>[\/vc_column_text][\/vc_column_inner][\/vc_row_inner][vc_empty_space height=\u00bb35px\u00bb]<div class=\"text-center btnwrap\"><a class=\"btn btn-huttopia-cta\" href=\"http:\/\/checkout.citykamp.com\/site\/es\/907\" role=\"button\" target=\"\" onclick=\"dataLayer.push({'event':'clickCity', 'clickText':'Reservar tu estancia'})\">Reservar tu estancia<\/a><\/div><\/div>[\/vc_column][\/vc_row][vc_row css=\u00bb.vc_custom_1645020514928{background-color: #e8e8e8 !important;}\u00bb][vc_column]<div class=\"wrappedcontent\">[vc_row_inner equal_height=\u00bbyes\u00bb gap=\u00bb25&#8243;][vc_column_inner width=\u00bb1\/3&#8243;][vc_masonry_media_grid element_width=\u00bb12&#8243; gap=\u00bb0&#8243; grid_id=\u00bbvc_gid:1741340723481-221cce69-41be-4&#8243; include=\u00bb4406&#8243;][\/vc_column_inner][vc_column_inner width=\u00bb2\/3&#8243;][vc_column_text]<span style=\"color: #e94e1b;\"><strong><span style=\"font-size: 16pt;\">\u00a1Los animales son bienvenidos!<\/span><\/strong><\/span><\/p>\n<p><span style=\"font-size: 14pt;\">Aceptamos un animal de compa\u00f1\u00eda por parcela o por alojamiento.<\/span><br \/>\n<span style=\"font-size: 14pt;\">Debe estar vacunados y con correa.<\/span>[\/vc_column_text][\/vc_column_inner][\/vc_row_inner]<\/div>[\/vc_column][\/vc_row][vc_row css=\u00bb.vc_custom_1645020789808{background-color: #e94e1b !important;}\u00bb][vc_column]<div class=\"wrappedcontent\">[vc_row_inner][vc_column_inner width=\u00bb1\/3&#8243;][vc_icon icon_fontawesome=\u00bbfas fa-wallet\u00bb color=\u00bbwhite\u00bb align=\u00bbcenter\u00bb][vc_column_text]<\/p>\n<p style=\"text-align: center;\"><span style=\"font-size: 14pt; color: #ffffff;\"><strong>GASTOS DE RESERVA<\/strong><\/span><\/p>\n<p style=\"text-align: center;\"><span style=\"color: #ffffff;\">22\u20ac para estancias entre el 28\/06 y el 31\/08<br \/>\nGratis el resto del a\u00f1o<\/span>[\/vc_column_text][\/vc_column_inner][vc_column_inner width=\u00bb1\/3&#8243;][vc_icon icon_fontawesome=\u00bbfas fa-briefcase\u00bb color=\u00bbwhite\u00bb align=\u00bbcenter\u00bb][vc_column_text]<\/p>\n<p style=\"text-align: center;\"><span style=\"font-size: 14pt; color: #ffffff;\"><strong>SEGURO DE CANCELACI\u00d3N<\/strong><\/span><\/p>\n<p style=\"text-align: center;\"><span style=\"color: #ffffff;\">Seguro de cancelaci\u00f3n e interrupci\u00f3n de la estancia<br \/>\n4,5% del importe total de su estancia (excepto gastos administrativos y tasa de estancia). <\/span><\/p>\n<p>[\/vc_column_text][\/vc_column_inner][vc_column_inner width=\u00bb1\/3&#8243;][vc_icon icon_fontawesome=\u00bbfas fa-tags\u00bb color=\u00bbwhite\u00bb align=\u00bbcenter\u00bb][vc_column_text]<\/p>\n<p style=\"text-align: center;\"><span style=\"font-size: 14pt; color: #ffffff;\"><strong>TARIFAS ADICIONALES<\/strong><\/span><\/p>\n<p style=\"text-align: center;\"><a href=\"https:\/\/media.huttopia.com\/tarifs-annexes-citykamp-en.pdf\" target=\"_blank\" rel=\"noopener noreferrer\"><span style=\"color: #ffffff;\"><u>Consultar las tarifas adicionales<\/u><\/span><\/a><\/p>\n<p>[\/vc_column_text][\/vc_column_inner][\/vc_row_inner]<\/div>[\/vc_column][\/vc_row][vc_row][vc_column]<div class=\"wrappedcontent\">[vc_row_inner equal_height=\u00bbyes\u00bb gap=\u00bb30&#8243;][vc_column_inner width=\u00bb1\/3&#8243;][vc_masonry_media_grid element_width=\u00bb12&#8243; gap=\u00bb0&#8243; grid_id=\u00bbvc_gid:1741340723491-df741e4f-dae0-2&#8243; include=\u00bb5421&#8243;][\/vc_column_inner][vc_column_inner width=\u00bb2\/3&#8243;][vc_column_text css=\u00bb\u00bb]<\/p>\n<h2><span style=\"color: #e94e1b;\">CAMPING CARD<\/span><\/h2>\n<p><span style=\"font-size: 12pt;\">Acampa a partir de <span style=\"color: #e84e1b;\"><strong>15\u20ac<\/strong><\/span>* la noche con la <span style=\"color: #e94e1b;\"><a style=\"color: #e94e1b;\" href=\"https:\/\/www.citykamp.com\/es\/camping-card\/\"><span style=\"text-decoration: underline;\">Camping Card<\/span><\/a><\/span>\u00a0Huttopia.<\/span><br \/>\n<span style=\"font-size: 12pt;\">Benef\u00edciate de precios reducidos y noches gratuitas durante temporada alta y baja, en todos los campings <span style=\"text-decoration: underline;\"><span style=\"color: #e94e1b;\"><a style=\"color: #e94e1b; text-decoration: underline;\" href=\"https:\/\/www.citykamp.com\/es\/destinos\/\">Citykamp<\/a><\/span>,<\/span> <span style=\"text-decoration: underline; color: #e94e1b;\"><a style=\"color: #e94e1b; text-decoration: underline;\" href=\"https:\/\/www.onlycamp.fr\/en\/\">Onlycamp<\/a><\/span> y todos los <span style=\"text-decoration: underline; color: #e94e1b;\"><a style=\"color: #e94e1b; text-decoration: underline;\" href=\"https:\/\/europe.huttopia.com\/es\/destinations\/campings\/\">campings Huttopia<\/a><\/span>.<\/span><\/p>\n<p><em><span style=\"font-size: 10pt;\">*Tarifa que incluye 1 parcela para 2 personas con electricidad (+ animal de compa\u00f1\u00eda gratis).<\/span><\/em>[\/vc_column_text][vc_empty_space]<div class=\" btnwrap\"><a class=\"btn btn-huttopia-cta\" href=\"https:\/\/www.citykamp.com\/es\/camping-card\/\" role=\"button\" target=\"true\" onclick=\"dataLayer.push({'event':'clickCity', 'clickText':'SABER M\u00c1S'})\">SABER M\u00c1S<\/a><\/div>[\/vc_column_inner][\/vc_row_inner]<\/div>[\/vc_column][\/vc_row]<\/p>\n<\/div>","protected":false},"excerpt":{"rendered":"<p>[vc_row css=\u00bb.vc_custom_1645018803503{background-color: #e8e8e8 !important;}\u00bb][vc_column][\/vc_column][\/vc_row][vc_row][vc_column][\/vc_column][\/vc_row][vc_row css=\u00bb.vc_custom_1645020514928{background-color: #e8e8e8 !important;}\u00bb][vc_column][\/vc_column][\/vc_row][vc_row css=\u00bb.vc_custom_1645020789808{background-color: #e94e1b !important;}\u00bb][vc_column][\/vc_column][\/vc_row][vc_row][vc_column][\/vc_column][\/vc_row]<\/p>\n","protected":false},"author":1,"featured_media":0,"parent":0,"menu_order":0,"comment_status":"closed","ping_status":"closed","template":"","meta":{"footnotes":""},"class_list":["post-4412","page","type-page","status-publish","hentry"],"yoast_head":"<!-- This site is optimized with the Yoast SEO plugin v25.6 - https:\/\/yoast.com\/wordpress\/plugins\/seo\/ -->\n<title>Informaci\u00f3n pr\u00e1ctica sobre tu estancia en el Camping Estrasburgo<\/title>\n<meta name=\"description\" content=\"Toda la informaci\u00f3n pr\u00e1ctica antes de su estancia en el Camping Estrasburgo: lo que est\u00e1 incluido, las condiciones de pago y las condiciones.\" \/>\n<meta name=\"robots\" content=\"index, follow, max-snippet:-1, max-image-preview:large, max-video-preview:-1\" \/>\n<link rel=\"canonical\" href=\"https:\/\/www.camping-strasbourg.com\/es\/mi-estancia\/\" \/>\n<meta property=\"og:locale\" content=\"es_ES\" \/>\n<meta property=\"og:type\" content=\"article\" \/>\n<meta property=\"og:title\" content=\"Informaci\u00f3n pr\u00e1ctica sobre tu estancia en el Camping Estrasburgo\" \/>\n<meta property=\"og:description\" content=\"Toda la informaci\u00f3n pr\u00e1ctica antes de su estancia en el Camping Estrasburgo: lo que est\u00e1 incluido, las condiciones de pago y las condiciones.\" \/>\n<meta property=\"og:url\" content=\"https:\/\/www.camping-strasbourg.com\/es\/mi-estancia\/\" \/>\n<meta property=\"og:site_name\" content=\"Camping de Strasbourg\" \/>\n<meta property=\"article:modified_time\" content=\"2025-03-07T09:45:57+00:00\" \/>\n<meta name=\"twitter:card\" content=\"summary_large_image\" \/>\n<meta name=\"twitter:label1\" content=\"Est. reading time\" \/>\n\t<meta name=\"twitter:data1\" content=\"4 minutos\" \/>\n<script type=\"application\/ld+json\" class=\"yoast-schema-graph\">{\"@context\":\"https:\/\/schema.org\",\"@graph\":[{\"@type\":\"WebPage\",\"@id\":\"https:\/\/www.camping-strasbourg.com\/es\/mi-estancia\/\",\"url\":\"https:\/\/www.camping-strasbourg.com\/es\/mi-estancia\/\",\"name\":\"Informaci\u00f3n pr\u00e1ctica sobre tu estancia en el Camping Estrasburgo\",\"isPartOf\":{\"@id\":\"https:\/\/www.camping-strasbourg.com\/es\/#website\"},\"datePublished\":\"2022-02-16T13:37:39+00:00\",\"dateModified\":\"2025-03-07T09:45:57+00:00\",\"description\":\"Toda la informaci\u00f3n pr\u00e1ctica antes de su estancia en el Camping Estrasburgo: lo que est\u00e1 incluido, las condiciones de pago y las condiciones.\",\"breadcrumb\":{\"@id\":\"https:\/\/www.camping-strasbourg.com\/es\/mi-estancia\/#breadcrumb\"},\"inLanguage\":\"es\",\"potentialAction\":[{\"@type\":\"ReadAction\",\"target\":[\"https:\/\/www.camping-strasbourg.com\/es\/mi-estancia\/\"]}]},{\"@type\":\"BreadcrumbList\",\"@id\":\"https:\/\/www.camping-strasbourg.com\/es\/mi-estancia\/#breadcrumb\",\"itemListElement\":[{\"@type\":\"ListItem\",\"position\":1,\"name\":\"Accueil\",\"item\":\"https:\/\/www.camping-strasbourg.com\/es\/\"},{\"@type\":\"ListItem\",\"position\":2,\"name\":\"Mi estancia\"}]},{\"@type\":\"WebSite\",\"@id\":\"https:\/\/www.camping-strasbourg.com\/es\/#website\",\"url\":\"https:\/\/www.camping-strasbourg.com\/es\/\",\"name\":\"Camping de Strasbourg\",\"description\":\"Un site utilisant Citykamp\",\"potentialAction\":[{\"@type\":\"SearchAction\",\"target\":{\"@type\":\"EntryPoint\",\"urlTemplate\":\"https:\/\/www.camping-strasbourg.com\/es\/?s={search_term_string}\"},\"query-input\":{\"@type\":\"PropertyValueSpecification\",\"valueRequired\":true,\"valueName\":\"search_term_string\"}}],\"inLanguage\":\"es\"}]}<\/script>\n<!-- \/ Yoast SEO plugin. -->","yoast_head_json":{"title":"Informaci\u00f3n pr\u00e1ctica sobre tu estancia en el Camping Estrasburgo","description":"Toda la informaci\u00f3n pr\u00e1ctica antes de su estancia en el Camping Estrasburgo: lo que est\u00e1 incluido, las condiciones de pago y las condiciones.","robots":{"index":"index","follow":"follow","max-snippet":"max-snippet:-1","max-image-preview":"max-image-preview:large","max-video-preview":"max-video-preview:-1"},"canonical":"https:\/\/www.camping-strasbourg.com\/es\/mi-estancia\/","og_locale":"es_ES","og_type":"article","og_title":"Informaci\u00f3n pr\u00e1ctica sobre tu estancia en el Camping Estrasburgo","og_description":"Toda la informaci\u00f3n pr\u00e1ctica antes de su estancia en el Camping Estrasburgo: lo que est\u00e1 incluido, las condiciones de pago y las condiciones.","og_url":"https:\/\/www.camping-strasbourg.com\/es\/mi-estancia\/","og_site_name":"Camping de Strasbourg","article_modified_time":"2025-03-07T09:45:57+00:00","twitter_card":"summary_large_image","twitter_misc":{"Est. reading time":"4 minutos"},"schema":{"@context":"https:\/\/schema.org","@graph":[{"@type":"WebPage","@id":"https:\/\/www.camping-strasbourg.com\/es\/mi-estancia\/","url":"https:\/\/www.camping-strasbourg.com\/es\/mi-estancia\/","name":"Informaci\u00f3n pr\u00e1ctica sobre tu estancia en el Camping Estrasburgo","isPartOf":{"@id":"https:\/\/www.camping-strasbourg.com\/es\/#website"},"datePublished":"2022-02-16T13:37:39+00:00","dateModified":"2025-03-07T09:45:57+00:00","description":"Toda la informaci\u00f3n pr\u00e1ctica antes de su estancia en el Camping Estrasburgo: lo que est\u00e1 incluido, las condiciones de pago y las condiciones.","breadcrumb":{"@id":"https:\/\/www.camping-strasbourg.com\/es\/mi-estancia\/#breadcrumb"},"inLanguage":"es","potentialAction":[{"@type":"ReadAction","target":["https:\/\/www.camping-strasbourg.com\/es\/mi-estancia\/"]}]},{"@type":"BreadcrumbList","@id":"https:\/\/www.camping-strasbourg.com\/es\/mi-estancia\/#breadcrumb","itemListElement":[{"@type":"ListItem","position":1,"name":"Accueil","item":"https:\/\/www.camping-strasbourg.com\/es\/"},{"@type":"ListItem","position":2,"name":"Mi estancia"}]},{"@type":"WebSite","@id":"https:\/\/www.camping-strasbourg.com\/es\/#website","url":"https:\/\/www.camping-strasbourg.com\/es\/","name":"Camping de Strasbourg","description":"Un site utilisant Citykamp","potentialAction":[{"@type":"SearchAction","target":{"@type":"EntryPoint","urlTemplate":"https:\/\/www.camping-strasbourg.com\/es\/?s={search_term_string}"},"query-input":{"@type":"PropertyValueSpecification","valueRequired":true,"valueName":"search_term_string"}}],"inLanguage":"es"}]}},"_links":{"self":[{"href":"https:\/\/www.camping-strasbourg.com\/es\/wp-json\/wp\/v2\/pages\/4412","targetHints":{"allow":["GET"]}}],"collection":[{"href":"https:\/\/www.camping-strasbourg.com\/es\/wp-json\/wp\/v2\/pages"}],"about":[{"href":"https:\/\/www.camping-strasbourg.com\/es\/wp-json\/wp\/v2\/types\/page"}],"author":[{"embeddable":true,"href":"https:\/\/www.camping-strasbourg.com\/es\/wp-json\/wp\/v2\/users\/1"}],"replies":[{"embeddable":true,"href":"https:\/\/www.camping-strasbourg.com\/es\/wp-json\/wp\/v2\/comments?post=4412"}],"version-history":[{"count":5,"href":"https:\/\/www.camping-strasbourg.com\/es\/wp-json\/wp\/v2\/pages\/4412\/revisions"}],"predecessor-version":[{"id":6325,"href":"https:\/\/www.camping-strasbourg.com\/es\/wp-json\/wp\/v2\/pages\/4412\/revisions\/6325"}],"wp:attachment":[{"href":"https:\/\/www.camping-strasbourg.com\/es\/wp-json\/wp\/v2\/media?parent=4412"}],"curies":[{"name":"wp","href":"https:\/\/api.w.org\/{rel}","templated":true}]}}