{"id":799,"date":"2018-01-31T17:26:24","date_gmt":"2018-01-31T16:26:24","guid":{"rendered":"http:\/\/www.camping-strasbourg.com\/es\/accueil\/"},"modified":"2026-04-20T16:05:38","modified_gmt":"2026-04-20T14:05:38","slug":"accueil","status":"publish","type":"page","link":"https:\/\/www.camping-strasbourg.com\/es\/","title":{"rendered":"Accueil"},"content":{"rendered":"<div class=\"wpb-content-wrapper\"><p>[vc_row][vc_column]<div class=\"wrappedcontent\">[vc_empty_space height=\u00bb60&#8243;][vc_column_text]<\/p>\n<h2 style=\"text-align: center;\">UN ENTORNO DE ACAMPADA \u00daNICO EN EL CORAZ\u00d3N DE ESTRASBURGO<\/h2>\n<p style=\"text-align: center;\"><span style=\"color: #e84e1b; font-size: 14pt;\">Abierto todo el a\u00f1o<\/span><\/p>\n<p style=\"text-align: center;\">El Camping de Strasbourg es el camping ideal para descubrir la magn\u00edfica ciudad de Estrasburgo en cualquier momento del a\u00f1o, en todas las estaciones.<\/p>\n<p>[\/vc_column_text][vc_empty_space height=\u00bb20px\u00bb][vc_row_inner gap=\u00bb30&#8243; css=\u00bb.vc_custom_1718007426984{margin-left: -0.5px !important;}\u00bb][vc_column_inner width=\u00bb1\/4&#8243;][vc_single_image image=\u00bb4645&#8243; img_size=\u00bb600*500&#8243; alignment=\u00bbcenter\u00bb][vc_column_text css=\u00bb.vc_custom_1700757295116{padding-top: 20px !important;padding-bottom: 20px !important;}\u00bb]<\/p>\n<p style=\"text-align: center;\"><span style=\"color: #e84e1b;\"><strong><span style=\"font-size: 18pt;\">\u00a1Disfruta de la naturaleza , en el coraz\u00f3n de la ciudad!<\/span><\/strong><\/span><\/p>\n<p>[\/vc_column_text][vc_column_text]<\/p>\n<p style=\"text-align: center;\">El Camping de Strasbourg, situado en el barrio de la Montagne Verte, a orillas del r\u00edo, es ideal para descansar en un marco natural incomparable.<\/p>\n<p>[\/vc_column_text][\/vc_column_inner][vc_column_inner width=\u00bb1\/4&#8243;][vc_single_image image=\u00bb4651&#8243; img_size=\u00bb600*500&#8243; alignment=\u00bbcenter\u00bb][vc_column_text css=\u00bb.vc_custom_1700757316433{padding-top: 20px !important;padding-bottom: 20px !important;}\u00bb]<\/p>\n<p style=\"text-align: center;\"><span style=\"color: #e84e1b;\"><strong><span style=\"font-size: 18pt;\">La ciudad de Estrasburgo a tu alcance\u2026<\/span><\/strong><\/span><\/p>\n<p>[\/vc_column_text][vc_column_text]<\/p>\n<p style=\"text-align: center;\">Una ubicaci\u00f3n ideal para visitar Estrasburgo: carril bici a la salida del camping, transporte p\u00fablico a unos metros, estaci\u00f3n en las inmediaciones\u2026 Tendr\u00e1s libertad y mil cosas por descubrir\u2026<\/p>\n<p>[\/vc_column_text][\/vc_column_inner][vc_column_inner width=\u00bb1\/4&#8243;][vc_single_image image=\u00bb4657&#8243; img_size=\u00bb600*500&#8243; alignment=\u00bbcenter\u00bb][vc_column_text css=\u00bb.vc_custom_1700757332743{padding-top: 20px !important;padding-bottom: 20px !important;}\u00bb]<\/p>\n<p style=\"text-align: center;\"><span style=\"color: #e84e1b;\"><strong><span style=\"font-size: 18pt;\">Alojamientos con todas las comodidades<\/span><\/strong><\/span><\/p>\n<p>[\/vc_column_text][vc_column_text]<\/p>\n<p style=\"text-align: center;\">Disfruta de unos alojamientos singulares con todas las comodidades de un hotel y al aire libre. Chalets, casas m\u00f3viles, caravanas, tiendas de lona\u2026 \u00a1Un estilo para cada uno!<\/p>\n<p>[\/vc_column_text][\/vc_column_inner][vc_column_inner width=\u00bb1\/4&#8243;][vc_single_image image=\u00bb5616&#8243; img_size=\u00bb600*500&#8243; alignment=\u00bbcenter\u00bb][vc_column_text css=\u00bb.vc_custom_1700757353085{padding-top: 20px !important;padding-bottom: 20px !important;}\u00bb]<\/p>\n<p style=\"text-align: center;\"><span style=\"color: #e84e1b;\"><strong><span style=\"font-size: 18pt;\">Desplazamientos de trabajo<\/span><\/strong><\/span><\/p>\n<p>[\/vc_column_text][vc_column_text]<\/p>\n<p style=\"text-align: center;\">La mejor alternativa al hotel para los viajes de trabajo. Despu\u00e9s de una jornada laboral, haz una parada natural en el coraz\u00f3n de la capital de Alsacia.<\/p>\n<p>[\/vc_column_text][\/vc_column_inner][\/vc_row_inner][vc_empty_space height=\u00bb20px\u00bb]<div class=\"text-center btnwrap\"><a class=\"btn btn-huttopia-cta\" href=\"http:\/\/checkout.citykamp.com\/site\/es\/907\" role=\"button\" target=\"\" onclick=\"dataLayer.push({'event':'clickCity', 'clickText':'RESERVA TU ESTANCIA'})\">RESERVA TU ESTANCIA<\/a><\/div><\/div>[\/vc_column][\/vc_row][vc_row css=\u00bb.vc_custom_1700672335955{background-color: rgba(232,78,27,0.2) !important;*background-color: rgb(232,78,27) !important;}\u00bb][vc_column]<div class=\"wrappedcontent\">[vc_column_text]<\/p>\n<h3 style=\"text-align: center;\"><strong><span style=\"font-size: 18pt;\">DISFRUTA DE SERVICIOS Y EQUIPAMIENTOS DE CALIDAD<\/span><\/strong><\/h3>\n<p>[\/vc_column_text][vc_empty_space height=\u00bb50px\u00bb][vc_row_inner css=\u00bb.vc_custom_1718007435383{margin-left: -0.5px !important;}\u00bb][vc_column_inner width=\u00bb1\/5&#8243;][vc_single_image image=\u00bb5655&#8243; img_size=\u00bb71*71&#8243; alignment=\u00bbcenter\u00bb][vc_empty_space][vc_column_text]<\/p>\n<p style=\"text-align: center;\"><span style=\"font-size: 12pt;\">Parking gratuito<\/span><\/p>\n<p>[\/vc_column_text][\/vc_column_inner][vc_column_inner width=\u00bb1\/5&#8243;][vc_single_image image=\u00bb5661&#8243; img_size=\u00bb71*71&#8243; alignment=\u00bbcenter\u00bb][vc_empty_space][vc_column_text]<\/p>\n<p style=\"text-align: center;\">Restauraci\u00f3n<\/p>\n<p>[\/vc_column_text][\/vc_column_inner][vc_column_inner width=\u00bb1\/5&#8243;][vc_single_image image=\u00bb5667&#8243; img_size=\u00bb71*71&#8243; alignment=\u00bbcenter\u00bb][vc_empty_space][vc_column_text]<\/p>\n<p style=\"text-align: center;\">Piscina climatizada<\/p>\n<p>[\/vc_column_text][\/vc_column_inner][vc_column_inner width=\u00bb1\/5&#8243;][vc_single_image image=\u00bb5673&#8243; img_size=\u00bb71*71&#8243; alignment=\u00bbcenter\u00bb][vc_empty_space][vc_column_text]<\/p>\n<p style=\"text-align: center;\">S\u00e1banas y toallas incluidas<\/p>\n<p>[\/vc_column_text][\/vc_column_inner][vc_column_inner width=\u00bb1\/5&#8243;][vc_single_image image=\u00bb5679&#8243; img_size=\u00bb71*71&#8243; alignment=\u00bbcenter\u00bb][vc_empty_space][vc_column_text]<\/p>\n<p style=\"text-align: center;\">Alquiler de bicicletas<\/p>\n<p>[\/vc_column_text][\/vc_column_inner][\/vc_row_inner]<\/div>[\/vc_column][\/vc_row][vc_row][vc_column]<div class=\"wrappedcontent\">[vc_row_inner gap=\u00bb10&#8243; css=\u00bb.vc_custom_1718007441751{margin-left: -0.5px !important;}\u00bb][vc_column_inner width=\u00bb1\/4&#8243;][vc_masonry_media_grid element_width=\u00bb12&#8243; gap=\u00bb0&#8243; item=\u00bb832&#8243; grid_id=\u00bbvc_gid:1776693932689-5188265e-ceb1-2&#8243; include=\u00bb5623&#8243;][\/vc_column_inner][vc_column_inner width=\u00bb1\/4&#8243;][vc_masonry_media_grid element_width=\u00bb12&#8243; gap=\u00bb0&#8243; item=\u00bb833&#8243; grid_id=\u00bbvc_gid:1776693932689-b6113148-3e3e-2&#8243; include=\u00bb5629&#8243;][\/vc_column_inner][vc_column_inner width=\u00bb1\/4&#8243;][vc_masonry_media_grid element_width=\u00bb12&#8243; gap=\u00bb0&#8243; item=\u00bb834&#8243; grid_id=\u00bbvc_gid:1776693932690-41294aa4-6728-3&#8243; include=\u00bb5635&#8243;][\/vc_column_inner][vc_column_inner width=\u00bb1\/4&#8243;][vc_masonry_media_grid element_width=\u00bb12&#8243; gap=\u00bb0&#8243; item=\u00bb836&#8243; grid_id=\u00bbvc_gid:1776693932690-3737098f-5ee9-10&#8243; include=\u00bb5641&#8243;][\/vc_column_inner][\/vc_row_inner][vc_empty_space height=\u00bb50px\u00bb][vc_row_inner gap=\u00bb35&#8243; css=\u00bb.vc_custom_1700673490123{margin-left: -0.5px !important;border-radius: 10px !important;}\u00bb][vc_column_inner width=\u00bb1\/3&#8243;][vc_masonry_media_grid element_width=\u00bb12&#8243; gap=\u00bb0&#8243; grid_id=\u00bbvc_gid:1776693932691-396ccb45-c87a-5&#8243; include=\u00bb5421&#8243;][\/vc_column_inner][vc_column_inner width=\u00bb2\/3&#8243;][vc_empty_space][vc_column_text]<\/p>\n<h2><span style=\"color: #e94e1b;\">CAMPING CARD<\/span><\/h2>\n<p><span style=\"font-size: 12pt;\">Acampa a partir de <span style=\"color: #e84e1b;\"><strong>15\u20ac<\/strong><\/span>* la noche con la <span style=\"color: #e94e1b;\"><a style=\"color: #e94e1b;\" href=\"https:\/\/www.citykamp.com\/es\/camping-card\/\"><span style=\"text-decoration: underline;\">Camping Card<\/span><\/a><\/span>\u00a0Huttopia.<\/span><br \/>\n<span style=\"font-size: 12pt;\">Benef\u00edciate de precios reducidos y noches gratuitas durante temporada alta y baja, en todos los campings <span style=\"text-decoration: underline;\"><span style=\"color: #e94e1b;\"><a style=\"color: #e94e1b; text-decoration: underline;\" href=\"https:\/\/www.citykamp.com\/es\/destinos\/\">Citykamp<\/a><\/span>,<\/span> <span style=\"text-decoration: underline; color: #e94e1b;\"><a style=\"color: #e94e1b; text-decoration: underline;\" href=\"https:\/\/www.onlycamp.fr\/en\/\">Onlycamp<\/a><\/span> y todos los <span style=\"text-decoration: underline; color: #e94e1b;\"><a style=\"color: #e94e1b; text-decoration: underline;\" href=\"https:\/\/europe.huttopia.com\/es\/destinations\/campings\/\">campings Huttopia<\/a><\/span>.<\/span><\/p>\n<p><em><span style=\"font-size: 10pt;\">*Tarifa que incluye 1 parcela para 2 personas con electricidad (+ animal de compa\u00f1\u00eda gratis).<\/span><\/em>[\/vc_column_text]<div class=\"text-center btnwrap\"><a class=\"btn btn-huttopia-cta\" href=\"https:\/\/www.citykamp.com\/es\/camping-card\/\" role=\"button\" target=\"\" onclick=\"dataLayer.push({'event':'clickCity', 'clickText':'DESCUBRIR'})\">DESCUBRIR<\/a><\/div>[\/vc_column_inner][\/vc_row_inner][vc_empty_space height=\u00bb50px\u00bb]<\/div>[\/vc_column][\/vc_row][vc_row css=\u00bb.vc_custom_1700672733306{background-color: rgba(232,78,27,0.2) !important;*background-color: rgb(232,78,27) !important;}\u00bb][vc_column]<div class=\"wrappedcontent\">[vc_column_text]<\/p>\n<h3 style=\"text-align: center;\"><strong><span style=\"font-size: 18pt;\">\u00bfC\u00d3MO LLEGAR?<\/span><\/strong><\/h3>\n<p style=\"text-align: center;\">Coordenadas GPS:<br \/>\n<strong>Latitud<\/strong> 48.5745 | <strong>Longitud<\/strong> 7.717429<\/p>\n<p>[\/vc_column_text][vc_empty_space][vc_row_inner css=\u00bb.vc_custom_1718007452375{margin-left: -0.5px !important;}\u00bb][vc_column_inner width=\u00bb1\/3&#8243;][vc_single_image image=\u00bb5685&#8243; img_size=\u00bb71*71&#8243; alignment=\u00bbcenter\u00bb][vc_empty_space][vc_column_text]<\/p>\n<ul>\n<li>Desde Par\u00eds: A4, salida 4 \u00abPuerta de Schirmeck\u00bb<\/li>\n<li>Desde Lyon: A35, salida \u00abStrasbourg centre\u00bb.<\/li>\n<\/ul>\n<p>[\/vc_column_text][\/vc_column_inner][vc_column_inner width=\u00bb1\/3&#8243;][vc_single_image image=\u00bb5691&#8243; img_size=\u00bb71*71&#8243; alignment=\u00bbcenter\u00bb][vc_empty_space][vc_column_text]<\/p>\n<p style=\"text-align: center;\">Estaci\u00f3n SNCF:<br \/>\nEstrasburgo (5 km)<\/p>\n<p>[\/vc_column_text][\/vc_column_inner][vc_column_inner width=\u00bb1\/3&#8243;][vc_single_image image=\u00bb5697&#8243; img_size=\u00bb71*71&#8243; alignment=\u00bbcenter\u00bb][vc_empty_space][vc_column_text]<\/p>\n<p style=\"text-align: center;\">Aeropuerto:<br \/>\nStrasbourg-Entzheim (14 km).<\/p>\n<p>[\/vc_column_text][\/vc_column_inner][\/vc_row_inner]<\/div>[\/vc_column][\/vc_row][vc_row][vc_column]<div class=\"wrappedcontent\"><div class=\"text-center btnwrap\"><a class=\"btn btn-huttopia-cta\" href=\"https:\/\/media.huttopia.com\/destinations\/strasbourg\/plan-citykamp-camping-strasbourg.pdf\" role=\"button\" target=\"true\" onclick=\"dataLayer.push({'event':'clickCity', 'clickText':'PLANO DEL CAMPING'})\">PLANO DEL CAMPING<\/a><\/div>[vc_empty_space][vc_row_inner css=\u00bb.vc_custom_1718007459151{margin-left: -0.5px !important;}\u00bb][vc_column_inner width=\u00bb1\/4&#8243;][vc_single_image image=\u00bb5703&#8243; img_size=\u00bb71*71&#8243; alignment=\u00bbcenter\u00bb][vc_empty_space][vc_column_text]<\/p>\n<p style=\"text-align: center;\"><span style=\"font-size: 12pt;\">4<\/span><\/p>\n<p>[\/vc_column_text][\/vc_column_inner][vc_column_inner width=\u00bb1\/4&#8243;][vc_single_image image=\u00bb5709&#8243; img_size=\u00bb71*71&#8243; alignment=\u00bbcenter\u00bb][vc_empty_space][vc_column_text]<\/p>\n<p style=\"text-align: center;\">Superficie: 3 ha<\/p>\n<p>[\/vc_column_text][\/vc_column_inner][vc_column_inner width=\u00bb1\/4&#8243;][vc_single_image image=\u00bb5715&#8243; img_size=\u00bb71*71&#8243; alignment=\u00bbcenter\u00bb][vc_empty_space][vc_column_text]<\/p>\n<p style=\"text-align: center;\"><span style=\"font-size: 12pt;\">195 parcelas<\/span><\/p>\n<p>[\/vc_column_text][\/vc_column_inner][vc_column_inner width=\u00bb1\/4&#8243;][vc_single_image image=\u00bb5721&#8243; img_size=\u00bb71*71&#8243; alignment=\u00bbcenter\u00bb][vc_empty_space][vc_column_text]<\/p>\n<p style=\"text-align: center;\">Con acceso adaptado para personas con movilidad reducida<\/p>\n<p>[\/vc_column_text][\/vc_column_inner][\/vc_row_inner]<\/div>[\/vc_column][\/vc_row]<\/p>\n<\/div>","protected":false},"excerpt":{"rendered":"<p>[vc_row][vc_column][\/vc_column][\/vc_row][vc_row css=\u00bb.vc_custom_1700672335955{background-color: rgba(232,78,27,0.2) !important;*background-color: rgb(232,78,27) !important;}\u00bb][vc_column][\/vc_column][\/vc_row][vc_row][vc_column][\/vc_column][\/vc_row][vc_row css=\u00bb.vc_custom_1700672733306{background-color: rgba(232,78,27,0.2) !important;*background-color: rgb(232,78,27) !important;}\u00bb][vc_column][\/vc_column][\/vc_row][vc_row][vc_column][\/vc_column][\/vc_row]<\/p>\n","protected":false},"author":1,"featured_media":0,"parent":0,"menu_order":0,"comment_status":"closed","ping_status":"closed","template":"templates\/page-home.php","meta":{"footnotes":""},"class_list":["post-799","page","type-page","status-publish","hentry"],"yoast_head":"<!-- This site is optimized with the Yoast SEO plugin v25.6 - https:\/\/yoast.com\/wordpress\/plugins\/seo\/ -->\n<title>Camping de Strasbourg \u2013 Al\u00f3jese en un entorno natural excepcional<\/title>\n<meta name=\"description\" content=\"El camping ideal para descubrir la magn\u00edfica ciudad de Estrasburgo y la regi\u00f3n de Alsacia en cualquier \u00e9poca del a\u00f1o.\" \/>\n<meta name=\"robots\" content=\"index, follow, max-snippet:-1, max-image-preview:large, max-video-preview:-1\" \/>\n<link rel=\"canonical\" href=\"https:\/\/www.camping-strasbourg.com\/es\/\" \/>\n<meta property=\"og:locale\" content=\"es_ES\" \/>\n<meta property=\"og:type\" content=\"article\" \/>\n<meta property=\"og:title\" content=\"Camping de Strasbourg \u2013 Al\u00f3jese en un entorno natural excepcional\" \/>\n<meta property=\"og:description\" content=\"El camping ideal para descubrir la magn\u00edfica ciudad de Estrasburgo y la regi\u00f3n de Alsacia en cualquier \u00e9poca del a\u00f1o.\" \/>\n<meta property=\"og:url\" content=\"https:\/\/www.camping-strasbourg.com\/es\/\" \/>\n<meta property=\"og:site_name\" content=\"Camping de Strasbourg\" \/>\n<meta property=\"article:modified_time\" content=\"2026-04-20T14:05:38+00:00\" \/>\n<meta property=\"og:image\" content=\"https:\/\/www.camping-strasbourg.com\/uploads\/sites\/6\/2022\/11\/ck_strasbourg_header_2.jpg\" \/>\n\t<meta property=\"og:image:width\" content=\"1440\" \/>\n\t<meta property=\"og:image:height\" content=\"700\" \/>\n\t<meta property=\"og:image:type\" content=\"image\/jpeg\" \/>\n<meta name=\"twitter:card\" content=\"summary_large_image\" \/>\n<meta name=\"twitter:label1\" content=\"Est. reading time\" \/>\n\t<meta name=\"twitter:data1\" content=\"4 minutos\" \/>\n<script type=\"application\/ld+json\" class=\"yoast-schema-graph\">{\"@context\":\"https:\/\/schema.org\",\"@graph\":[{\"@type\":\"WebPage\",\"@id\":\"https:\/\/www.camping-strasbourg.com\/es\/\",\"url\":\"https:\/\/www.camping-strasbourg.com\/es\/\",\"name\":\"Camping de Strasbourg \u2013 Al\u00f3jese en un entorno natural excepcional\",\"isPartOf\":{\"@id\":\"https:\/\/www.camping-strasbourg.com\/es\/#website\"},\"datePublished\":\"2018-01-31T16:26:24+00:00\",\"dateModified\":\"2026-04-20T14:05:38+00:00\",\"description\":\"El camping ideal para descubrir la magn\u00edfica ciudad de Estrasburgo y la regi\u00f3n de Alsacia en cualquier \u00e9poca del a\u00f1o.\",\"breadcrumb\":{\"@id\":\"https:\/\/www.camping-strasbourg.com\/es\/#breadcrumb\"},\"inLanguage\":\"es\",\"potentialAction\":[{\"@type\":\"ReadAction\",\"target\":[\"https:\/\/www.camping-strasbourg.com\/es\/\"]}]},{\"@type\":\"BreadcrumbList\",\"@id\":\"https:\/\/www.camping-strasbourg.com\/es\/#breadcrumb\",\"itemListElement\":[{\"@type\":\"ListItem\",\"position\":1,\"name\":\"Accueil\",\"item\":\"https:\/\/www.camping-strasbourg.com\/es\/\"},{\"@type\":\"ListItem\",\"position\":2,\"name\":\"Accueil\"}]},{\"@type\":\"WebSite\",\"@id\":\"https:\/\/www.camping-strasbourg.com\/es\/#website\",\"url\":\"https:\/\/www.camping-strasbourg.com\/es\/\",\"name\":\"Camping de Strasbourg\",\"description\":\"Un site utilisant Citykamp\",\"potentialAction\":[{\"@type\":\"SearchAction\",\"target\":{\"@type\":\"EntryPoint\",\"urlTemplate\":\"https:\/\/www.camping-strasbourg.com\/es\/?s={search_term_string}\"},\"query-input\":{\"@type\":\"PropertyValueSpecification\",\"valueRequired\":true,\"valueName\":\"search_term_string\"}}],\"inLanguage\":\"es\"}]}<\/script>\n<!-- \/ Yoast SEO plugin. -->","yoast_head_json":{"title":"Camping de Strasbourg \u2013 Al\u00f3jese en un entorno natural excepcional","description":"El camping ideal para descubrir la magn\u00edfica ciudad de Estrasburgo y la regi\u00f3n de Alsacia en cualquier \u00e9poca del a\u00f1o.","robots":{"index":"index","follow":"follow","max-snippet":"max-snippet:-1","max-image-preview":"max-image-preview:large","max-video-preview":"max-video-preview:-1"},"canonical":"https:\/\/www.camping-strasbourg.com\/es\/","og_locale":"es_ES","og_type":"article","og_title":"Camping de Strasbourg \u2013 Al\u00f3jese en un entorno natural excepcional","og_description":"El camping ideal para descubrir la magn\u00edfica ciudad de Estrasburgo y la regi\u00f3n de Alsacia en cualquier \u00e9poca del a\u00f1o.","og_url":"https:\/\/www.camping-strasbourg.com\/es\/","og_site_name":"Camping de Strasbourg","article_modified_time":"2026-04-20T14:05:38+00:00","og_image":[{"width":1440,"height":700,"url":"https:\/\/www.camping-strasbourg.com\/uploads\/sites\/6\/2022\/11\/ck_strasbourg_header_2.jpg","type":"image\/jpeg"}],"twitter_card":"summary_large_image","twitter_misc":{"Est. reading time":"4 minutos"},"schema":{"@context":"https:\/\/schema.org","@graph":[{"@type":"WebPage","@id":"https:\/\/www.camping-strasbourg.com\/es\/","url":"https:\/\/www.camping-strasbourg.com\/es\/","name":"Camping de Strasbourg \u2013 Al\u00f3jese en un entorno natural excepcional","isPartOf":{"@id":"https:\/\/www.camping-strasbourg.com\/es\/#website"},"datePublished":"2018-01-31T16:26:24+00:00","dateModified":"2026-04-20T14:05:38+00:00","description":"El camping ideal para descubrir la magn\u00edfica ciudad de Estrasburgo y la regi\u00f3n de Alsacia en cualquier \u00e9poca del a\u00f1o.","breadcrumb":{"@id":"https:\/\/www.camping-strasbourg.com\/es\/#breadcrumb"},"inLanguage":"es","potentialAction":[{"@type":"ReadAction","target":["https:\/\/www.camping-strasbourg.com\/es\/"]}]},{"@type":"BreadcrumbList","@id":"https:\/\/www.camping-strasbourg.com\/es\/#breadcrumb","itemListElement":[{"@type":"ListItem","position":1,"name":"Accueil","item":"https:\/\/www.camping-strasbourg.com\/es\/"},{"@type":"ListItem","position":2,"name":"Accueil"}]},{"@type":"WebSite","@id":"https:\/\/www.camping-strasbourg.com\/es\/#website","url":"https:\/\/www.camping-strasbourg.com\/es\/","name":"Camping de Strasbourg","description":"Un site utilisant Citykamp","potentialAction":[{"@type":"SearchAction","target":{"@type":"EntryPoint","urlTemplate":"https:\/\/www.camping-strasbourg.com\/es\/?s={search_term_string}"},"query-input":{"@type":"PropertyValueSpecification","valueRequired":true,"valueName":"search_term_string"}}],"inLanguage":"es"}]}},"_links":{"self":[{"href":"https:\/\/www.camping-strasbourg.com\/es\/wp-json\/wp\/v2\/pages\/799","targetHints":{"allow":["GET"]}}],"collection":[{"href":"https:\/\/www.camping-strasbourg.com\/es\/wp-json\/wp\/v2\/pages"}],"about":[{"href":"https:\/\/www.camping-strasbourg.com\/es\/wp-json\/wp\/v2\/types\/page"}],"author":[{"embeddable":true,"href":"https:\/\/www.camping-strasbourg.com\/es\/wp-json\/wp\/v2\/users\/1"}],"replies":[{"embeddable":true,"href":"https:\/\/www.camping-strasbourg.com\/es\/wp-json\/wp\/v2\/comments?post=799"}],"version-history":[{"count":6,"href":"https:\/\/www.camping-strasbourg.com\/es\/wp-json\/wp\/v2\/pages\/799\/revisions"}],"predecessor-version":[{"id":6389,"href":"https:\/\/www.camping-strasbourg.com\/es\/wp-json\/wp\/v2\/pages\/799\/revisions\/6389"}],"wp:attachment":[{"href":"https:\/\/www.camping-strasbourg.com\/es\/wp-json\/wp\/v2\/media?parent=799"}],"curies":[{"name":"wp","href":"https:\/\/api.w.org\/{rel}","templated":true}]}}