{"id":801,"date":"2018-02-02T11:55:43","date_gmt":"2018-02-02T10:55:43","guid":{"rendered":"http:\/\/www.camping-strasbourg.com\/es\/activites-services\/"},"modified":"2026-04-29T09:46:31","modified_gmt":"2026-04-29T07:46:31","slug":"actividades-servicios","status":"publish","type":"page","link":"https:\/\/www.camping-strasbourg.com\/es\/actividades-servicios\/","title":{"rendered":"Activit\u00e9s \/ Services"},"content":{"rendered":"<div class=\"wpb-content-wrapper\"><p>[vc_row][vc_column][vc_single_image image=\u00bb4951&#8243; img_size=\u00bb1900*500&#8243;][\/vc_column][\/vc_row][vc_row][vc_column]<div class=\"wrappedcontent\">[vc_column_text]<\/p>\n<h4 style=\"text-align: center;\"><span style=\"color: #333333;\">\u2014<\/span> Equipamiento de ocio para toda la familia<span style=\"color: #333333;\">\u00a0\u2014<\/span><\/h4>\n<p>[\/vc_column_text][vc_empty_space height=\u00bb50px\u00bb][vc_row_inner gap=\u00bb25&#8243; css=\u00bb.vc_custom_1718008402486{margin-left: -0.5px !important;}\u00bb][vc_column_inner width=\u00bb1\/3&#8243;][vc_single_image image=\u00bb4886&#8243; img_size=\u00bb600*400&#8243;][vc_column_text css=\u00bb.vc_custom_1669376176549{padding-top: 20px !important;padding-bottom: 20px !important;}\u00bb]<\/p>\n<div style=\"text-align: center;\" data-pm-slice=\"1 1 []\" data-en-clipboard=\"true\"><span style=\"font-size: 14pt; color: #e84e1b;\"><strong>BONITA PISCINA CLIMATIZADA<\/strong><\/span><\/div>\n<p>[\/vc_column_text][vc_empty_space height=\u00bb12px\u00bb][vc_column_text css=\u00bb\u00bb]Para disfrutar del sol y relajarte despu\u00e9s de un largo d\u00eda en la ciudad. Tumbonas y sombrillas a tu disposici\u00f3n. (del 1\/05 al 27\/09)[\/vc_column_text][\/vc_column_inner][vc_column_inner width=\u00bb1\/3&#8243;][vc_single_image image=\u00bb4892&#8243; img_size=\u00bb600*400&#8243;][vc_column_text css=\u00bb.vc_custom_1669376238877{padding-top: 20px !important;padding-bottom: 20px !important;}\u00bb]<\/p>\n<div style=\"text-align: center;\" data-pm-slice=\"1 1 []\" data-en-clipboard=\"true\"><span style=\"font-size: 14pt; color: #e84e1b;\"><strong>DESCANSO Y OCIO<\/strong><\/span><\/div>\n<p>[\/vc_column_text][vc_empty_space height=\u00bb12px\u00bb][vc_column_text]Disfruta de numerosas instalaciones para toda la familia: mesas de ping-pong, campos de voleibol y petanca, futbol\u00edn, zona de juegos para los ni\u00f1os&#8230;[\/vc_column_text][\/vc_column_inner][vc_column_inner width=\u00bb1\/3&#8243;][vc_single_image image=\u00bb5934&#8243; img_size=\u00bb600*400&#8243;][vc_column_text css=\u00bb.vc_custom_1669376244410{padding-top: 20px !important;padding-bottom: 20px !important;}\u00bb]<\/p>\n<div style=\"text-align: center;\" data-pm-slice=\"1 1 []\" data-en-clipboard=\"true\"><span style=\"font-size: 14pt; color: #e84e1b;\"><strong>CENTRO SOCIAL ACOGEDOR<\/strong><\/span><\/div>\n<p>[\/vc_column_text][vc_empty_space height=\u00bb12px\u00bb][vc_column_text]Abierto toda la temporada para reunirse y jugar un partido de juego de mesa, billar, futbol\u00edn o simplemente para ver la tele.[\/vc_column_text][\/vc_column_inner][\/vc_row_inner][vc_empty_space height=\u00bb60px\u00bb][vc_column_text]<\/p>\n<h4 style=\"text-align: center;\"><span style=\"color: #333333;\">\u2014<\/span> Restauraci\u00f3n de calidad para una estancia sin limitaciones<span style=\"color: #333333;\">\u00a0\u2014<\/span><\/h4>\n<p>[\/vc_column_text][vc_empty_space height=\u00bb60px\u00bb][vc_row_inner gap=\u00bb25&#8243; css=\u00bb.vc_custom_1718008411910{margin-left: -0.5px !important;}\u00bb][vc_column_inner width=\u00bb1\/3&#8243;][vc_single_image image=\u00bb5941&#8243; img_size=\u00bb600*400&#8243;][vc_column_text css=\u00bb.vc_custom_1777448788685{padding-top: 20px !important;padding-bottom: 20px !important;}\u00bb]<\/p>\n<div style=\"text-align: center;\" data-pm-slice=\"1 1 []\" data-en-clipboard=\"true\"><span style=\"font-size: 14pt; color: #e84e1b;\"><strong>BAR CAF\u00c9 COMPTOIR<\/strong><\/span><\/div>\n<p>[\/vc_column_text][vc_empty_space height=\u00bb12px\u00bb][vc_column_text css=\u00bb\u00bb]Una bonita terraza cubierta te espera para tomar algo fresco, degustar una especialidad local, una pizza de la casa, una ensalada y mucho m\u00e1s. Abierto: todas las tardes en verano y durante las vacaciones de mayo. 6 d\u00edas a la semana por las tardes en mayo, junio, septiembre y durante las vacaciones de primavera y oto\u00f1o.[\/vc_column_text][\/vc_column_inner][vc_column_inner width=\u00bb1\/3&#8243;][vc_single_image image=\u00bb5947&#8243; img_size=\u00bb600*400&#8243;][vc_column_text css=\u00bb.vc_custom_1669376288181{padding-top: 20px !important;padding-bottom: 20px !important;}\u00bb]<\/p>\n<div style=\"text-align: center;\" data-pm-slice=\"1 1 []\" data-en-clipboard=\"true\"><span style=\"font-size: 14pt; color: #e84e1b;\"><strong>DESAYUNO<\/strong><\/span><\/div>\n<p>[\/vc_column_text][vc_empty_space height=\u00bb12px\u00bb][vc_column_text]Por la ma\u00f1ana, disfruta de un completo desayuno: pan, pasteles, bebidas&#8230; <span style=\"color: #e84e1b;\"><strong>(todo el a\u00f1o)<\/strong><\/span>[\/vc_column_text][\/vc_column_inner][vc_column_inner width=\u00bb1\/3&#8243;][vc_single_image image=\u00bb5953&#8243; img_size=\u00bb600*400&#8243;][vc_column_text css=\u00bb.vc_custom_1669376293776{padding-top: 20px !important;padding-bottom: 20px !important;}\u00bb]<\/p>\n<div style=\"text-align: center;\" data-pm-slice=\"1 1 []\" data-en-clipboard=\"true\"><span style=\"font-size: 14pt; color: #e84e1b;\"><strong>RINCON SUPERMERCADO<\/strong><\/span><\/div>\n<p>[\/vc_column_text][vc_empty_space height=\u00bb12px\u00bb][vc_column_text]Con todo lo indispensable as\u00ed como una selecci\u00f3n de buenos vinos de la regi\u00f3n.[\/vc_column_text][\/vc_column_inner][\/vc_row_inner][vc_empty_space height=\u00bb60px\u00bb][vc_column_text]<\/p>\n<h4 style=\"text-align: center;\"><span style=\"color: #333333;\">\u2014<\/span> Servicios para facilitarte la vida<span style=\"color: #333333;\">\u00a0\u2014<\/span><\/h4>\n<p>[\/vc_column_text][vc_empty_space height=\u00bb60px\u00bb][vc_row_inner gap=\u00bb25&#8243; css=\u00bb.vc_custom_1718008418106{margin-left: -0.5px !important;}\u00bb][vc_column_inner width=\u00bb1\/3&#8243;][vc_single_image image=\u00bb5941&#8243; img_size=\u00bb600*400&#8243;][vc_column_text css=\u00bb.vc_custom_1669376355636{padding-top: 20px !important;padding-bottom: 20px !important;}\u00bb]<\/p>\n<div style=\"text-align: center;\" data-pm-slice=\"1 1 []\" data-en-clipboard=\"true\"><span style=\"font-size: 14pt; color: #e84e1b;\"><strong>ZONA DE RECEPCION MULTILING\u00dcE<\/strong><\/span><\/div>\n<p>[\/vc_column_text][vc_empty_space height=\u00bb12px\u00bb][vc_column_text]Con toda la informaci\u00f3n y la documentaci\u00f3n tur\u00edstica necesaria para el buen desarrollo de tu estancia.[\/vc_column_text][\/vc_column_inner][vc_column_inner width=\u00bb1\/3&#8243;][vc_single_image image=\u00bb2304&#8243; img_size=\u00bb600*400&#8243;][vc_column_text css=\u00bb.vc_custom_1669376361402{padding-top: 20px !important;padding-bottom: 20px !important;}\u00bb]<\/p>\n<div style=\"text-align: center;\" data-pm-slice=\"1 1 []\" data-en-clipboard=\"true\"><span style=\"font-size: 14pt; color: #e84e1b;\"><strong>CONEXION WIFI<\/strong><\/span><\/div>\n<p>[\/vc_column_text][vc_empty_space height=\u00bb12px\u00bb][vc_column_text]Para seguir conectado, hay wifi disponible de forma gratuita en todo el camping. Tambi\u00e9n disponible conexi\u00f3n a internet en la recepci\u00f3n.[\/vc_column_text][\/vc_column_inner][vc_column_inner width=\u00bb1\/3&#8243;][vc_single_image image=\u00bb4930&#8243; img_size=\u00bb600*400&#8243;][vc_column_text css=\u00bb.vc_custom_1669376369923{padding-top: 20px !important;padding-bottom: 20px !important;}\u00bb]<\/p>\n<div style=\"text-align: center;\" data-pm-slice=\"1 1 []\" data-en-clipboard=\"true\"><span style=\"font-size: 14pt; color: #e84e1b;\"><strong>PARKING GRATUITO<\/strong><\/span><\/div>\n<p>[\/vc_column_text][vc_empty_space height=\u00bb12px\u00bb][vc_column_text]Para salir a visitar la ciudad de Estrasburgo sin preocuparte de tu veh\u00edculo. \u00a1En bici, a pie o en transporte p\u00fablico, ve como m\u00e1s te guste y haz nuevos descubrimientos![\/vc_column_text][\/vc_column_inner][\/vc_row_inner][vc_row_inner gap=\u00bb25&#8243; css=\u00bb.vc_custom_1718008424247{margin-left: -0.5px !important;}\u00bb][vc_column_inner width=\u00bb1\/3&#8243;][vc_single_image image=\u00bb4936&#8243; img_size=\u00bb600*400&#8243;][vc_column_text css=\u00bb.vc_custom_1669376441336{padding-top: 20px !important;padding-bottom: 20px !important;}\u00bb]<\/p>\n<div style=\"text-align: center;\" data-pm-slice=\"1 1 []\" data-en-clipboard=\"true\"><span style=\"font-size: 14pt; color: #e84e1b;\"><strong>ALQUILER DE BICIS EN EL CAMPING<\/strong><\/span><\/div>\n<p>[\/vc_column_text][vc_empty_space height=\u00bb12px\u00bb][vc_column_text]Aprovecha el carril bici que atraviesa el camping y sal a descubrir la ciudad.[\/vc_column_text][\/vc_column_inner][vc_column_inner width=\u00bb1\/3&#8243;][vc_single_image image=\u00bb6067&#8243; img_size=\u00bb600*400&#8243;][vc_column_text css=\u00bb.vc_custom_1669376446524{padding-top: 20px !important;padding-bottom: 20px !important;}\u00bb]<\/p>\n<div style=\"text-align: center;\" data-pm-slice=\"1 1 []\" data-en-clipboard=\"true\"><span style=\"font-size: 14pt; color: #e84e1b;\"><strong>ALQUILER DE EQUIPAMIENTO<\/strong><\/span><\/div>\n<p>[\/vc_column_text][vc_empty_space height=\u00bb12px\u00bb][vc_column_text]Alquiler de neveras, barbacoas y kit de beb\u00e9 (cuna + trona).<br \/>\nSeg\u00fan disponibilidad.[\/vc_column_text][\/vc_column_inner][vc_column_inner width=\u00bb1\/3&#8243;][vc_single_image image=\u00bb4942&#8243; img_size=\u00bb600*400&#8243;][vc_column_text css=\u00bb.vc_custom_1669376451746{padding-top: 20px !important;padding-bottom: 20px !important;}\u00bb]<\/p>\n<div style=\"text-align: center;\" data-pm-slice=\"1 1 []\" data-en-clipboard=\"true\"><span style=\"font-size: 14pt; color: #e84e1b;\"><strong>SERVICIOS PRACTICOS CERCA DEL CAMPING<\/strong><\/span><\/div>\n<p>[\/vc_column_text][vc_empty_space height=\u00bb12px\u00bb][vc_column_text]Transporte p\u00fablico a la entrada del camping<br \/>\nPanader\u00eda<br \/>\nRestaurantes<br \/>\nFarmacia<br \/>\nBanco[\/vc_column_text][\/vc_column_inner][\/vc_row_inner][vc_empty_space height=\u00bb40px\u00bb][vc_row_inner equal_height=\u00bbyes\u00bb gap=\u00bb15&#8243; css=\u00bb.vc_custom_1718008429918{margin-left: -0.5px !important;}\u00bb][vc_column_inner width=\u00bb1\/3&#8243; css=\u00bb.vc_custom_1526389649105{background-color: #e8e8e8 !important;}\u00bb][vc_icon icon_fontawesome=\u00bbfar fa-map\u00bb color=\u00bbcustom\u00bb size=\u00bblg\u00bb align=\u00bbcenter\u00bb css=\u00bb.vc_custom_1676298986484{margin-bottom: -10px !important;padding-top: 15px !important;}\u00bb custom_color=\u00bb#e84e1b\u00bb link=\u00bburl:https%3A%2F%2Fmedia.huttopia.com%2Fdestinations%2Fstrasbourg%2Fplan-citykamp-camping-strasbourg.pdf|target:_blank\u00bb][vc_column_text css=\u00bb.vc_custom_1676298992287{padding-top: 25px !important;padding-right: 15px !important;padding-bottom: 15px !important;padding-left: 15px !important;}\u00bb]<\/p>\n<p style=\"text-align: center;\"><a href=\"https:\/\/media.huttopia.com\/destinations\/strasbourg\/plan-citykamp-camping-strasbourg.pdf\" target=\"_blank\" rel=\"noopener noreferrer\"><strong>Plano del camping<\/strong><\/a><\/p>\n<p>[\/vc_column_text][\/vc_column_inner][vc_column_inner width=\u00bb1\/3&#8243; css=\u00bb.vc_custom_1526389655824{background-color: #e8e8e8 !important;}\u00bb][vc_icon icon_fontawesome=\u00bbfa fa-calendar-check-o\u00bb color=\u00bbcustom\u00bb size=\u00bblg\u00bb align=\u00bbcenter\u00bb css=\u00bb.vc_custom_1526390864627{margin-bottom: -10px !important;padding-top: 15px !important;}\u00bb custom_color=\u00bb#e84e1b\u00bb link=\u00bburl:http%3A%2F%2Fcheckout.citykamp.com%2Fsite%2Fen%2F907||target:%20_blank|\u00bb][vc_column_text css=\u00bb.vc_custom_1526393722479{padding-top: 25px !important;padding-right: 15px !important;padding-bottom: 15px !important;padding-left: 15px !important;}\u00bb]<\/p>\n<p style=\"text-align: center;\"><a href=\"http:\/\/checkout.citykamp.com\/site\/en\/907\" target=\"_blank\" rel=\"noopener noreferrer\"><strong>Reserva tu estancia<\/strong><\/a><\/p>\n<p>[\/vc_column_text][\/vc_column_inner][vc_column_inner width=\u00bb1\/3&#8243; css=\u00bb.vc_custom_1526389667115{background-color: #e8e8e8 !important;}\u00bb][vc_icon icon_fontawesome=\u00bbfa fa-map-marker\u00bb color=\u00bbcustom\u00bb size=\u00bblg\u00bb align=\u00bbcenter\u00bb css=\u00bb.vc_custom_1526389983200{margin-bottom: -10px !important;padding-top: 15px !important;}\u00bb custom_color=\u00bb#e84e1b\u00bb link=\u00bburl:https%3A%2F%2Fgoo.gl%2Fmaps%2FD2aPTdJ8Jry||target:%20_blank|\u00bb][vc_column_text css=\u00bb.vc_custom_1526393731078{padding-top: 25px !important;padding-right: 15px !important;padding-bottom: 15px !important;padding-left: 15px !important;}\u00bb]<\/p>\n<p style=\"text-align: center;\"><a href=\"https:\/\/goo.gl\/maps\/D2aPTdJ8Jry\" target=\"_blank\" rel=\"noopener noreferrer\"><strong>Ruta<\/strong><\/a><\/p>\n<p>[\/vc_column_text][\/vc_column_inner][\/vc_row_inner]<\/div>[\/vc_column][\/vc_row][vc_row css=\u00bb.vc_custom_1526389434958{background-color: #e8e8e8 !important;}\u00bb][vc_column]<div class=\"wrappedcontent\">[vc_column_text]<\/p>\n<h4>Galer\u00eda de fotos<\/h4>\n<p>[\/vc_column_text][vc_empty_space height=\u00bb18px\u00bb][vc_masonry_media_grid style=\u00bbload-more\u00bb items_per_page=\u00bb4&#8243; element_width=\u00bb3&#8243; gap=\u00bb10&#8243; item=\u00bb1053&#8243; btn_title=\u00bbVER M\u00c1S\u00bb btn_style=\u00bbcustom\u00bb btn_custom_background=\u00bb#e84e1b\u00bb btn_custom_text=\u00bb#ffffff\u00bb btn_shape=\u00bbsquare\u00bb btn_i_icon_fontawesome=\u00bbfa fa-camera\u00bb btn_add_icon=\u00bbtrue\u00bb grid_id=\u00bbvc_gid:1777448780808-ef4d0569-d875-9&#8243; include=\u00bb2519,5023,4981,5005,5029,5035,5971,5983,5989,6001,6013,2494,2474,2509,2534,5041,5047,5017,5011,4999,4993,4987,4975,6025,6019,6007,5995,5977&#8243;]<\/div>[\/vc_column][\/vc_row]<\/p>\n<\/div>","protected":false},"excerpt":{"rendered":"<p>[vc_row][vc_column][vc_single_image image=\u00bb4951&#8243; img_size=\u00bb1900*500&#8243;][\/vc_column][\/vc_row][vc_row][vc_column][\/vc_column][\/vc_row][vc_row css=\u00bb.vc_custom_1526389434958{background-color: #e8e8e8 !important;}\u00bb][vc_column][\/vc_column][\/vc_row]<\/p>\n","protected":false},"author":1,"featured_media":0,"parent":0,"menu_order":0,"comment_status":"closed","ping_status":"closed","template":"","meta":{"footnotes":""},"class_list":["post-801","page","type-page","status-publish","hentry"],"yoast_head":"<!-- This site is optimized with the Yoast SEO plugin v25.6 - https:\/\/yoast.com\/wordpress\/plugins\/seo\/ -->\n<title>Actividades y servicios - Camping de Strasbourg<\/title>\n<meta name=\"description\" content=\"Aproveche las numerosas instalaciones y actividades que ofrece el camping Estrasburgo para una estancia entre relajaci\u00f3n y ocio.\" \/>\n<meta name=\"robots\" content=\"index, follow, max-snippet:-1, max-image-preview:large, max-video-preview:-1\" \/>\n<link rel=\"canonical\" href=\"https:\/\/www.camping-strasbourg.com\/es\/actividades-servicios\/\" \/>\n<meta property=\"og:locale\" content=\"es_ES\" \/>\n<meta property=\"og:type\" content=\"article\" \/>\n<meta property=\"og:title\" content=\"Actividades y servicios - Camping de Strasbourg\" \/>\n<meta property=\"og:description\" content=\"Aproveche las numerosas instalaciones y actividades que ofrece el camping Estrasburgo para una estancia entre relajaci\u00f3n y ocio.\" \/>\n<meta property=\"og:url\" content=\"https:\/\/www.camping-strasbourg.com\/es\/actividades-servicios\/\" \/>\n<meta property=\"og:site_name\" content=\"Camping de Strasbourg\" \/>\n<meta property=\"article:modified_time\" content=\"2026-04-29T07:46:31+00:00\" \/>\n<meta name=\"twitter:card\" content=\"summary_large_image\" \/>\n<meta name=\"twitter:label1\" content=\"Est. reading time\" \/>\n\t<meta name=\"twitter:data1\" content=\"3 minutos\" \/>\n<script type=\"application\/ld+json\" class=\"yoast-schema-graph\">{\"@context\":\"https:\/\/schema.org\",\"@graph\":[{\"@type\":\"WebPage\",\"@id\":\"https:\/\/www.camping-strasbourg.com\/es\/actividades-servicios\/\",\"url\":\"https:\/\/www.camping-strasbourg.com\/es\/actividades-servicios\/\",\"name\":\"Actividades y servicios - Camping de Strasbourg\",\"isPartOf\":{\"@id\":\"https:\/\/www.camping-strasbourg.com\/es\/#website\"},\"datePublished\":\"2018-02-02T10:55:43+00:00\",\"dateModified\":\"2026-04-29T07:46:31+00:00\",\"description\":\"Aproveche las numerosas instalaciones y actividades que ofrece el camping Estrasburgo para una estancia entre relajaci\u00f3n y ocio.\",\"breadcrumb\":{\"@id\":\"https:\/\/www.camping-strasbourg.com\/es\/actividades-servicios\/#breadcrumb\"},\"inLanguage\":\"es\",\"potentialAction\":[{\"@type\":\"ReadAction\",\"target\":[\"https:\/\/www.camping-strasbourg.com\/es\/actividades-servicios\/\"]}]},{\"@type\":\"BreadcrumbList\",\"@id\":\"https:\/\/www.camping-strasbourg.com\/es\/actividades-servicios\/#breadcrumb\",\"itemListElement\":[{\"@type\":\"ListItem\",\"position\":1,\"name\":\"Accueil\",\"item\":\"https:\/\/www.camping-strasbourg.com\/es\/\"},{\"@type\":\"ListItem\",\"position\":2,\"name\":\"Activit\u00e9s \/ Services\"}]},{\"@type\":\"WebSite\",\"@id\":\"https:\/\/www.camping-strasbourg.com\/es\/#website\",\"url\":\"https:\/\/www.camping-strasbourg.com\/es\/\",\"name\":\"Camping de Strasbourg\",\"description\":\"Un site utilisant Citykamp\",\"potentialAction\":[{\"@type\":\"SearchAction\",\"target\":{\"@type\":\"EntryPoint\",\"urlTemplate\":\"https:\/\/www.camping-strasbourg.com\/es\/?s={search_term_string}\"},\"query-input\":{\"@type\":\"PropertyValueSpecification\",\"valueRequired\":true,\"valueName\":\"search_term_string\"}}],\"inLanguage\":\"es\"}]}<\/script>\n<!-- \/ Yoast SEO plugin. -->","yoast_head_json":{"title":"Actividades y servicios - Camping de Strasbourg","description":"Aproveche las numerosas instalaciones y actividades que ofrece el camping Estrasburgo para una estancia entre relajaci\u00f3n y ocio.","robots":{"index":"index","follow":"follow","max-snippet":"max-snippet:-1","max-image-preview":"max-image-preview:large","max-video-preview":"max-video-preview:-1"},"canonical":"https:\/\/www.camping-strasbourg.com\/es\/actividades-servicios\/","og_locale":"es_ES","og_type":"article","og_title":"Actividades y servicios - Camping de Strasbourg","og_description":"Aproveche las numerosas instalaciones y actividades que ofrece el camping Estrasburgo para una estancia entre relajaci\u00f3n y ocio.","og_url":"https:\/\/www.camping-strasbourg.com\/es\/actividades-servicios\/","og_site_name":"Camping de Strasbourg","article_modified_time":"2026-04-29T07:46:31+00:00","twitter_card":"summary_large_image","twitter_misc":{"Est. reading time":"3 minutos"},"schema":{"@context":"https:\/\/schema.org","@graph":[{"@type":"WebPage","@id":"https:\/\/www.camping-strasbourg.com\/es\/actividades-servicios\/","url":"https:\/\/www.camping-strasbourg.com\/es\/actividades-servicios\/","name":"Actividades y servicios - Camping de Strasbourg","isPartOf":{"@id":"https:\/\/www.camping-strasbourg.com\/es\/#website"},"datePublished":"2018-02-02T10:55:43+00:00","dateModified":"2026-04-29T07:46:31+00:00","description":"Aproveche las numerosas instalaciones y actividades que ofrece el camping Estrasburgo para una estancia entre relajaci\u00f3n y ocio.","breadcrumb":{"@id":"https:\/\/www.camping-strasbourg.com\/es\/actividades-servicios\/#breadcrumb"},"inLanguage":"es","potentialAction":[{"@type":"ReadAction","target":["https:\/\/www.camping-strasbourg.com\/es\/actividades-servicios\/"]}]},{"@type":"BreadcrumbList","@id":"https:\/\/www.camping-strasbourg.com\/es\/actividades-servicios\/#breadcrumb","itemListElement":[{"@type":"ListItem","position":1,"name":"Accueil","item":"https:\/\/www.camping-strasbourg.com\/es\/"},{"@type":"ListItem","position":2,"name":"Activit\u00e9s \/ Services"}]},{"@type":"WebSite","@id":"https:\/\/www.camping-strasbourg.com\/es\/#website","url":"https:\/\/www.camping-strasbourg.com\/es\/","name":"Camping de Strasbourg","description":"Un site utilisant Citykamp","potentialAction":[{"@type":"SearchAction","target":{"@type":"EntryPoint","urlTemplate":"https:\/\/www.camping-strasbourg.com\/es\/?s={search_term_string}"},"query-input":{"@type":"PropertyValueSpecification","valueRequired":true,"valueName":"search_term_string"}}],"inLanguage":"es"}]}},"_links":{"self":[{"href":"https:\/\/www.camping-strasbourg.com\/es\/wp-json\/wp\/v2\/pages\/801","targetHints":{"allow":["GET"]}}],"collection":[{"href":"https:\/\/www.camping-strasbourg.com\/es\/wp-json\/wp\/v2\/pages"}],"about":[{"href":"https:\/\/www.camping-strasbourg.com\/es\/wp-json\/wp\/v2\/types\/page"}],"author":[{"embeddable":true,"href":"https:\/\/www.camping-strasbourg.com\/es\/wp-json\/wp\/v2\/users\/1"}],"replies":[{"embeddable":true,"href":"https:\/\/www.camping-strasbourg.com\/es\/wp-json\/wp\/v2\/comments?post=801"}],"version-history":[{"count":5,"href":"https:\/\/www.camping-strasbourg.com\/es\/wp-json\/wp\/v2\/pages\/801\/revisions"}],"predecessor-version":[{"id":6403,"href":"https:\/\/www.camping-strasbourg.com\/es\/wp-json\/wp\/v2\/pages\/801\/revisions\/6403"}],"wp:attachment":[{"href":"https:\/\/www.camping-strasbourg.com\/es\/wp-json\/wp\/v2\/media?parent=801"}],"curies":[{"name":"wp","href":"https:\/\/api.w.org\/{rel}","templated":true}]}}