{"id":809,"date":"2018-02-02T12:00:13","date_gmt":"2018-02-02T11:00:13","guid":{"rendered":"http:\/\/www.camping-strasbourg.com\/es\/professionnels\/"},"modified":"2023-02-13T16:00:17","modified_gmt":"2023-02-13T15:00:17","slug":"profesionales","status":"publish","type":"page","link":"https:\/\/www.camping-strasbourg.com\/es\/profesionales\/","title":{"rendered":"Professionnels"},"content":{"rendered":"<div class=\"wpb-content-wrapper\"><p>[vc_row][vc_column][vc_single_image image=\u00bb1484&#8243; img_size=\u00bb1900&#215;500&#8243;][\/vc_column][\/vc_row][vc_row][vc_column]<div class=\"wrappedcontent\">[vc_column_text]<\/p>\n<h3>Desplazamientos de trabajo<\/h3>\n<p>[\/vc_column_text][vc_empty_space height=\u00bb50px\u00bb][vc_column_text]<\/p>\n<h4>\u00a1La mejor alternativa al hotel para los viajes de trabajo!<\/h4>\n<p>\u00bfEst\u00e1s de viaje de trabajo, destino temporal, formaci\u00f3n o est\u00e1s visitando una feria o exponiendo en ella&#8230; en Estrasburgo? Al\u00f3jate en un lugar incre\u00edble, pr\u00e1ctico y econ\u00f3mico: el camping de Strasbourg totalmente nuevo.[\/vc_column_text]<\/div>[\/vc_column][\/vc_row][vc_row css=\u00bb.vc_custom_1519041451604{background-color: #e8e8e8 !important;}\u00bb][vc_column]<div class=\"wrappedcontent\">[vc_column_text]<\/p>\n<h4 style=\"text-align: center;\">\u2013 Alquiler de chalets, cottages y caravanas, la f\u00f3rmula econ\u00f3mica y confortable\u00a0&#8211;<\/h4>\n<p>[\/vc_column_text][vc_empty_space height=\u00bb30px\u00bb][vc_column_text]M\u00e1s econ\u00f3mico que un hotel, el Camping de Strasbourg dispone de chalets, cottages o caravanas amuebladas y totalmente equipadas (cocina equipada, ba\u00f1o&#8230;) para una persona o para compartir (capacidad m\u00e1x. de 6 personas). \u00bfEstancia de una noche o varias semanas? Todo es posible.[\/vc_column_text][vc_empty_space height=\u00bb30px\u00bb][vc_masonry_media_grid gap=\u00bb10&#8243; item=\u00bb105&#8243; grid_id=\u00bbvc_gid:1676299580753-77dec4d3-d7b0-10&#8243; include=\u00bb1584,1579,2109&#8243;]<\/div>[\/vc_column][\/vc_row][vc_row][vc_column]<div class=\"wrappedcontent\">[vc_column_text]<\/p>\n<h4 style=\"text-align: center;\">\u2013 \u00a1Trabaja, descansa y desconecta!<span style=\"color: #333333;\">\u00a0<\/span>\u2013<\/h4>\n<p>[\/vc_column_text][vc_empty_space height=\u00bb30px\u00bb][vc_column_text]Gracias a su ubicaci\u00f3n a 10 minutos del centro de Estrasburgo, a 5 kil\u00f3metros de la estaci\u00f3n, cerca de palacios de exposiciones y a 15 minutos del Parlamento Europeo, estar\u00e1s estrat\u00e9gicamente situado para una estancia de trabajo, disfrutando de un marco id\u00edlico en el coraz\u00f3n del Parque Natural Urbano de la ciudad. \u00a1Llega al centro de Estrasburgo en menos de 10 minutos con el transporte p\u00fablico a la salida del camping! \u00a1Los deportistas podr\u00e1n alquilar una bici con V\u00e9lhop! El camping dispone de una terminal V\u00e9lhop.[\/vc_column_text][vc_empty_space height=\u00bb30px\u00bb][vc_row_inner gap=\u00bb20&#8243;][vc_column_inner width=\u00bb1\/3&#8243;][vc_masonry_media_grid element_width=\u00bb12&#8243; item=\u00bb105&#8243; grid_id=\u00bbvc_gid:1676299580757-22711bed-3ce2-3&#8243; include=\u00bb2104&#8243;][vc_empty_space height=\u00bb12px\u00bb][vc_column_text]Para beber algo con los amigos o compartir una pizza de la casa. Abierto seg\u00fan el periodo.[\/vc_column_text][\/vc_column_inner][vc_column_inner width=\u00bb1\/3&#8243;][vc_masonry_media_grid element_width=\u00bb12&#8243; item=\u00bb105&#8243; grid_id=\u00bbvc_gid:1676299580759-a5096e34-53e8-7&#8243; include=\u00bb2099&#8243;][vc_empty_space height=\u00bb12px\u00bb][vc_column_text]Para beber algo con los amigos o compartir una pizza de la casa. Abierto seg\u00fan el periodo.[\/vc_column_text][\/vc_column_inner][vc_column_inner width=\u00bb1\/3&#8243;][vc_masonry_media_grid element_width=\u00bb12&#8243; item=\u00bb105&#8243; grid_id=\u00bbvc_gid:1676299580761-f21ac8e9-d756-6&#8243; include=\u00bb2094&#8243;][vc_empty_space height=\u00bb12px\u00bb][vc_column_text]Una bonita piscina climatizada, campos de deportes y un centro social con TV, billar y biblioteca. \u00a1Todo est\u00e1 previsto para relajarse despu\u00e9s de una jornada laboral![\/vc_column_text][\/vc_column_inner][\/vc_row_inner]<\/div>[\/vc_column][\/vc_row][vc_row css=\u00bb.vc_custom_1519041556080{background-color: #e8e8e8 !important;}\u00bb][vc_column]<div class=\"wrappedcontent\">[vc_column_text css=\u00bb.vc_custom_1521014069604{margin-top: 20px !important;}\u00bb]<\/p>\n<h4>Las ventajas de una estancia profesional en el camping de Strasbourg<\/h4>\n<p>[\/vc_column_text][vc_row_inner][vc_column_inner width=\u00bb1\/2&#8243;][vc_column_text]<\/p>\n<ul>\n<li>Parking gratuito<\/li>\n<li>Wifi gratuito<\/li>\n<li>Paquete hotelero: s\u00e1banas y toallas incluidas. Cama hecha a la llegada (opcional)<\/li>\n<li>Servicio de limpieza (opcional)<\/li>\n<li>Supermercado<\/li>\n<li>Lavander\u00eda<\/li>\n<\/ul>\n<p>[\/vc_column_text][\/vc_column_inner][vc_column_inner width=\u00bb1\/2&#8243;][vc_column_text]<\/p>\n<ul>\n<li>Centro social: billar, TV, biblioteca&#8230;<\/li>\n<li>Piscina climatizada (del 28\/04 al 24\/09)<\/li>\n<li>Caf\u00e9-restaurante y desayuno (hasta 30\/09)<\/li>\n<li>Recepci\u00f3n pol\u00edglota<\/li>\n<li>Alquiler V\u00e9lhop en el camping<\/li>\n<\/ul>\n<p>[\/vc_column_text][\/vc_column_inner][\/vc_row_inner]<\/div>[\/vc_column][\/vc_row][vc_row][vc_column]<div class=\"wrappedcontent\">[vc_column_text]<\/p>\n<h4 style=\"text-align: center;\">\u2013 Una ubicaci\u00f3n ideal: un rinc\u00f3n de naturaleza en Estrasburgo\u00a0\u2013<\/h4>\n<p>[\/vc_column_text][vc_empty_space height=\u00bb30px\u00bb][vc_column_text]A 5 minutos de la estaci\u00f3n de Estrasburgo y a 30 minutos del Parlamento Europeo.<br \/>\nA 10 minutos de la red de carreteras (A35 y E25)<br \/>\nTransporte p\u00fablico y carriles bici a la salida del camping<br \/>\nAlquiler de V\u00e9lhop en el camping[\/vc_column_text][vc_empty_space height=\u00bb60px\u00bb][vc_row_inner equal_height=\u00bbyes\u00bb gap=\u00bb15&#8243; css=\u00bb.vc_custom_1526389615362{margin-left: -0.5px !important;}\u00bb][vc_column_inner width=\u00bb1\/3&#8243; css=\u00bb.vc_custom_1526389649105{background-color: #e8e8e8 !important;}\u00bb][vc_icon icon_fontawesome=\u00bbfar fa-map\u00bb color=\u00bbcustom\u00bb size=\u00bblg\u00bb align=\u00bbcenter\u00bb custom_color=\u00bb#e84e1b\u00bb link=\u00bburl:https%3A%2F%2Fmedia.huttopia.com%2Fdestinations%2Fstrasbourg%2Fplan-citykamp-camping-strasbourg.pdf|target:_blank\u00bb css=\u00bb.vc_custom_1676300407652{margin-bottom: -10px !important;padding-top: 15px !important;}\u00bb][vc_column_text css=\u00bb.vc_custom_1676300414331{padding-top: 25px !important;padding-right: 15px !important;padding-bottom: 15px !important;padding-left: 15px !important;}\u00bb]<\/p>\n<p style=\"text-align: center;\"><a href=\"https:\/\/media.huttopia.com\/destinations\/strasbourg\/plan-citykamp-camping-strasbourg.pdf\" target=\"_blank\" rel=\"noopener noreferrer\"><strong>Plano del camping<\/strong><\/a><\/p>\n<p>[\/vc_column_text][\/vc_column_inner][vc_column_inner width=\u00bb1\/3&#8243; css=\u00bb.vc_custom_1526389655824{background-color: #e8e8e8 !important;}\u00bb][vc_icon icon_fontawesome=\u00bbfa fa-calendar-check-o\u00bb color=\u00bbcustom\u00bb size=\u00bblg\u00bb align=\u00bbcenter\u00bb custom_color=\u00bb#e84e1b\u00bb link=\u00bburl:http%3A%2F%2Fcheckout.citykamp.com%2Fsite%2Fen%2F907||target:%20_blank|\u00bb css=\u00bb.vc_custom_1526390864627{margin-bottom: -10px !important;padding-top: 15px !important;}\u00bb][vc_column_text css=\u00bb.vc_custom_1526393722479{padding-top: 25px !important;padding-right: 15px !important;padding-bottom: 15px !important;padding-left: 15px !important;}\u00bb]<\/p>\n<p style=\"text-align: center;\"><a href=\"http:\/\/checkout.citykamp.com\/site\/en\/907\" target=\"_blank\" rel=\"noopener noreferrer\"><strong>Reserva tu estancia<\/strong><\/a><\/p>\n<p>[\/vc_column_text][\/vc_column_inner][vc_column_inner width=\u00bb1\/3&#8243; css=\u00bb.vc_custom_1526389667115{background-color: #e8e8e8 !important;}\u00bb][vc_icon icon_fontawesome=\u00bbfa fa-map-marker\u00bb color=\u00bbcustom\u00bb size=\u00bblg\u00bb align=\u00bbcenter\u00bb custom_color=\u00bb#e84e1b\u00bb link=\u00bburl:https%3A%2F%2Fgoo.gl%2Fmaps%2FD2aPTdJ8Jry||target:%20_blank|\u00bb css=\u00bb.vc_custom_1526389983200{margin-bottom: -10px !important;padding-top: 15px !important;}\u00bb][vc_column_text css=\u00bb.vc_custom_1526393731078{padding-top: 25px !important;padding-right: 15px !important;padding-bottom: 15px !important;padding-left: 15px !important;}\u00bb]<\/p>\n<p style=\"text-align: center;\"><a href=\"https:\/\/goo.gl\/maps\/D2aPTdJ8Jry\" target=\"_blank\" rel=\"noopener noreferrer\"><strong>Ruta<\/strong><\/a><\/p>\n<p>[\/vc_column_text][\/vc_column_inner][\/vc_row_inner]<\/div>[\/vc_column][\/vc_row]<\/p>\n<\/div>","protected":false},"excerpt":{"rendered":"<p>[vc_row][vc_column][vc_single_image image=\u00bb1484&#8243; img_size=\u00bb1900&#215;500&#8243;][\/vc_column][\/vc_row][vc_row][vc_column][\/vc_column][\/vc_row][vc_row css=\u00bb.vc_custom_1519041451604{background-color: #e8e8e8 !important;}\u00bb][vc_column][\/vc_column][\/vc_row][vc_row][vc_column][\/vc_column][\/vc_row][vc_row css=\u00bb.vc_custom_1519041556080{background-color: #e8e8e8 !important;}\u00bb][vc_column][\/vc_column][\/vc_row][vc_row][vc_column][\/vc_column][\/vc_row]<\/p>\n","protected":false},"author":1,"featured_media":0,"parent":0,"menu_order":0,"comment_status":"closed","ping_status":"closed","template":"","meta":{"footnotes":""},"class_list":["post-809","page","type-page","status-publish","hentry"],"yoast_head":"<!-- This site is optimized with the Yoast SEO plugin v25.6 - https:\/\/yoast.com\/wordpress\/plugins\/seo\/ -->\n<title>Desplazamientos de trabajo - Camping de Strasbourg<\/title>\n<meta name=\"description\" content=\"\u00bfViaja a Estrasburgo? Hosp\u00e9dese en un campamento para su viaje de negocios: la alternativa natural para desconectarse.\" \/>\n<meta name=\"robots\" content=\"index, follow, max-snippet:-1, max-image-preview:large, max-video-preview:-1\" \/>\n<link rel=\"canonical\" href=\"https:\/\/www.camping-strasbourg.com\/es\/profesionales\/\" \/>\n<meta property=\"og:locale\" content=\"es_ES\" \/>\n<meta property=\"og:type\" content=\"article\" \/>\n<meta property=\"og:title\" content=\"Desplazamientos de trabajo - Camping de Strasbourg\" \/>\n<meta property=\"og:description\" content=\"\u00bfViaja a Estrasburgo? Hosp\u00e9dese en un campamento para su viaje de negocios: la alternativa natural para desconectarse.\" \/>\n<meta property=\"og:url\" content=\"https:\/\/www.camping-strasbourg.com\/es\/profesionales\/\" \/>\n<meta property=\"og:site_name\" content=\"Camping de Strasbourg\" \/>\n<meta property=\"article:modified_time\" content=\"2023-02-13T15:00:17+00:00\" \/>\n<meta name=\"twitter:card\" content=\"summary_large_image\" \/>\n<meta name=\"twitter:label1\" content=\"Est. reading time\" \/>\n\t<meta name=\"twitter:data1\" content=\"3 minutos\" \/>\n<script type=\"application\/ld+json\" class=\"yoast-schema-graph\">{\"@context\":\"https:\/\/schema.org\",\"@graph\":[{\"@type\":\"WebPage\",\"@id\":\"https:\/\/www.camping-strasbourg.com\/es\/profesionales\/\",\"url\":\"https:\/\/www.camping-strasbourg.com\/es\/profesionales\/\",\"name\":\"Desplazamientos de trabajo - Camping de Strasbourg\",\"isPartOf\":{\"@id\":\"https:\/\/www.camping-strasbourg.com\/es\/#website\"},\"datePublished\":\"2018-02-02T11:00:13+00:00\",\"dateModified\":\"2023-02-13T15:00:17+00:00\",\"description\":\"\u00bfViaja a Estrasburgo? Hosp\u00e9dese en un campamento para su viaje de negocios: la alternativa natural para desconectarse.\",\"breadcrumb\":{\"@id\":\"https:\/\/www.camping-strasbourg.com\/es\/profesionales\/#breadcrumb\"},\"inLanguage\":\"es\",\"potentialAction\":[{\"@type\":\"ReadAction\",\"target\":[\"https:\/\/www.camping-strasbourg.com\/es\/profesionales\/\"]}]},{\"@type\":\"BreadcrumbList\",\"@id\":\"https:\/\/www.camping-strasbourg.com\/es\/profesionales\/#breadcrumb\",\"itemListElement\":[{\"@type\":\"ListItem\",\"position\":1,\"name\":\"Accueil\",\"item\":\"https:\/\/www.camping-strasbourg.com\/es\/\"},{\"@type\":\"ListItem\",\"position\":2,\"name\":\"Professionnels\"}]},{\"@type\":\"WebSite\",\"@id\":\"https:\/\/www.camping-strasbourg.com\/es\/#website\",\"url\":\"https:\/\/www.camping-strasbourg.com\/es\/\",\"name\":\"Camping de Strasbourg\",\"description\":\"Un site utilisant Citykamp\",\"potentialAction\":[{\"@type\":\"SearchAction\",\"target\":{\"@type\":\"EntryPoint\",\"urlTemplate\":\"https:\/\/www.camping-strasbourg.com\/es\/?s={search_term_string}\"},\"query-input\":{\"@type\":\"PropertyValueSpecification\",\"valueRequired\":true,\"valueName\":\"search_term_string\"}}],\"inLanguage\":\"es\"}]}<\/script>\n<!-- \/ Yoast SEO plugin. -->","yoast_head_json":{"title":"Desplazamientos de trabajo - Camping de Strasbourg","description":"\u00bfViaja a Estrasburgo? Hosp\u00e9dese en un campamento para su viaje de negocios: la alternativa natural para desconectarse.","robots":{"index":"index","follow":"follow","max-snippet":"max-snippet:-1","max-image-preview":"max-image-preview:large","max-video-preview":"max-video-preview:-1"},"canonical":"https:\/\/www.camping-strasbourg.com\/es\/profesionales\/","og_locale":"es_ES","og_type":"article","og_title":"Desplazamientos de trabajo - Camping de Strasbourg","og_description":"\u00bfViaja a Estrasburgo? Hosp\u00e9dese en un campamento para su viaje de negocios: la alternativa natural para desconectarse.","og_url":"https:\/\/www.camping-strasbourg.com\/es\/profesionales\/","og_site_name":"Camping de Strasbourg","article_modified_time":"2023-02-13T15:00:17+00:00","twitter_card":"summary_large_image","twitter_misc":{"Est. reading time":"3 minutos"},"schema":{"@context":"https:\/\/schema.org","@graph":[{"@type":"WebPage","@id":"https:\/\/www.camping-strasbourg.com\/es\/profesionales\/","url":"https:\/\/www.camping-strasbourg.com\/es\/profesionales\/","name":"Desplazamientos de trabajo - Camping de Strasbourg","isPartOf":{"@id":"https:\/\/www.camping-strasbourg.com\/es\/#website"},"datePublished":"2018-02-02T11:00:13+00:00","dateModified":"2023-02-13T15:00:17+00:00","description":"\u00bfViaja a Estrasburgo? Hosp\u00e9dese en un campamento para su viaje de negocios: la alternativa natural para desconectarse.","breadcrumb":{"@id":"https:\/\/www.camping-strasbourg.com\/es\/profesionales\/#breadcrumb"},"inLanguage":"es","potentialAction":[{"@type":"ReadAction","target":["https:\/\/www.camping-strasbourg.com\/es\/profesionales\/"]}]},{"@type":"BreadcrumbList","@id":"https:\/\/www.camping-strasbourg.com\/es\/profesionales\/#breadcrumb","itemListElement":[{"@type":"ListItem","position":1,"name":"Accueil","item":"https:\/\/www.camping-strasbourg.com\/es\/"},{"@type":"ListItem","position":2,"name":"Professionnels"}]},{"@type":"WebSite","@id":"https:\/\/www.camping-strasbourg.com\/es\/#website","url":"https:\/\/www.camping-strasbourg.com\/es\/","name":"Camping de Strasbourg","description":"Un site utilisant Citykamp","potentialAction":[{"@type":"SearchAction","target":{"@type":"EntryPoint","urlTemplate":"https:\/\/www.camping-strasbourg.com\/es\/?s={search_term_string}"},"query-input":{"@type":"PropertyValueSpecification","valueRequired":true,"valueName":"search_term_string"}}],"inLanguage":"es"}]}},"_links":{"self":[{"href":"https:\/\/www.camping-strasbourg.com\/es\/wp-json\/wp\/v2\/pages\/809","targetHints":{"allow":["GET"]}}],"collection":[{"href":"https:\/\/www.camping-strasbourg.com\/es\/wp-json\/wp\/v2\/pages"}],"about":[{"href":"https:\/\/www.camping-strasbourg.com\/es\/wp-json\/wp\/v2\/types\/page"}],"author":[{"embeddable":true,"href":"https:\/\/www.camping-strasbourg.com\/es\/wp-json\/wp\/v2\/users\/1"}],"replies":[{"embeddable":true,"href":"https:\/\/www.camping-strasbourg.com\/es\/wp-json\/wp\/v2\/comments?post=809"}],"version-history":[{"count":3,"href":"https:\/\/www.camping-strasbourg.com\/es\/wp-json\/wp\/v2\/pages\/809\/revisions"}],"predecessor-version":[{"id":5343,"href":"https:\/\/www.camping-strasbourg.com\/es\/wp-json\/wp\/v2\/pages\/809\/revisions\/5343"}],"wp:attachment":[{"href":"https:\/\/www.camping-strasbourg.com\/es\/wp-json\/wp\/v2\/media?parent=809"}],"curies":[{"name":"wp","href":"https:\/\/api.w.org\/{rel}","templated":true}]}}