{"id":811,"date":"2018-02-02T11:59:46","date_gmt":"2018-02-02T10:59:46","guid":{"rendered":"http:\/\/www.camping-strasbourg.com\/es\/region\/"},"modified":"2025-03-04T12:52:52","modified_gmt":"2025-03-04T11:52:52","slug":"region","status":"publish","type":"page","link":"https:\/\/www.camping-strasbourg.com\/es\/region\/","title":{"rendered":"R\u00e9gion"},"content":{"rendered":"<div class=\"wpb-content-wrapper\"><p>[vc_row][vc_column][vc_single_image image=\u00bb6309&#8243; img_size=\u00bb1900&#215;500&#8243; css=\u00bb\u00bb]<div class=\"wrappedcontent\">[vc_column_text]<\/p>\n<h3>\u00a1Estrasburgo como capital europea!<\/h3>\n<p>El Camping de Strasbourg situado a tan solo 3 km del casco hist\u00f3rico es un lugar ideal para alojarse y salir a descubrir Estrasburgo, a pie o en bici, siguiendo los carriles bici en la entrada del camping. El punto de informaci\u00f3n tur\u00edstica del camping est\u00e1 disponible en la recepci\u00f3n. Nuestro personal de recepci\u00f3n te comunicar\u00e1 las \u00abmejores direcciones\u00bb de restaurantes y te guiar\u00e1n con gusto por tu aventura estrasburguesa durante todo el a\u00f1o.[\/vc_column_text][vc_row_inner gap=\u00bb35&#8243; css=\u00bb.vc_custom_1718008942039{margin-left: -0.5px !important;}\u00bb][vc_column_inner][vc_masonry_media_grid element_width=\u00bb12&#8243; gap=\u00bb25&#8243; item=\u00bb197&#8243; grid_id=\u00bbvc_gid:1741089274682-949a7888-9a36-8&#8243; include=\u00bb2209&#8243;][\/vc_column_inner][\/vc_row_inner][vc_empty_space height=\u00bb20px\u00bb]<div class=\"text-center btnwrap\"><a class=\"btn btn-huttopia-cta\" href=\"http:\/\/checkout.citykamp.com\/site\/es\/907\" role=\"button\" target=\"\" onclick=\"dataLayer.push({'event':'clickCity', 'clickText':'Reserva tu estancia'})\">Reserva tu estancia<\/a><\/div><\/div>[\/vc_column][\/vc_row][vc_row css=\u00bb.vc_custom_1518793010936{background-color: #e8e8e8 !important;}\u00bb][vc_column]<div class=\"wrappedcontent\">[vc_row_inner gap=\u00bb25&#8243; css=\u00bb.vc_custom_1718008956083{margin-left: -0.5px !important;}\u00bb][vc_column_inner width=\u00bb1\/2&#8243;][vc_column_text]<\/p>\n<h4>La \u00abGrande-\u00cele\u00bb, inscrita en el patrimonio mundial de la UNESCO<\/h4>\n<p align=\"justify\">Descubre el centro hist\u00f3rico de la capital de Alsacia y su diverso patrimonio \u00fanico. El barrio antiguo y pintoresco de la Petite France antes habitado por curtidores y molineros. La Petite France revela unpatrimonio arquitect\u00f3nico \u00fanico con sus casas con entramados de madera y sus callejuelas bulliciosas que le dan aun m\u00e1s encanto. \u00a1Visita obligatoria!<\/p>\n<p>[\/vc_column_text][\/vc_column_inner][vc_column_inner width=\u00bb1\/2&#8243;][vc_masonry_media_grid element_width=\u00bb12&#8243; gap=\u00bb25&#8243; grid_id=\u00bbvc_gid:1741089274687-c6a2e4ce-c1a8-5&#8243; include=\u00bb1334&#8243;][\/vc_column_inner][\/vc_row_inner]<\/div>[\/vc_column][\/vc_row][vc_row css=\u00bb.vc_custom_1518793247440{background-color: #ffffff !important;}\u00bb][vc_column]<div class=\"wrappedcontent\">[vc_row_inner gap=\u00bb25&#8243; css=\u00bb.vc_custom_1718008962039{margin-left: -0.5px !important;}\u00bb][vc_column_inner width=\u00bb1\/2&#8243;][vc_single_image image=\u00bb1454&#8243; img_size=\u00bbfull\u00bb][\/vc_column_inner][vc_column_inner width=\u00bb1\/2&#8243;][vc_column_text]<\/p>\n<h4>La catedral de Notre-Dame y el coraz\u00f3n de la ciudad<\/h4>\n<p align=\"justify\">Admira la imponente catedral de Notre-Dame que con sus 142 metros de alto no te la puedes perder.<br \/>\nPodr\u00e1s acceder a su plataforma situada a 66 m desde donde hay unas impresionantes vistas de la ciudad.<\/p>\n<p align=\"justify\">El mejor plan: Entrada gratuita el primer domingo de cada mes.<\/p>\n<p align=\"justify\">En el coraz\u00f3n de la ciudad, la catedral se muestra imponente rodeada por importantes tesoros como la casa Kammerzell, una de las obras estrasburguesas m\u00e1s c\u00e9lebres. Admira este antigua casa de vendedores de estilo renacentista, actualmente convertida en un reputado establecimiento de restauraci\u00f3n.<\/p>\n<p align=\"justify\">Descubre tambi\u00e9n sus numerosas callejuelas y lugares de renombre como la place du Ch\u00e2teaudonde se alza el Palais Rohan, pero tambi\u00e9n laplace Gutenberg, la place Kl\u00e9ber, la place du March\u00e9-aux-cochons-de-lait\u2026<\/p>\n<p>[\/vc_column_text][\/vc_column_inner][\/vc_row_inner]<\/div>[\/vc_column][\/vc_row][vc_row css=\u00bb.vc_custom_1519048199475{background-color: #e8e8e8 !important;}\u00bb][vc_column]<div class=\"wrappedcontent\">[vc_row_inner gap=\u00bb35&#8243; css=\u00bb.vc_custom_1718008967839{margin-left: -0.5px !important;}\u00bb][vc_column_inner width=\u00bb1\/3&#8243;][vc_masonry_media_grid element_width=\u00bb12&#8243; item=\u00bb184&#8243; grid_id=\u00bbvc_gid:1741089274693-8e7bdaf3-8725-3&#8243; include=\u00bb2194&#8243;][vc_column_text]Estrasburgo como capital europea es el s\u00edmbolo de la reconciliaci\u00f3n entre el pueblo y el futuro de Europa. Descubre el barrio europeo, que no ha parado de crecer a lo largo de los a\u00f1os y hoy re\u00faneimportantes monumentos de la arquitectura contempor\u00e1nea.<br \/>\nNo te puedes perder el Palacio de Europa que es la sede social del Consejo de Europa, el Palacio de los Derechos del Hombre as\u00ed como el Parlamento Europeo.[\/vc_column_text][\/vc_column_inner][vc_column_inner width=\u00bb1\/3&#8243;][vc_masonry_media_grid element_width=\u00bb12&#8243; item=\u00bb184&#8243; grid_id=\u00bbvc_gid:1741089274695-c1047448-de13-8&#8243; include=\u00bb2189&#8243;][vc_column_text]Visita tambi\u00e9n el barrio imperial alem\u00e1n y sus edificios imponentes, construidos a finales del siglo XIX en memoria del K\u00e1iser. Descubre la influencia alemana que refuerza la influencia francesa y convierte a Estrasburgo en una ciudad \u00fanica. No te puedes perder la Plaza de la Rep\u00fablica, el Palacio del Rin, la Biblioteca Nacional y Universitaria, elTeatro Nacional de Estrasburgo\u2026[\/vc_column_text][\/vc_column_inner][vc_column_inner width=\u00bb1\/3&#8243;][vc_masonry_media_grid element_width=\u00bb12&#8243; item=\u00bb184&#8243; grid_id=\u00bbvc_gid:1741089274697-667de3a0-31e9-9&#8243; include=\u00bb2184&#8243;][vc_column_text]Visitar Estrasburgo tambi\u00e9n es disfrutar de las largas orillas del r\u00edo Ill donde podr\u00e1s descubrir la antigua aduana o incluso el Cour du Corbeau. Tambi\u00e9n es disfrutar de sus numerosos parques y jardines: el jard\u00edn bot\u00e1nico y todo su verdor, el Parc de l\u2019Orangerie y sus cig\u00fce\u00f1as\u2026[\/vc_column_text][\/vc_column_inner][\/vc_row_inner]<\/div>[\/vc_column][\/vc_row][vc_row][vc_column]<div class=\"wrappedcontent\">[vc_row_inner gap=\u00bb35&#8243; css=\u00bb.vc_custom_1718008974179{margin-left: -0.5px !important;}\u00bb][vc_column_inner width=\u00bb1\/2&#8243;][vc_masonry_media_grid element_width=\u00bb12&#8243; item=\u00bb184&#8243; grid_id=\u00bbvc_gid:1741089274700-116b1c46-917c-0&#8243; include=\u00bb2179&#8243;][vc_column_text]Estrasburgo tambi\u00e9n te ofrece numerosas salidas culturales como sus museos: el Mus\u00e9e Alsacien, elPalais Rohan (Museo Arqueol\u00f3gico, Museo de Artes Decorativas, Museo de Bellas Artes), el Museo de Arte Moderno y Contempor\u00e1neo, el Museo Hist\u00f3rico de la ciudad de Estrasburgo\u2026<\/p>\n<p><em>El mejor plan cultural: la capital de Alsacia abre las puertas de sus museos de forma gratuita el primer domingo de cada mes de 10h a 18h.<\/em>[\/vc_column_text][\/vc_column_inner][vc_column_inner width=\u00bb1\/2&#8243;][vc_masonry_media_grid element_width=\u00bb12&#8243; item=\u00bb184&#8243; grid_id=\u00bbvc_gid:1741089274704-2f3015be-7b21-3&#8243; include=\u00bb2174&#8243;][vc_column_text]Una parada ineludible en uno de los numerososwinstubs, taberna tradicional c\u00e1lida y acogedora donde se degustan las numerosas especialidades de Alsacia.<br \/>\nEstas son algunas de ellas: el chucrut, elbaeckeoffe, la flammekeuche, los Fleischknepfle(alb\u00f3ndigas), los Spaetzle, bretzel&#8230; sin olvidarnos de la cerveza de Alsacia y los famosos vinos de Alsacia.[\/vc_column_text][\/vc_column_inner][\/vc_row_inner]<\/div>[\/vc_column][\/vc_row][vc_row css=\u00bb.vc_custom_1718372753752{background-color: #e8e8e8 !important;}\u00bb][vc_column]<div class=\"wrappedcontent\">[vc_column_text]<\/p>\n<h4 style=\"text-align: center;\"><span style=\"color: #333333;\">\u2014<\/span> Estrasburgo, capital de la Navidad<span style=\"color: #333333;\">\u00a0\u2014<\/span><\/h4>\n<p>[\/vc_column_text][vc_empty_space height=\u00bb40px\u00bb][vc_row_inner gap=\u00bb35&#8243; css=\u00bb.vc_custom_1718008950095{margin-left: -0.5px !important;}\u00bb][vc_column_inner width=\u00bb1\/2&#8243;][vc_masonry_media_grid element_width=\u00bb12&#8243; gap=\u00bb25&#8243; item=\u00bb184&#8243; grid_id=\u00bbvc_gid:1741089274708-e051bc08-61eb-0&#8243; include=\u00bb2204&#8243;][\/vc_column_inner][vc_column_inner width=\u00bb1\/2&#8243;][vc_masonry_media_grid element_width=\u00bb12&#8243; gap=\u00bb25&#8243; item=\u00bb184&#8243; grid_id=\u00bbvc_gid:1741089274712-17944d6e-409a-0&#8243; include=\u00bb2199&#8243;][\/vc_column_inner][\/vc_row_inner][vc_column_text]La Navidad en Estrasburgo es m\u00e1gica, fant\u00e1stica&#8230; No hay palabras para describir el ambiente que reina en la ciudad en esta \u00e9poca del a\u00f1o.<br \/>\nDescubre el mercado navide\u00f1o m\u00e1s antiguo de Europa, creado en 1570. En diciembre, al atardecer, la ciudad se cubre con un manto de luz y se convierte en la ciudad m\u00e1s iluminada de Europa.<br \/>\nDescubre, en un entorno \u00fanico, los mercados y el olor a vino caliente, las iluminaciones, las casas decoradas, el abeto gigante de la plaza Kl\u00e9ber&#8230; sin olvidarnos de degustar los deliciosos pastelitos de Navidad: los Bredele. Un verdadero momento para compartir y festejar que har\u00e1 las delicias de grandes y peque\u00f1os.[\/vc_column_text][vc_empty_space height=\u00bb20px\u00bb]<div class=\"text-center btnwrap\"><a class=\"btn btn-huttopia-cta\" href=\"http:\/\/checkout.citykamp.com\/site\/es\/907\" role=\"button\" target=\"\" onclick=\"dataLayer.push({'event':'clickCity', 'clickText':'Reserva tu estancia'})\">Reserva tu estancia<\/a><\/div><\/div>[\/vc_column][\/vc_row][vc_row][vc_column]<div class=\"wrappedcontent\">[vc_column_text]<\/p>\n<h4>Galer\u00eda de fotos<\/h4>\n<p>[\/vc_column_text][vc_empty_space height=\u00bb18px\u00bb][vc_masonry_media_grid style=\u00bbload-more\u00bb items_per_page=\u00bb4&#8243; element_width=\u00bb3&#8243; gap=\u00bb10&#8243; item=\u00bb1053&#8243; btn_title=\u00bbVER M\u00c1S\u00bb btn_style=\u00bbcustom\u00bb btn_custom_background=\u00bb#e84e1b\u00bb btn_custom_text=\u00bb#ffffff\u00bb btn_shape=\u00bbsquare\u00bb btn_i_icon_fontawesome=\u00bbfa fa-camera\u00bb btn_add_icon=\u00bbtrue\u00bb grid_id=\u00bbvc_gid:1741089274716-06dadb52-3466-8&#8243; include=\u00bb4588,2539,2574,4582,2549,2554,2564,2559,2544,2569,2579&#8243;]<\/div>[vc_gmaps link=\u00bb#E-8_JTNDaWZyYW1lJTIwc3JjJTNEJTIyaHR0cHMlM0ElMkYlMkZ3d3cuZ29vZ2xlLmNvbSUyRm1hcHMlMkZlbWJlZCUzRnBiJTNEJTIxMW0xOCUyMTFtMTIlMjExbTMlMjExZDE1NjkuNjMwNzgwMjA5NDAxJTIxMmQ3LjcxMzU0NTA2OTEyMzY0NSUyMTNkNDguNTc1NDk4MTQxMzc3NDMlMjEybTMlMjExZjAlMjEyZjAlMjEzZjAlMjEzbTIlMjExaTEwMjQlMjEyaTc2OCUyMTRmMTMuMSUyMTNtMyUyMTFtMiUyMTFzMHg0Nzk2YzlkMTcxMTEzMDU3JTI1M0EweDdjYzAwNGIzMDJiYzRiNDUlMjEyc0NhbXBpbmclMkJkZSUyQlN0cmFzYm91cmclMjE1ZTAlMjEzbTIlMjExc2ZyJTIxMnNmciUyMTR2MTUxOTA1OTYyMDEyMiUyMiUyMHdpZHRoJTNEJTIyNjAwJTIyJTIwaGVpZ2h0JTNEJTIyNDUwJTIyJTIwZnJhbWVib3JkZXIlM0QlMjIwJTIyJTIwc3R5bGUlM0QlMjJib3JkZXIlM0EwJTIyJTIwYWxsb3dmdWxsc2NyZWVuJTNFJTNDJTJGaWZyYW1lJTNF\u00bb][\/vc_column][\/vc_row]<\/p>\n<\/div>","protected":false},"excerpt":{"rendered":"<p>[vc_row][vc_column][vc_single_image image=\u00bb6309&#8243; img_size=\u00bb1900&#215;500&#8243; css=\u00bb\u00bb][\/vc_column][\/vc_row][vc_row css=\u00bb.vc_custom_1518793010936{background-color: #e8e8e8 !important;}\u00bb][vc_column][\/vc_column][\/vc_row][vc_row css=\u00bb.vc_custom_1518793247440{background-color: #ffffff !important;}\u00bb][vc_column][\/vc_column][\/vc_row][vc_row css=\u00bb.vc_custom_1519048199475{background-color: #e8e8e8 !important;}\u00bb][vc_column][\/vc_column][\/vc_row][vc_row][vc_column][\/vc_column][\/vc_row][vc_row css=\u00bb.vc_custom_1718372753752{background-color: #e8e8e8 !important;}\u00bb][vc_column][\/vc_column][\/vc_row][vc_row][vc_column][vc_gmaps link=\u00bb#E-8_JTNDaWZyYW1lJTIwc3JjJTNEJTIyaHR0cHMlM0ElMkYlMkZ3d3cuZ29vZ2xlLmNvbSUyRm1hcHMlMkZlbWJlZCUzRnBiJTNEJTIxMW0xOCUyMTFtMTIlMjExbTMlMjExZDE1NjkuNjMwNzgwMjA5NDAxJTIxMmQ3LjcxMzU0NTA2OTEyMzY0NSUyMTNkNDguNTc1NDk4MTQxMzc3NDMlMjEybTMlMjExZjAlMjEyZjAlMjEzZjAlMjEzbTIlMjExaTEwMjQlMjEyaTc2OCUyMTRmMTMuMSUyMTNtMyUyMTFtMiUyMTFzMHg0Nzk2YzlkMTcxMTEzMDU3JTI1M0EweDdjYzAwNGIzMDJiYzRiNDUlMjEyc0NhbXBpbmclMkJkZSUyQlN0cmFzYm91cmclMjE1ZTAlMjEzbTIlMjExc2ZyJTIxMnNmciUyMTR2MTUxOTA1OTYyMDEyMiUyMiUyMHdpZHRoJTNEJTIyNjAwJTIyJTIwaGVpZ2h0JTNEJTIyNDUwJTIyJTIwZnJhbWVib3JkZXIlM0QlMjIwJTIyJTIwc3R5bGUlM0QlMjJib3JkZXIlM0EwJTIyJTIwYWxsb3dmdWxsc2NyZWVuJTNFJTNDJTJGaWZyYW1lJTNF\u00bb][\/vc_column][\/vc_row]<\/p>\n","protected":false},"author":1,"featured_media":0,"parent":0,"menu_order":0,"comment_status":"closed","ping_status":"closed","template":"","meta":{"footnotes":""},"class_list":["post-811","page","type-page","status-publish","hentry"],"yoast_head":"<!-- This site is optimized with the Yoast SEO plugin v25.6 - https:\/\/yoast.com\/wordpress\/plugins\/seo\/ -->\n<title>Descubra Estrasburgo y su regi\u00f3n - Camping de Strasbourg<\/title>\n<meta name=\"description\" content=\"El camping de Strasbourg est\u00e1 situado a solo 3 km del centro hist\u00f3rico y es una base ideal para explorar la capital de Alsacia y su regi\u00f3n. Sus pueblos con casas de entramado de madera, su gastronom\u00eda, sus vinos de Alsacia, la famosa catedral de Estrasburgo, hay algo para todos los gustos.\" \/>\n<meta name=\"robots\" content=\"index, follow, max-snippet:-1, max-image-preview:large, max-video-preview:-1\" \/>\n<link rel=\"canonical\" href=\"https:\/\/www.camping-strasbourg.com\/es\/region\/\" \/>\n<meta property=\"og:locale\" content=\"es_ES\" \/>\n<meta property=\"og:type\" content=\"article\" \/>\n<meta property=\"og:title\" content=\"Descubra Estrasburgo y su regi\u00f3n - Camping de Strasbourg\" \/>\n<meta property=\"og:description\" content=\"El camping de Strasbourg est\u00e1 situado a solo 3 km del centro hist\u00f3rico y es una base ideal para explorar la capital de Alsacia y su regi\u00f3n. Sus pueblos con casas de entramado de madera, su gastronom\u00eda, sus vinos de Alsacia, la famosa catedral de Estrasburgo, hay algo para todos los gustos.\" \/>\n<meta property=\"og:url\" content=\"https:\/\/www.camping-strasbourg.com\/es\/region\/\" \/>\n<meta property=\"og:site_name\" content=\"Camping de Strasbourg\" \/>\n<meta property=\"article:modified_time\" content=\"2025-03-04T11:52:52+00:00\" \/>\n<meta name=\"twitter:card\" content=\"summary_large_image\" \/>\n<meta name=\"twitter:label1\" content=\"Est. reading time\" \/>\n\t<meta name=\"twitter:data1\" content=\"9 minutos\" \/>\n<script type=\"application\/ld+json\" class=\"yoast-schema-graph\">{\"@context\":\"https:\/\/schema.org\",\"@graph\":[{\"@type\":\"WebPage\",\"@id\":\"https:\/\/www.camping-strasbourg.com\/es\/region\/\",\"url\":\"https:\/\/www.camping-strasbourg.com\/es\/region\/\",\"name\":\"Descubra Estrasburgo y su regi\u00f3n - Camping de Strasbourg\",\"isPartOf\":{\"@id\":\"https:\/\/www.camping-strasbourg.com\/es\/#website\"},\"datePublished\":\"2018-02-02T10:59:46+00:00\",\"dateModified\":\"2025-03-04T11:52:52+00:00\",\"description\":\"El camping de Strasbourg est\u00e1 situado a solo 3 km del centro hist\u00f3rico y es una base ideal para explorar la capital de Alsacia y su regi\u00f3n. Sus pueblos con casas de entramado de madera, su gastronom\u00eda, sus vinos de Alsacia, la famosa catedral de Estrasburgo, hay algo para todos los gustos.\",\"breadcrumb\":{\"@id\":\"https:\/\/www.camping-strasbourg.com\/es\/region\/#breadcrumb\"},\"inLanguage\":\"es\",\"potentialAction\":[{\"@type\":\"ReadAction\",\"target\":[\"https:\/\/www.camping-strasbourg.com\/es\/region\/\"]}]},{\"@type\":\"BreadcrumbList\",\"@id\":\"https:\/\/www.camping-strasbourg.com\/es\/region\/#breadcrumb\",\"itemListElement\":[{\"@type\":\"ListItem\",\"position\":1,\"name\":\"Accueil\",\"item\":\"https:\/\/www.camping-strasbourg.com\/es\/\"},{\"@type\":\"ListItem\",\"position\":2,\"name\":\"R\u00e9gion\"}]},{\"@type\":\"WebSite\",\"@id\":\"https:\/\/www.camping-strasbourg.com\/es\/#website\",\"url\":\"https:\/\/www.camping-strasbourg.com\/es\/\",\"name\":\"Camping de Strasbourg\",\"description\":\"Un site utilisant Citykamp\",\"potentialAction\":[{\"@type\":\"SearchAction\",\"target\":{\"@type\":\"EntryPoint\",\"urlTemplate\":\"https:\/\/www.camping-strasbourg.com\/es\/?s={search_term_string}\"},\"query-input\":{\"@type\":\"PropertyValueSpecification\",\"valueRequired\":true,\"valueName\":\"search_term_string\"}}],\"inLanguage\":\"es\"}]}<\/script>\n<!-- \/ Yoast SEO plugin. -->","yoast_head_json":{"title":"Descubra Estrasburgo y su regi\u00f3n - Camping de Strasbourg","description":"El camping de Strasbourg est\u00e1 situado a solo 3 km del centro hist\u00f3rico y es una base ideal para explorar la capital de Alsacia y su regi\u00f3n. Sus pueblos con casas de entramado de madera, su gastronom\u00eda, sus vinos de Alsacia, la famosa catedral de Estrasburgo, hay algo para todos los gustos.","robots":{"index":"index","follow":"follow","max-snippet":"max-snippet:-1","max-image-preview":"max-image-preview:large","max-video-preview":"max-video-preview:-1"},"canonical":"https:\/\/www.camping-strasbourg.com\/es\/region\/","og_locale":"es_ES","og_type":"article","og_title":"Descubra Estrasburgo y su regi\u00f3n - Camping de Strasbourg","og_description":"El camping de Strasbourg est\u00e1 situado a solo 3 km del centro hist\u00f3rico y es una base ideal para explorar la capital de Alsacia y su regi\u00f3n. Sus pueblos con casas de entramado de madera, su gastronom\u00eda, sus vinos de Alsacia, la famosa catedral de Estrasburgo, hay algo para todos los gustos.","og_url":"https:\/\/www.camping-strasbourg.com\/es\/region\/","og_site_name":"Camping de Strasbourg","article_modified_time":"2025-03-04T11:52:52+00:00","twitter_card":"summary_large_image","twitter_misc":{"Est. reading time":"9 minutos"},"schema":{"@context":"https:\/\/schema.org","@graph":[{"@type":"WebPage","@id":"https:\/\/www.camping-strasbourg.com\/es\/region\/","url":"https:\/\/www.camping-strasbourg.com\/es\/region\/","name":"Descubra Estrasburgo y su regi\u00f3n - Camping de Strasbourg","isPartOf":{"@id":"https:\/\/www.camping-strasbourg.com\/es\/#website"},"datePublished":"2018-02-02T10:59:46+00:00","dateModified":"2025-03-04T11:52:52+00:00","description":"El camping de Strasbourg est\u00e1 situado a solo 3 km del centro hist\u00f3rico y es una base ideal para explorar la capital de Alsacia y su regi\u00f3n. Sus pueblos con casas de entramado de madera, su gastronom\u00eda, sus vinos de Alsacia, la famosa catedral de Estrasburgo, hay algo para todos los gustos.","breadcrumb":{"@id":"https:\/\/www.camping-strasbourg.com\/es\/region\/#breadcrumb"},"inLanguage":"es","potentialAction":[{"@type":"ReadAction","target":["https:\/\/www.camping-strasbourg.com\/es\/region\/"]}]},{"@type":"BreadcrumbList","@id":"https:\/\/www.camping-strasbourg.com\/es\/region\/#breadcrumb","itemListElement":[{"@type":"ListItem","position":1,"name":"Accueil","item":"https:\/\/www.camping-strasbourg.com\/es\/"},{"@type":"ListItem","position":2,"name":"R\u00e9gion"}]},{"@type":"WebSite","@id":"https:\/\/www.camping-strasbourg.com\/es\/#website","url":"https:\/\/www.camping-strasbourg.com\/es\/","name":"Camping de Strasbourg","description":"Un site utilisant Citykamp","potentialAction":[{"@type":"SearchAction","target":{"@type":"EntryPoint","urlTemplate":"https:\/\/www.camping-strasbourg.com\/es\/?s={search_term_string}"},"query-input":{"@type":"PropertyValueSpecification","valueRequired":true,"valueName":"search_term_string"}}],"inLanguage":"es"}]}},"_links":{"self":[{"href":"https:\/\/www.camping-strasbourg.com\/es\/wp-json\/wp\/v2\/pages\/811","targetHints":{"allow":["GET"]}}],"collection":[{"href":"https:\/\/www.camping-strasbourg.com\/es\/wp-json\/wp\/v2\/pages"}],"about":[{"href":"https:\/\/www.camping-strasbourg.com\/es\/wp-json\/wp\/v2\/types\/page"}],"author":[{"embeddable":true,"href":"https:\/\/www.camping-strasbourg.com\/es\/wp-json\/wp\/v2\/users\/1"}],"replies":[{"embeddable":true,"href":"https:\/\/www.camping-strasbourg.com\/es\/wp-json\/wp\/v2\/comments?post=811"}],"version-history":[{"count":4,"href":"https:\/\/www.camping-strasbourg.com\/es\/wp-json\/wp\/v2\/pages\/811\/revisions"}],"predecessor-version":[{"id":6317,"href":"https:\/\/www.camping-strasbourg.com\/es\/wp-json\/wp\/v2\/pages\/811\/revisions\/6317"}],"wp:attachment":[{"href":"https:\/\/www.camping-strasbourg.com\/es\/wp-json\/wp\/v2\/media?parent=811"}],"curies":[{"name":"wp","href":"https:\/\/api.w.org\/{rel}","templated":true}]}}