{"id":674,"date":"2018-02-02T11:59:46","date_gmt":"2018-02-02T10:59:46","guid":{"rendered":"http:\/\/www.camping-strasbourg.com\/nl\/region\/"},"modified":"2025-03-04T12:49:36","modified_gmt":"2025-03-04T11:49:36","slug":"regio","status":"publish","type":"page","link":"https:\/\/www.camping-strasbourg.com\/nl\/regio\/","title":{"rendered":"R\u00e9gion"},"content":{"rendered":"<div class=\"wpb-content-wrapper\"><p>[vc_row][vc_column][vc_single_image image=&#8221;6305&#8243; img_size=&#8221;1900&#215;500&#8243; css=&#8221;&#8221;]<div class=\"wrappedcontent\">[vc_column_text]<\/p>\n<h3>Straatsburg als Europese hoofdstad!<\/h3>\n<p>Camping de Strasbourg, ligt op slechts 3 km van het historische centrum en is de ideale verblijfsplaats om op ontdekking te gaan in Straatsburg, te voet of op de fiets lang de fietspaden vanaf de camping. Het toeristische informatiepunt van de camping bevindt zicht bij de receptie.<br \/>\nOnze medewerkers geven u alle &#8220;goede adresjes&#8221; voor restaurants en geven advies voor een avontuurlijk bezoek aan Straatsburg het hele jaar door![\/vc_column_text][vc_row_inner gap=&#8221;35&#8243; css=&#8221;.vc_custom_1718008789247{margin-left: -0.5px !important;}&#8221;][vc_column_inner][vc_masonry_media_grid element_width=&#8221;12&#8243; gap=&#8221;25&#8243; item=&#8221;197&#8243; grid_id=&#8221;vc_gid:1741089023603-f6215a0f-620c-3&#8243; include=&#8221;1865&#8243;][\/vc_column_inner][\/vc_row_inner][vc_empty_space height=&#8221;20px&#8221;]<div class=\"text-center btnwrap\"><a class=\"btn btn-huttopia-cta\" href=\"http:\/\/checkout.citykamp.com\/site\/nl\/907\" role=\"button\" target=\"\" onclick=\"dataLayer.push({'event':'clickCity', 'clickText':'Uw verblijf reserveren'})\">Uw verblijf reserveren<\/a><\/div><\/div>[\/vc_column][\/vc_row][vc_row css=&#8221;.vc_custom_1518793010936{background-color: #e8e8e8 !important;}&#8221;][vc_column]<div class=\"wrappedcontent\">[vc_row_inner gap=&#8221;25&#8243; css=&#8221;.vc_custom_1718008802511{margin-left: -0.5px !important;}&#8221;][vc_column_inner width=&#8221;1\/2&#8243;][vc_column_text]<\/p>\n<h4>Het &#8220;Grande-\u00cele&#8221;, dat onderdeel is van het UNESCO werelderfgoed<\/h4>\n<p align=\"justify\">Ontdek het historische centrum van de hoofdstad van de Elzas en de diversiteit van het zeldzame erfgoed. Bezoek de oude en pittoreske wijk la Petite France waar vroeger de leerlooiers en molenaars woonden. La Petite France heeft eenuniek architecturaal erfgoed met vakwerkhuizenen charmante kleine straatjes. Een bezoek dat u niet mag missen!<\/p>\n<p>[\/vc_column_text][\/vc_column_inner][vc_column_inner width=&#8221;1\/2&#8243;][vc_masonry_media_grid element_width=&#8221;12&#8243; gap=&#8221;25&#8243; grid_id=&#8221;vc_gid:1741089023607-5ae5cefb-ca6e-4&#8243; include=&#8221;1330&#8243;][\/vc_column_inner][\/vc_row_inner]<\/div>[\/vc_column][\/vc_row][vc_row css=&#8221;.vc_custom_1518793247440{background-color: #ffffff !important;}&#8221;][vc_column]<div class=\"wrappedcontent\">[vc_row_inner gap=&#8221;25&#8243; css=&#8221;.vc_custom_1718008807966{margin-left: -0.5px !important;}&#8221;][vc_column_inner width=&#8221;1\/2&#8243;][vc_single_image image=&#8221;1450&#8243; img_size=&#8221;full&#8221;][\/vc_column_inner][vc_column_inner width=&#8221;1\/2&#8243;][vc_column_text]<\/p>\n<h4>De kathedraal Notre-Dame en het stadscentrum<\/h4>\n<p align=\"justify\">Bewonder de indrukwekkende Kathedraal Notre-Dame met een hoogte van 142 meter, een must! U hebt toegang tot het platform op 66 m hoogte voor een prachtig panoramisch uitzicht op de stad.<\/p>\n<p align=\"justify\">Goede tip: gratis toegang de eerste zondag van elke maand.<\/p>\n<p align=\"justify\">Het hart van de stad rond de kathedraal heeft ook mooie bezienswaardigheden zoals maison Kammerzell, dat een van de bekendste gebouwen van Straatsburg is. Bewonder dit oude koopmanshuis in renaissance stijl dat tegenwoordig een bekend restaurant huisvest.<\/p>\n<p align=\"justify\">Ontdek ook de talloze straatjes en bekende pleinen zoals het place du Ch\u00e2teau met het Paleis Rohan, maar ook het Gutenbergplein, hetKl\u00e9berplein, het plein van de March\u00e9-aux-cochons-de-lait\u2026<\/p>\n<p>[\/vc_column_text][\/vc_column_inner][\/vc_row_inner]<\/div>[\/vc_column][\/vc_row][vc_row css=&#8221;.vc_custom_1519048199475{background-color: #e8e8e8 !important;}&#8221;][vc_column]<div class=\"wrappedcontent\">[vc_row_inner gap=&#8221;35&#8243; css=&#8221;.vc_custom_1718008816095{margin-left: -0.5px !important;}&#8221;][vc_column_inner width=&#8221;1\/3&#8243;][vc_masonry_media_grid element_width=&#8221;12&#8243; item=&#8221;184&#8243; grid_id=&#8221;vc_gid:1741089023610-6203cbcd-1f14-8&#8243; include=&#8221;1850&#8243;][vc_column_text]Straatsburg als Europese hoofdstad is het symbool van de hereniging tussen de volkeren en de toekomst van Europa. Ontdek de Europese wijkdie door de jaren heen blijft groeien en nu enkele monumenten met een eigentijdse achitectuuromvat.<br \/>\nBezoek het Paleis van Europa, de zetel van de Raad van Europa, het Hof van de rechten van de Mens en het Europees Parlement.[\/vc_column_text][\/vc_column_inner][vc_column_inner width=&#8221;1\/3&#8243;][vc_masonry_media_grid element_width=&#8221;12&#8243; item=&#8221;184&#8243; grid_id=&#8221;vc_gid:1741089023612-f5042753-a07f-0&#8243; include=&#8221;1845&#8243;][vc_column_text]Breng ook een bezoek aan de Duitse keizerlijke wijk en de imposante gebouwen die aan het einde van de 19e eeuw zijn gebouw ter eer en glorie van de Kaiser. Ontdek de Duitse invloed die zich bij de Franse voegt en van Straatsburg een unieke stad maakt. Dit mag u niet missen: de Place de la R\u00e9publique, het Paleis van de Rijn, De nationale bibliotheek en de Universiteit, het Nationaal theater van Straatsburg\u2026[\/vc_column_text][\/vc_column_inner][vc_column_inner width=&#8221;1\/3&#8243;][vc_masonry_media_grid element_width=&#8221;12&#8243; item=&#8221;184&#8243; grid_id=&#8221;vc_gid:1741089023615-4082fd44-c52d-9&#8243; include=&#8221;1840&#8243;][vc_column_text]Een bezoek aan Straatsburg is ook flaneren langs de oevers van de Ill waar u de Oude douane of deCour du Corbeau ontdekt. Het is ook genieten van de vele parken en tuinen: de botanische tuin in een groen kader, het park van de Orangerie en de ooievaars\u2026[\/vc_column_text][\/vc_column_inner][\/vc_row_inner]<\/div>[\/vc_column][\/vc_row][vc_row][vc_column]<div class=\"wrappedcontent\">[vc_row_inner gap=&#8221;35&#8243; css=&#8221;.vc_custom_1718008822807{margin-left: -0.5px !important;}&#8221;][vc_column_inner width=&#8221;1\/2&#8243;][vc_masonry_media_grid element_width=&#8221;12&#8243; item=&#8221;184&#8243; grid_id=&#8221;vc_gid:1741089023619-c3107e97-2cb7-5&#8243; include=&#8221;1835&#8243;][vc_column_text]Straatsburg heeft ook cultureel veel te bieden zoals musea: het Mus\u00e9e Alsacien, het Paleis Rohan(archeologisch museum, decoratieve kunst museum, museum voor schone kunsten), het Museum voor Moderne en Eigentijdse Kunst, het Historisch museum van de stad Straatsburg\u2026<\/p>\n<p><em>Goede cultuur tip: de hoofdstad van de Elzas opent gratis de deuren van haar musea op de eerste zondag van elke maand van 10.00 tot 18.00 uur.<\/em>[\/vc_column_text][\/vc_column_inner][vc_column_inner width=&#8221;1\/2&#8243;][vc_masonry_media_grid element_width=&#8221;12&#8243; item=&#8221;184&#8243; grid_id=&#8221;vc_gid:1741089023622-ab110ea1-49f6-10&#8243; include=&#8221;1830&#8243;][vc_column_text]U moet even binnenlopen in een van de tallozewinstubs, een traditionele taverne met een gezellige, warme sfeer waar allerlei soorten specialiteiten uit de Elzas geproefd kunnen worden. Maak kennis met of proef opnieuw van onder andere: zuurkool, baeckeoffe, flammekueche,Fleischknepfle (vleesballetjes), Spaetzle, bretzel \u2026 en natuurlijk het bier en de wijnen uit de Elzas.[\/vc_column_text][\/vc_column_inner][\/vc_row_inner]<\/div>[\/vc_column][\/vc_row][vc_row css=&#8221;.vc_custom_1718372634115{background-color: #e8e8e8 !important;}&#8221;][vc_column]<div class=\"wrappedcontent\">[vc_column_text]<\/p>\n<h4 style=\"text-align: center;\"><span style=\"color: #333333;\">\u2014<\/span> Straatsburg, Kersthoofdstad<span style=\"color: #333333;\">\u00a0\u2014<\/span><\/h4>\n<p>[\/vc_column_text][vc_empty_space height=&#8221;40px&#8221;][vc_row_inner gap=&#8221;35&#8243; css=&#8221;.vc_custom_1718008796246{margin-left: -0.5px !important;}&#8221;][vc_column_inner width=&#8221;1\/2&#8243;][vc_masonry_media_grid element_width=&#8221;12&#8243; gap=&#8221;25&#8243; item=&#8221;184&#8243; grid_id=&#8221;vc_gid:1741089023624-dd6b45fc-0ac5-0&#8243; include=&#8221;1860&#8243;][\/vc_column_inner][vc_column_inner width=&#8221;1\/2&#8243;][vc_masonry_media_grid element_width=&#8221;12&#8243; gap=&#8221;25&#8243; item=&#8221;184&#8243; grid_id=&#8221;vc_gid:1741089023626-c1c39960-02cd-8&#8243; include=&#8221;1855&#8243;][\/vc_column_inner][\/vc_row_inner][vc_column_text]Kerstmis in Straatsburg\u2026 Magisch, fee\u00ebriek\u2026 woorden schieten tekort om de sfeer te beschrijven die er in deze periode van het jaar heerst. Ontdek de oudste kerstmarkt van Europa, gecre\u00eberd in 1570. In december gaan bij het vallen van de nacht de lichtjes aan en wordt dit de meest verlichte stad van Europa. Ontdek in de unieke sfeer, de markten, de geur van warme wijn, de lichtdecoraties, de gedecoreerde huizen, de enorme kerstboom op het Kl\u00e9berplein\u2026 en vergeet niet te proeven van de heerlijke kleine kerstkoekjes, de Bredele. Een feestelijk moment van samen zijn en delen voor groot en klein.[\/vc_column_text][vc_empty_space height=&#8221;20px&#8221;]<div class=\"text-center btnwrap\"><a class=\"btn btn-huttopia-cta\" href=\"http:\/\/checkout.citykamp.com\/site\/nl\/907\" role=\"button\" target=\"\" onclick=\"dataLayer.push({'event':'clickCity', 'clickText':'Uw verblijf reserveren'})\">Uw verblijf reserveren<\/a><\/div><\/div>[\/vc_column][\/vc_row][vc_row][vc_column]<div class=\"wrappedcontent\">[vc_column_text]<\/p>\n<h4>Fotogalerij<\/h4>\n<p>[\/vc_column_text][vc_empty_space height=&#8221;18px&#8221;][vc_masonry_media_grid style=&#8221;load-more&#8221; items_per_page=&#8221;4&#8243; element_width=&#8221;3&#8243; gap=&#8221;10&#8243; item=&#8221;1053&#8243; btn_title=&#8221;MEER ZIEN&#8221; btn_style=&#8221;custom&#8221; btn_custom_background=&#8221;#e84e1b&#8221; btn_custom_text=&#8221;#ffffff&#8221; btn_shape=&#8221;square&#8221; btn_i_icon_fontawesome=&#8221;fa fa-camera&#8221; btn_add_icon=&#8221;true&#8221; grid_id=&#8221;vc_gid:1741089023628-f3e9d0c4-8558-1&#8243; include=&#8221;4584,2535,2570,4578,2545,2550,2560,2555,2540,2565,2575&#8243;]<\/div>[vc_gmaps link=&#8221;#E-8_JTNDaWZyYW1lJTIwc3JjJTNEJTIyaHR0cHMlM0ElMkYlMkZ3d3cuZ29vZ2xlLmNvbSUyRm1hcHMlMkZlbWJlZCUzRnBiJTNEJTIxMW0xOCUyMTFtMTIlMjExbTMlMjExZDE1NjkuNjMwNzgwMjA5NDAxJTIxMmQ3LjcxMzU0NTA2OTEyMzY0NSUyMTNkNDguNTc1NDk4MTQxMzc3NDMlMjEybTMlMjExZjAlMjEyZjAlMjEzZjAlMjEzbTIlMjExaTEwMjQlMjEyaTc2OCUyMTRmMTMuMSUyMTNtMyUyMTFtMiUyMTFzMHg0Nzk2YzlkMTcxMTEzMDU3JTI1M0EweDdjYzAwNGIzMDJiYzRiNDUlMjEyc0NhbXBpbmclMkJkZSUyQlN0cmFzYm91cmclMjE1ZTAlMjEzbTIlMjExc2ZyJTIxMnNmciUyMTR2MTUxOTA1OTYyMDEyMiUyMiUyMHdpZHRoJTNEJTIyNjAwJTIyJTIwaGVpZ2h0JTNEJTIyNDUwJTIyJTIwZnJhbWVib3JkZXIlM0QlMjIwJTIyJTIwc3R5bGUlM0QlMjJib3JkZXIlM0EwJTIyJTIwYWxsb3dmdWxsc2NyZWVuJTNFJTNDJTJGaWZyYW1lJTNF&#8221;][\/vc_column][\/vc_row]<\/p>\n<\/div>","protected":false},"excerpt":{"rendered":"<p>[vc_row][vc_column][vc_single_image image=&#8221;6305&#8243; img_size=&#8221;1900&#215;500&#8243; css=&#8221;&#8221;][\/vc_column][\/vc_row][vc_row css=&#8221;.vc_custom_1518793010936{background-color: #e8e8e8 !important;}&#8221;][vc_column][\/vc_column][\/vc_row][vc_row css=&#8221;.vc_custom_1518793247440{background-color: #ffffff !important;}&#8221;][vc_column][\/vc_column][\/vc_row][vc_row css=&#8221;.vc_custom_1519048199475{background-color: #e8e8e8 !important;}&#8221;][vc_column][\/vc_column][\/vc_row][vc_row][vc_column][\/vc_column][\/vc_row][vc_row css=&#8221;.vc_custom_1718372634115{background-color: #e8e8e8 !important;}&#8221;][vc_column][\/vc_column][\/vc_row][vc_row][vc_column][vc_gmaps link=&#8221;#E-8_JTNDaWZyYW1lJTIwc3JjJTNEJTIyaHR0cHMlM0ElMkYlMkZ3d3cuZ29vZ2xlLmNvbSUyRm1hcHMlMkZlbWJlZCUzRnBiJTNEJTIxMW0xOCUyMTFtMTIlMjExbTMlMjExZDE1NjkuNjMwNzgwMjA5NDAxJTIxMmQ3LjcxMzU0NTA2OTEyMzY0NSUyMTNkNDguNTc1NDk4MTQxMzc3NDMlMjEybTMlMjExZjAlMjEyZjAlMjEzZjAlMjEzbTIlMjExaTEwMjQlMjEyaTc2OCUyMTRmMTMuMSUyMTNtMyUyMTFtMiUyMTFzMHg0Nzk2YzlkMTcxMTEzMDU3JTI1M0EweDdjYzAwNGIzMDJiYzRiNDUlMjEyc0NhbXBpbmclMkJkZSUyQlN0cmFzYm91cmclMjE1ZTAlMjEzbTIlMjExc2ZyJTIxMnNmciUyMTR2MTUxOTA1OTYyMDEyMiUyMiUyMHdpZHRoJTNEJTIyNjAwJTIyJTIwaGVpZ2h0JTNEJTIyNDUwJTIyJTIwZnJhbWVib3JkZXIlM0QlMjIwJTIyJTIwc3R5bGUlM0QlMjJib3JkZXIlM0EwJTIyJTIwYWxsb3dmdWxsc2NyZWVuJTNFJTNDJTJGaWZyYW1lJTNF&#8221;][\/vc_column][\/vc_row]<\/p>\n","protected":false},"author":1,"featured_media":0,"parent":0,"menu_order":0,"comment_status":"closed","ping_status":"closed","template":"","meta":{"footnotes":""},"class_list":["post-674","page","type-page","status-publish","hentry"],"yoast_head":"<!-- This site is optimized with the Yoast SEO plugin v25.6 - https:\/\/yoast.com\/wordpress\/plugins\/seo\/ -->\n<title>Ontdek Straatsburg en zijn regio - Camping de Strasbourg<\/title>\n<meta name=\"description\" content=\"De camping de Strasbourg ligt op slechts 3 km van het historische centrum en is een ideale uitvalsbasis voor het verkennen van de Elzasser hoofdstad en de regio. De dorpen met vakwerkhuizen, de gastronomie, de wijnen van de Elzas, de beroemde kathedraal van Straatsburg, er is voor elk wat wils.\" \/>\n<meta name=\"robots\" content=\"index, follow, max-snippet:-1, max-image-preview:large, max-video-preview:-1\" \/>\n<link rel=\"canonical\" href=\"https:\/\/www.camping-strasbourg.com\/nl\/regio\/\" \/>\n<meta property=\"og:locale\" content=\"nl_NL\" \/>\n<meta property=\"og:type\" content=\"article\" \/>\n<meta property=\"og:title\" content=\"Ontdek Straatsburg en zijn regio - Camping de Strasbourg\" \/>\n<meta property=\"og:description\" content=\"De camping de Strasbourg ligt op slechts 3 km van het historische centrum en is een ideale uitvalsbasis voor het verkennen van de Elzasser hoofdstad en de regio. De dorpen met vakwerkhuizen, de gastronomie, de wijnen van de Elzas, de beroemde kathedraal van Straatsburg, er is voor elk wat wils.\" \/>\n<meta property=\"og:url\" content=\"https:\/\/www.camping-strasbourg.com\/nl\/regio\/\" \/>\n<meta property=\"og:site_name\" content=\"Camping de Strasbourg\" \/>\n<meta property=\"article:modified_time\" content=\"2025-03-04T11:49:36+00:00\" \/>\n<meta name=\"twitter:card\" content=\"summary_large_image\" \/>\n<meta name=\"twitter:label1\" content=\"Est. reading time\" \/>\n\t<meta name=\"twitter:data1\" content=\"9 minuten\" \/>\n<script type=\"application\/ld+json\" class=\"yoast-schema-graph\">{\"@context\":\"https:\/\/schema.org\",\"@graph\":[{\"@type\":\"WebPage\",\"@id\":\"https:\/\/www.camping-strasbourg.com\/nl\/regio\/\",\"url\":\"https:\/\/www.camping-strasbourg.com\/nl\/regio\/\",\"name\":\"Ontdek Straatsburg en zijn regio - Camping de Strasbourg\",\"isPartOf\":{\"@id\":\"https:\/\/www.camping-strasbourg.com\/nl\/#website\"},\"datePublished\":\"2018-02-02T10:59:46+00:00\",\"dateModified\":\"2025-03-04T11:49:36+00:00\",\"description\":\"De camping de Strasbourg ligt op slechts 3 km van het historische centrum en is een ideale uitvalsbasis voor het verkennen van de Elzasser hoofdstad en de regio. De dorpen met vakwerkhuizen, de gastronomie, de wijnen van de Elzas, de beroemde kathedraal van Straatsburg, er is voor elk wat wils.\",\"breadcrumb\":{\"@id\":\"https:\/\/www.camping-strasbourg.com\/nl\/regio\/#breadcrumb\"},\"inLanguage\":\"nl\",\"potentialAction\":[{\"@type\":\"ReadAction\",\"target\":[\"https:\/\/www.camping-strasbourg.com\/nl\/regio\/\"]}]},{\"@type\":\"BreadcrumbList\",\"@id\":\"https:\/\/www.camping-strasbourg.com\/nl\/regio\/#breadcrumb\",\"itemListElement\":[{\"@type\":\"ListItem\",\"position\":1,\"name\":\"Accueil\",\"item\":\"https:\/\/www.camping-strasbourg.com\/nl\/\"},{\"@type\":\"ListItem\",\"position\":2,\"name\":\"R\u00e9gion\"}]},{\"@type\":\"WebSite\",\"@id\":\"https:\/\/www.camping-strasbourg.com\/nl\/#website\",\"url\":\"https:\/\/www.camping-strasbourg.com\/nl\/\",\"name\":\"Camping de Strasbourg\",\"description\":\"Un site utilisant Citykamp\",\"potentialAction\":[{\"@type\":\"SearchAction\",\"target\":{\"@type\":\"EntryPoint\",\"urlTemplate\":\"https:\/\/www.camping-strasbourg.com\/nl\/?s={search_term_string}\"},\"query-input\":{\"@type\":\"PropertyValueSpecification\",\"valueRequired\":true,\"valueName\":\"search_term_string\"}}],\"inLanguage\":\"nl\"}]}<\/script>\n<!-- \/ Yoast SEO plugin. -->","yoast_head_json":{"title":"Ontdek Straatsburg en zijn regio - Camping de Strasbourg","description":"De camping de Strasbourg ligt op slechts 3 km van het historische centrum en is een ideale uitvalsbasis voor het verkennen van de Elzasser hoofdstad en de regio. De dorpen met vakwerkhuizen, de gastronomie, de wijnen van de Elzas, de beroemde kathedraal van Straatsburg, er is voor elk wat wils.","robots":{"index":"index","follow":"follow","max-snippet":"max-snippet:-1","max-image-preview":"max-image-preview:large","max-video-preview":"max-video-preview:-1"},"canonical":"https:\/\/www.camping-strasbourg.com\/nl\/regio\/","og_locale":"nl_NL","og_type":"article","og_title":"Ontdek Straatsburg en zijn regio - Camping de Strasbourg","og_description":"De camping de Strasbourg ligt op slechts 3 km van het historische centrum en is een ideale uitvalsbasis voor het verkennen van de Elzasser hoofdstad en de regio. De dorpen met vakwerkhuizen, de gastronomie, de wijnen van de Elzas, de beroemde kathedraal van Straatsburg, er is voor elk wat wils.","og_url":"https:\/\/www.camping-strasbourg.com\/nl\/regio\/","og_site_name":"Camping de Strasbourg","article_modified_time":"2025-03-04T11:49:36+00:00","twitter_card":"summary_large_image","twitter_misc":{"Est. reading time":"9 minuten"},"schema":{"@context":"https:\/\/schema.org","@graph":[{"@type":"WebPage","@id":"https:\/\/www.camping-strasbourg.com\/nl\/regio\/","url":"https:\/\/www.camping-strasbourg.com\/nl\/regio\/","name":"Ontdek Straatsburg en zijn regio - Camping de Strasbourg","isPartOf":{"@id":"https:\/\/www.camping-strasbourg.com\/nl\/#website"},"datePublished":"2018-02-02T10:59:46+00:00","dateModified":"2025-03-04T11:49:36+00:00","description":"De camping de Strasbourg ligt op slechts 3 km van het historische centrum en is een ideale uitvalsbasis voor het verkennen van de Elzasser hoofdstad en de regio. De dorpen met vakwerkhuizen, de gastronomie, de wijnen van de Elzas, de beroemde kathedraal van Straatsburg, er is voor elk wat wils.","breadcrumb":{"@id":"https:\/\/www.camping-strasbourg.com\/nl\/regio\/#breadcrumb"},"inLanguage":"nl","potentialAction":[{"@type":"ReadAction","target":["https:\/\/www.camping-strasbourg.com\/nl\/regio\/"]}]},{"@type":"BreadcrumbList","@id":"https:\/\/www.camping-strasbourg.com\/nl\/regio\/#breadcrumb","itemListElement":[{"@type":"ListItem","position":1,"name":"Accueil","item":"https:\/\/www.camping-strasbourg.com\/nl\/"},{"@type":"ListItem","position":2,"name":"R\u00e9gion"}]},{"@type":"WebSite","@id":"https:\/\/www.camping-strasbourg.com\/nl\/#website","url":"https:\/\/www.camping-strasbourg.com\/nl\/","name":"Camping de Strasbourg","description":"Un site utilisant Citykamp","potentialAction":[{"@type":"SearchAction","target":{"@type":"EntryPoint","urlTemplate":"https:\/\/www.camping-strasbourg.com\/nl\/?s={search_term_string}"},"query-input":{"@type":"PropertyValueSpecification","valueRequired":true,"valueName":"search_term_string"}}],"inLanguage":"nl"}]}},"_links":{"self":[{"href":"https:\/\/www.camping-strasbourg.com\/nl\/wp-json\/wp\/v2\/pages\/674","targetHints":{"allow":["GET"]}}],"collection":[{"href":"https:\/\/www.camping-strasbourg.com\/nl\/wp-json\/wp\/v2\/pages"}],"about":[{"href":"https:\/\/www.camping-strasbourg.com\/nl\/wp-json\/wp\/v2\/types\/page"}],"author":[{"embeddable":true,"href":"https:\/\/www.camping-strasbourg.com\/nl\/wp-json\/wp\/v2\/users\/1"}],"replies":[{"embeddable":true,"href":"https:\/\/www.camping-strasbourg.com\/nl\/wp-json\/wp\/v2\/comments?post=674"}],"version-history":[{"count":5,"href":"https:\/\/www.camping-strasbourg.com\/nl\/wp-json\/wp\/v2\/pages\/674\/revisions"}],"predecessor-version":[{"id":6313,"href":"https:\/\/www.camping-strasbourg.com\/nl\/wp-json\/wp\/v2\/pages\/674\/revisions\/6313"}],"wp:attachment":[{"href":"https:\/\/www.camping-strasbourg.com\/nl\/wp-json\/wp\/v2\/media?parent=674"}],"curies":[{"name":"wp","href":"https:\/\/api.w.org\/{rel}","templated":true}]}}